{"id":36230,"date":"2025-02-01T16:12:00","date_gmt":"2025-02-01T15:12:00","guid":{"rendered":"http:\/\/litepack.ch\/?post_type=product&#038;p=36230"},"modified":"2026-02-22T20:19:23","modified_gmt":"2026-02-22T19:19:23","slug":"zpacks-arc-haul-ultraepx-60l-rucksack","status":"publish","type":"product","link":"https:\/\/litepack.ch\/en\/product\/zpacks-arc-haul-ultraepx-60l-rucksack\/","title":{"rendered":"Zpacks Arc Haul UltraEPX 60L Rucksack"},"content":{"rendered":"<ul>\n<li>Ultra 100X-Gewebe besteht aus einem gewebten Ultra-High-Molecular-Weight-Polyethylen- (UHMWPE) Oberstoff, der mit einer wasserdichten R\u00fcckseite laminiert ist. Ultra-Gewebe bietet eine extrem hohe Abrieb- und Rei\u00dffestigkeit und ist das st\u00e4rkste Gewebe, das wir anbieten.<\/li>\n<li>Ultra-Gewebe ist nicht mit DWR oder anderen Chemikalien beschichtet und ist <a href=\"https:\/\/litepack.ch\/en\/pfas-chemikalien\/\" data-internallinksmanager029f6b8e52c=\"4\" title=\"PFAS Free\">PFAS<\/a>-frei.<\/li>\n<li>F\u00fcr einen Farbakzent haben wir ein Panel aus Ecopak EPX 200 hinzugef\u00fcgt. Das Gewebe besteht zu 100 % aus recycelten Komponenten, ist wasserdicht, verf\u00fcgt \u00fcber eine C0-DWR-Beschichtung und eine 70-Denier-Ripstop-R\u00fcckseite f\u00fcr besseren Halt der N\u00e4hte und \u00fcberlegene Festigkeit.<\/li>\n<li>Gebogene Carbonfaser-Air-Stays in Kombination mit einer Lycra-R\u00fcckwand schaffen einen Abstand zwischen Ihrem R\u00fccken und dem Rucksack. Der Luftspalt hilft, Ihren R\u00fccken k\u00fchl zu halten und verhindert gleichzeitig, dass Gegenst\u00e4nde beim <a href=\"https:\/\/litepack.ch\/en\/pilgerreisen\/\" data-internallinksmanager029f6b8e52c=\"6\" title=\"Pilgerreisen\">Wandern<\/a> an Ihnen reiben.<\/li>\n<li>Obwohl der Rucksack eine gute Wasserbest\u00e4ndigkeit bietet, hat er keine versiegelten N\u00e4hte. Daher empfehlen wir dennoch die Verwendung von wasserdichten Beuteln oder eines Rucksackliners, um wichtige Gegenst\u00e4nde wie Kleidung und Schlafs\u00e4cke zu sch\u00fctzen.<\/li>\n<li>Er verf\u00fcgt \u00fcber einen Rolltop-Verschluss mit verst\u00e4rkter \u00d6ffnung, sodass Sie den Rucksack komprimieren k\u00f6nnen, wenn Ihre Ausr\u00fcstung weniger Platz einnimmt.<\/li>\n<li>Bequeme, gepolsterte Schultergurte mit einer Dicke von ca. 1 cm und einer Breite von ca. 7 cm sowie ein gepolsterter H\u00fcftgurt. Sowohl die Gurte als auch der H\u00fcftgurt verf\u00fcgen \u00fcber eine Daisy-Chain zur Befestigung von Gegenst\u00e4nden sowie einen in der Position verstellbaren Brustgurt. Die Unterseite der Gurte und des H\u00fcftgurts besteht aus 3D-Mesh, das zus\u00e4tzlichen Komfort bietet, w\u00e4hrend der H\u00fcftgurt f\u00fcr besseren Halt strukturiert ist.<\/li>\n<li>Die Seitentaschen sind so dimensioniert, dass sie 1- oder 1,5-Liter-Flaschen oder 2-Liter-Softblasen aufnehmen k\u00f6nnen. Sie sind niedrig am Rucksack angebracht und leicht nach vorne geneigt, sodass sie auch unterwegs zug\u00e4nglich sind, ohne den Rucksack abzunehmen. Die Taschen verf\u00fcgen \u00fcber Drainagel\u00f6cher am Boden und ein elastisches Band, das sie oben eng h\u00e4lt.<\/li>\n<li>Eine gro\u00dfe, dehnbare Netztasche in der Mitte eignet sich hervorragend f\u00fcr schnell zug\u00e4ngliche Gegenst\u00e4nde. Das Netz erm\u00f6glicht au\u00dferdem das Trocknen nasser Kleidung und bietet eine klare Sicht auf die Ausr\u00fcstung.<\/li>\n<li>Seitliche Kompressionsriemen aus nicht dehnbarem <a href=\"https:\/\/litepack.ch\/en\/material-zpacks\/\" data-internallinksmanager029f6b8e52c=\"1\" title=\"Material Zpacks\">Dyneema<\/a>\u00ae-Kordelmaterial helfen, das Volumen des Rucksacks zu reduzieren. Sie erm\u00f6glichen au\u00dferdem, gr\u00f6\u00dfere Gegenst\u00e4nde wie Trekkingst\u00f6cke oder einen Regenschirm in den Seitentaschen zu fixieren.<\/li>\n<li>Ein oberer Gurt sowie Bodenriemen erm\u00f6glichen das Befestigen zus\u00e4tzlicher Gegenst\u00e4nde oben oder unten am Rucksack. Die Riemen sind abnehmbar, falls sie nicht ben\u00f6tigt werden.<\/li>\n<li>Die 60L-Variante bietet genug Platz f\u00fcr 5\u20136 Tage Verpflegung und ultraleichte Ausr\u00fcstung. Der Rucksack kann mit dem Rolltop und den seitlichen Kompressionsriemen f\u00fcr kurze Touren verkleinert oder mit dem oberen und unteren Gurt f\u00fcr l\u00e4ngere Touren erweitert werden.<\/li>\n<li>Ein Trinkschlauch kann durch die Ecke des Rolltop-Verschlusses gef\u00fchrt und mit der Daisy-Chain am Schultergurt fixiert werden.<\/li>\n<li>Alle Standard-B\u00e4renkanister, einschlie\u00dflich des Bearikade Expedition und des BearVault 500, passen in die obere H\u00e4lfte dieses Rucksacks im aufrechten Zustand. Es bleibt gen\u00fcgend Platz, um eine Isomatte um den Kanister zu wickeln (falls eine genutzt wird) oder einen mittleren Packsack neben dem Kanister aufrecht zu platzieren.<\/li>\n<li>Die kurzen und mittleren Rahmen passen in das Handgep\u00e4ckfach eines Flugzeugs, wenn der Rucksack bis zum Rahmen zusammengerollt wird. Die gro\u00dfe Rahmenvariante passt m\u00f6glicherweise nicht, es sei denn, die vertikalen Rahmenstangen werden entfernt.<\/li>\n<li>Hergestellt in den USA.<\/li>\n<\/ul>","protected":false},"excerpt":{"rendered":"<p>Ultra 100X-Gewebe besteht aus einem gewebten Ultra-High-Molecular-Weight-Polyethylen- (UHMWPE) Oberstoff, der mit einer wasserdichten R\u00fcckseite laminiert ist. Ultra-Gewebe bietet eine extrem<\/p>","protected":false},"featured_media":36584,"comment_status":"open","ping_status":"closed","template":"","meta":[],"product_brand":[220],"product_cat":[20],"product_tag":[],"class_list":{"0":"post-36230","1":"product","2":"type-product","3":"status-publish","4":"has-post-thumbnail","6":"product_brand-zpacks","7":"product_cat-rucksaecke","8":"pa_hersteller-zpacks","10":"first","11":"instock","12":"taxable","13":"shipping-taxable","14":"purchasable","15":"product-type-variable"},"_links":{"self":[{"href":"https:\/\/litepack.ch\/en\/wp-json\/wp\/v2\/product\/36230","targetHints":{"allow":["GET"]}}],"collection":[{"href":"https:\/\/litepack.ch\/en\/wp-json\/wp\/v2\/product"}],"about":[{"href":"https:\/\/litepack.ch\/en\/wp-json\/wp\/v2\/types\/product"}],"replies":[{"embeddable":true,"href":"https:\/\/litepack.ch\/en\/wp-json\/wp\/v2\/comments?post=36230"}],"wp:featuredmedia":[{"embeddable":true,"href":"https:\/\/litepack.ch\/en\/wp-json\/wp\/v2\/media\/36584"}],"wp:attachment":[{"href":"https:\/\/litepack.ch\/en\/wp-json\/wp\/v2\/media?parent=36230"}],"wp:term":[{"taxonomy":"product_brand","embeddable":true,"href":"https:\/\/litepack.ch\/en\/wp-json\/wp\/v2\/product_brand?post=36230"},{"taxonomy":"product_cat","embeddable":true,"href":"https:\/\/litepack.ch\/en\/wp-json\/wp\/v2\/product_cat?post=36230"},{"taxonomy":"product_tag","embeddable":true,"href":"https:\/\/litepack.ch\/en\/wp-json\/wp\/v2\/product_tag?post=36230"}],"curies":[{"name":"wp","href":"https:\/\/api.w.org\/{rel}","templated":true}]}}