{"id":36034,"date":"2025-02-01T06:33:41","date_gmt":"2025-02-01T05:33:41","guid":{"rendered":"http:\/\/litepack.ch\/?post_type=product&#038;p=36034"},"modified":"2025-11-25T22:24:07","modified_gmt":"2025-11-25T21:24:07","slug":"zpacks-twin-quilt-7c-schlafsack","status":"publish","type":"product","link":"https:\/\/litepack.ch\/en\/product\/zpacks-twin-quilt-7c-schlafsack\/","title":{"rendered":"Zpacks Twin Quilt -7C Schlafsack"},"content":{"rendered":"<ul>\n<li><strong>Vollst\u00e4ndig wendbares Design<\/strong>, sodass du die Au\u00dfenfarbe nach Wunsch w\u00e4hlen kannst, Blau oder Schwarz.<\/li>\n<li><strong>Vertikale Kammern<\/strong> im oberen Bereich verhindern das Verrutschen der Daunen zur Seite. <strong>Eng platzierte F\u00e4cher<\/strong> sorgen f\u00fcr eine gleichm\u00e4\u00dfige Verteilung, sodass <strong>keine K\u00e4ltebr\u00fccken<\/strong> entstehen.<\/li>\n<li>Hergestellt aus <strong>verantwortungsvoll bezogener, &#8218;Responsible Down Standard&#8216;-zertifizierter DownTek <a href=\"https:\/\/litepack.ch\/en\/pfas-chemikalien\/\" data-internallinksmanager029f6b8e52c=\"4\" title=\"PFAS Free\">PFAS<\/a>-freier, wasserabweisender 900 Fill Power G\u00e4nsedaune<\/strong>, die <strong>90 % l\u00e4nger trocken bleibt<\/strong> als unbehandelte Daune.<\/li>\n<li>Jedes Fach ist mit <strong>30 % mehr 900 Fill Power DownTek wasserabweisender G\u00e4nsedaune<\/strong> \u00fcberf\u00fcllt als f\u00fcr die maximale Bauschkraft erforderlich, um zuk\u00fcnftige Daunenkompression auszugleichen.<\/li>\n<li>Unsere <strong>ger\u00e4umige, rechteckige Fu\u00dfbox<\/strong> bietet genug Platz f\u00fcr zwei Personen \u2013 egal ob ihr auf der Seite, dem Bauch oder dem R\u00fccken schlaft, mit entspannt ausgestreckten F\u00fc\u00dfen.<\/li>\n<li><strong>Schwarzes Innenfutter<\/strong> f\u00fcr <strong>schnelleres Trocknen<\/strong>.<\/li>\n<li>Sowohl das <strong>.51 oz\/sqyd <a href=\"https:\/\/litepack.ch\/en\/material-zpacks\/\" data-internallinksmanager029f6b8e52c=\"1\" title=\"Material Zpacks\">Ventum<\/a> Ripstop Nylon-Innenfutter<\/strong> als auch die Au\u00dfenh\u00fclle sind mit einer <strong><a href=\"https:\/\/litepack.ch\/en\/pfas-chemikalien\/\" data-internallinksmanager029f6b8e52c=\"4\" title=\"PFAS Free\">PFAS<\/a>-freien C0-DWR-Beschichtung<\/strong> versehen, um <strong>Regen und K\u00f6rperfeuchtigkeit<\/strong> abzuweisen. Die Materialien enthalten <strong>keine sch\u00e4dlichen Chemikalien<\/strong> wie Flammschutzmittel.<\/li>\n<li>Jeder Partner kann seinen <strong>seitlichen Bereich leicht aufdecken oder die F\u00fc\u00dfe heraustrecken<\/strong>, um die Temperatur zu regulieren.<\/li>\n<li>Dieser Schlafsack hat <strong>keine integrierte Kapuze<\/strong> \u2013 wir empfehlen das Tragen einer <strong>warmen M\u00fctze oder einer Daunenkapuze<\/strong>. Alternativ kann eine <strong>l\u00e4ngere Gr\u00f6\u00dfe<\/strong> gew\u00e4hlt werden, um den Schlafsack \u00fcber den Kopf zu ziehen.<\/li>\n<li>Ein <strong>Big Roll-Top-Trockensack<\/strong> ist im Lieferumfang enthalten und erh\u00f6ht das Gewicht um <strong>28g<\/strong>. Der Packsack l\u00e4sst sich <strong>zus\u00e4tzlich komprimieren<\/strong> und passt perfekt in alle <strong><a href=\"\/en\/hersteller\/zpacks\/\" data-internallinksmanager029f6b8e52c=\"2\" title=\"Zpacks\">Zpacks<\/a>-Rucks\u00e4cke<\/strong>.<\/li>\n<li>Hergestellt in den USA.<\/li>\n<\/ul>","protected":false},"excerpt":{"rendered":"<p>Vollst\u00e4ndig wendbares Design, sodass du die Au\u00dfenfarbe nach Wunsch w\u00e4hlen kannst, Blau oder Schwarz. Vertikale Kammern im oberen Bereich verhindern<\/p>","protected":false},"featured_media":36785,"comment_status":"open","ping_status":"closed","template":"","meta":[],"product_brand":[220],"product_cat":[178],"product_tag":[],"class_list":{"0":"post-36034","1":"product","2":"type-product","3":"status-publish","4":"has-post-thumbnail","6":"product_brand-zpacks","7":"product_cat-schlafsaecke","8":"pa_hersteller-zpacks","10":"first","11":"instock","12":"taxable","13":"shipping-taxable","14":"purchasable","15":"product-type-variable","16":"has-default-attributes"},"_links":{"self":[{"href":"https:\/\/litepack.ch\/en\/wp-json\/wp\/v2\/product\/36034","targetHints":{"allow":["GET"]}}],"collection":[{"href":"https:\/\/litepack.ch\/en\/wp-json\/wp\/v2\/product"}],"about":[{"href":"https:\/\/litepack.ch\/en\/wp-json\/wp\/v2\/types\/product"}],"replies":[{"embeddable":true,"href":"https:\/\/litepack.ch\/en\/wp-json\/wp\/v2\/comments?post=36034"}],"wp:featuredmedia":[{"embeddable":true,"href":"https:\/\/litepack.ch\/en\/wp-json\/wp\/v2\/media\/36785"}],"wp:attachment":[{"href":"https:\/\/litepack.ch\/en\/wp-json\/wp\/v2\/media?parent=36034"}],"wp:term":[{"taxonomy":"product_brand","embeddable":true,"href":"https:\/\/litepack.ch\/en\/wp-json\/wp\/v2\/product_brand?post=36034"},{"taxonomy":"product_cat","embeddable":true,"href":"https:\/\/litepack.ch\/en\/wp-json\/wp\/v2\/product_cat?post=36034"},{"taxonomy":"product_tag","embeddable":true,"href":"https:\/\/litepack.ch\/en\/wp-json\/wp\/v2\/product_tag?post=36034"}],"curies":[{"name":"wp","href":"https:\/\/api.w.org\/{rel}","templated":true}]}}