{"id":35944,"date":"2025-01-31T21:55:23","date_gmt":"2025-01-31T20:55:23","guid":{"rendered":"http:\/\/litepack.ch\/?post_type=product&#038;p=35944"},"modified":"2026-02-21T10:35:55","modified_gmt":"2026-02-21T09:35:55","slug":"zpacks-mummy-schlafsack","status":"publish","type":"product","link":"https:\/\/litepack.ch\/en\/product\/zpacks-mummy-schlafsack\/","title":{"rendered":"Zpacks Mummy Schlafsack"},"content":{"rendered":"<p><strong><a href=\"\/en\/hersteller\/zpacks\/\" data-internallinksmanager029f6b8e52c=\"2\" title=\"Zpacks\">Zpacks<\/a> Sleeping bags should be as unique as you are. That\u2019s why most sleeping bags come in 7 different sizes, so everyone can find the perfect fit. The different temperature ratings offer additional flexibility for any situation. And Zpacks offers all of this in 4 colors. That\u2019s why virtually every sleeping bag is custom-made to order just for you. <a href=\"\/en\/hersteller\/zpacks\/\" data-internallinksmanager029f6b8e52c=\"2\" title=\"Zpacks\">Zpacks<\/a> dir in 4  Farben. Darum wird praktisch jeder <strong>Schlafsack<\/strong><\/strong> <strong>individuell auf deine auf Bestellung gefertigt.<\/strong><\/p>\n\n\n\n<p><\/p>\n\n<ul>\n<li>Hergestellt aus Muscovy-Enten-Daunen mit einer F\u00fcllkraft von 900, die nach dem Responsible Down Standard zertifiziert sind.<\/li>\n<li>G\u00e4nse- und Entendaunen sind von Natur aus wasserabweisend, aber wie alle Daunen (ob behandelt oder nicht) werden sie nass, wenn sie l\u00e4nger als ein paar Minuten Feuchtigkeit ausgesetzt sind. Unsere Muscovy-Daunen werden mit Ultraschall gewaschen. Sie sind geruchsneutral und enthalten keine zus\u00e4tzlichen Chemikalien oder Behandlungen.<\/li>\n<li>Jedes Fach ist mit 30 % mehr Premium-Daunen mit einer F\u00fcllkraft von 900 gef\u00fcllt, als f\u00fcr maximale Bauschkraft erforderlich ist, um einer zuk\u00fcnftigen Kompression der Daunen Rechnung zu tragen.<\/li>\n<li>Vertikale Kammern im Oberk\u00f6rper verhindern, dass die Daunen zu den Seiten <a href=\"https:\/\/litepack.ch\/en\/pilgerreisen\/\" data-internallinksmanager029f6b8e52c=\"6\" title=\"Pilgerreisen\">wandern<\/a>. Eng angeordnete Kammern sorgen f\u00fcr eine gleichm\u00e4\u00dfige Verteilung der Daunen, sodass keine K\u00e4ltebr\u00fccken entstehen. Es gibt keine \u201edurchgen\u00e4hten\u201d N\u00e4hte.<\/li>\n<li>Unser rechteckiger Fu\u00dfbereich ist ger\u00e4umig und passt sich bequem der Form Ihrer F\u00fc\u00dfe an, wenn Sie auf der Seite, auf dem Bauch oder auf dem R\u00fccken liegen und Ihre F\u00fc\u00dfe in einer entspannten Position abgewinkelt sind.<\/li>\n<li>Das schnell trocknende 0,51 oz\/sqyd <a href=\"https:\/\/litepack.ch\/en\/material-zpacks\/\" data-internallinksmanager029f6b8e52c=\"1\" title=\"Material Zpacks\">Ventum<\/a> Ripstop Nylon-Futter und die Au\u00dfenh\u00fclle sind mit einer <a href=\"https:\/\/litepack.ch\/en\/pfas-chemikalien\/\" data-internallinksmanager029f6b8e52c=\"4\" title=\"PFAS Free\">PFAS<\/a>-freien, dauerhaften C0-Impr\u00e4gnierung behandelt, um Spritzwasser und K\u00f6rperfeuchtigkeit abzuweisen. Die Materialien enthalten keine sch\u00e4dlichen Chemikalien wie Flammschutzmittel.<\/li>\n<li>Die integrierte Kapuze mit Kordelzug bietet vollst\u00e4ndigen Schutz vor den Elementen in kalten N\u00e4chten auf dem Trail.<\/li>\n<li>Der durchgehende Zwei-Wege-Rei\u00dfverschluss an der Seite verl\u00e4uft um den unteren Rand des Schlafsacks herum, sodass Sie ihn wie eine Decke vollst\u00e4ndig \u00f6ffnen k\u00f6nnen.<\/li>\n<li>Sie k\u00f6nnen das untere Ende \u00f6ffnen und Ihre F\u00fc\u00dfe l\u00fcften oder den Schlafsack umdrehen und ihn an kalten Morgen im Camp als Umhang tragen.<\/li>\n<li>Ein W\u00e4rmekragen verhindert, dass kalte Luft durch den Rei\u00dfverschluss eindringt.<\/li>\n<li>Ein Reissverschlussschutz verhindert, dass sich der Rei\u00dfverschluss im W\u00e4rmekragen oder im Material des Schlafsacks verf\u00e4ngt.<\/li>\n<li>Ein Druckknopf am oberen Ende des Rei\u00dfverschlusses h\u00e4lt den Rei\u00dfverschluss sicher geschlossen.<\/li>\n<li>Unser Mumienschlafsack beh\u00e4lt seine volle Breite im Nacken-\/Schulterbereich bei. Sie k\u00f6nnen Ihre Arme zur Bel\u00fcftung herausstrecken oder sich ausstrecken, ohne den Rei\u00dfverschluss zu \u00f6ffnen oder sich wie in vielen anderen ultraleichten Mumienschlafs\u00e4cken in einer Zwangsjacke gefangen zu f\u00fchlen.<\/li>\n<li>Eine elastische Kordel kann um den Hals festgezogen werden, um Zugluft fernzuhalten, oder Sie k\u00f6nnen den Schlafsack bis \u00fcber die Ohren ziehen.<\/li>\n<li>Die Kordel kann unabh\u00e4ngig voneinander am Hals und an der Kapuze festgezogen werden, um Zugluft fernzuhalten und die Kapuze eng an Ihr Gesicht anzupassen.<\/li>\n<li>Ein Rolltop-Packsack ist im Lieferumfang enthalten und erh\u00f6ht das angegebene Gewicht um ca. 25,5 Gramm. Die Packs\u00e4cke sind bequem zu tragen und k\u00f6nnen durch Zusammendr\u00fccken des Inhalts und weiteres Herunterrollen des Oberteils weiter komprimiert werden.<\/li>\n<li>Hergestellt in den USA.<\/li>\n<\/ul>","protected":false},"excerpt":{"rendered":"<p>Hergestellt aus Muscovy-Enten-Daunen mit einer F\u00fcllkraft von 900, die nach dem Responsible Down Standard zertifiziert sind. G\u00e4nse- und Entendaunen sind<\/p>","protected":false},"featured_media":36011,"comment_status":"open","ping_status":"closed","template":"","meta":[],"product_brand":[220],"product_cat":[178],"product_tag":[],"class_list":{"0":"post-35944","1":"product","2":"type-product","3":"status-publish","4":"has-post-thumbnail","6":"product_brand-zpacks","7":"product_cat-schlafsaecke","8":"pa_hersteller-zpacks","10":"first","11":"instock","12":"taxable","13":"shipping-taxable","14":"purchasable","15":"product-type-variable","16":"has-default-attributes"},"_links":{"self":[{"href":"https:\/\/litepack.ch\/en\/wp-json\/wp\/v2\/product\/35944","targetHints":{"allow":["GET"]}}],"collection":[{"href":"https:\/\/litepack.ch\/en\/wp-json\/wp\/v2\/product"}],"about":[{"href":"https:\/\/litepack.ch\/en\/wp-json\/wp\/v2\/types\/product"}],"replies":[{"embeddable":true,"href":"https:\/\/litepack.ch\/en\/wp-json\/wp\/v2\/comments?post=35944"}],"wp:featuredmedia":[{"embeddable":true,"href":"https:\/\/litepack.ch\/en\/wp-json\/wp\/v2\/media\/36011"}],"wp:attachment":[{"href":"https:\/\/litepack.ch\/en\/wp-json\/wp\/v2\/media?parent=35944"}],"wp:term":[{"taxonomy":"product_brand","embeddable":true,"href":"https:\/\/litepack.ch\/en\/wp-json\/wp\/v2\/product_brand?post=35944"},{"taxonomy":"product_cat","embeddable":true,"href":"https:\/\/litepack.ch\/en\/wp-json\/wp\/v2\/product_cat?post=35944"},{"taxonomy":"product_tag","embeddable":true,"href":"https:\/\/litepack.ch\/en\/wp-json\/wp\/v2\/product_tag?post=35944"}],"curies":[{"name":"wp","href":"https:\/\/api.w.org\/{rel}","templated":true}]}}