{"id":35837,"date":"2025-01-31T16:32:07","date_gmt":"2025-01-31T15:32:07","guid":{"rendered":"http:\/\/litepack.ch\/?post_type=product&#038;p=35837"},"modified":"2026-02-21T10:35:37","modified_gmt":"2026-02-21T09:35:37","slug":"zpacks-zip-around-schlafsack","status":"publish","type":"product","link":"https:\/\/litepack.ch\/en\/product\/zpacks-zip-around-schlafsack\/","title":{"rendered":"Zpacks Zip Around \/ Twin Schlafsack"},"content":{"rendered":"<p><strong><a href=\"\/en\/hersteller\/zpacks\/\" data-internallinksmanager029f6b8e52c=\"2\" title=\"Zpacks\">Zpacks<\/a> Schlafs\u00e4cke sollen so individuell sein wie du. Darum gibt es die meisten Schlafs\u00e4cke in 7 verschiedenen Gr\u00f6ssen, damit sich jeder darin optimal wohl f\u00fchlt. Die Temperatur Varianten bieten zus\u00e4tzliche Flexibilit\u00e4t f\u00fcr jede Situation. Und das ganze bietet <a href=\"\/en\/hersteller\/zpacks\/\" data-internallinksmanager029f6b8e52c=\"2\" title=\"Zpacks\">Zpacks<\/a> dir in 4  Farben. Darum wird praktisch jeder <strong>Schlafsack<\/strong><\/strong> <strong>individuell auf deine auf Bestellung gefertigt.<\/strong><\/p>\n\n\n\n<p><\/p>\n\n<p><strong>Alle Zip Around-Schlafs\u00e4cke die ab November 2024 oder sp\u00e4ter gekauft wurden, k\u00f6nnen zu einem Twin Schlafsack zusammen gezippt werden!<\/strong><\/p>\n<p>Der Zip Around verf\u00fcgt \u00fcber einen durchgehenden 2-Wege-Seitenrei\u00dfverschluss mit integriertem Zugluftschlauch und Reissverschlussw\u00e4chter, damit kein Luftzug eindringen kann. Der Rei\u00dfverschluss geht um den gesamten Fu\u00dfbereich herum, so dass Sie den Schlafsack flach wie eine Decke \u00f6ffnen oder einfach den Rei\u00dfverschluss unten \u00f6ffnen k\u00f6nnen, um Ihre F\u00fc\u00dfe herauszuziehen, wenn Ihnen unter all den hochwertigen Daunen zu hei\u00df wird.<\/p>\n<ul>\n<li>Hergestellt aus Responsible Down Standard-zertifizierten 900 Fill Power Muscovy-Entendaunen.<\/li>\n<li>G\u00e4nse- und Entendaunen sind von Natur aus wasserabweisend, aber wie jede Daune (behandelt oder unbehandelt) nehmen sie bei l\u00e4ngerer Feuchtigkeitseinwirkung Wasser auf. Unsere <strong>Muscovy-Daunen sind ultraschallgereinigt<\/strong>, geruchsfrei und enthalten <strong>keine zus\u00e4tzlichen Chemikalien oder Behandlungen<\/strong>.<\/li>\n<li>Jedes Fach ist mit <strong>30 % mehr 900 Fill Power Premium-Daunen<\/strong> \u00fcberf\u00fcllt, als f\u00fcr die maximale Bauschkraft notwendig w\u00e4re, um zuk\u00fcnftige Daunenkompression auszugleichen.<\/li>\n<li><strong>Vertikale Kammern<\/strong> im oberen Bereich verhindern das Verrutschen der Daunen zu den Seiten. <strong>Eng platzierte F\u00e4cher<\/strong> sorgen f\u00fcr eine gleichm\u00e4\u00dfige Verteilung, sodass <strong>keine K\u00e4ltebr\u00fccken<\/strong> entstehen. Es gibt <strong>keine durchgen\u00e4hten N\u00e4hte<\/strong>.<\/li>\n<li>Unsere <strong>rechteckige Fu\u00dfbox<\/strong> bietet viel Platz und passt sich der nat\u00fcrlichen Fu\u00dfhaltung an \u2013 egal, ob Sie auf der Seite, auf dem Bauch oder auf dem R\u00fccken mit leicht angewinkelten F\u00fc\u00dfen liegen.<\/li>\n<li><strong>Schwarzes Innenfutter<\/strong> sorgt f\u00fcr <strong>schnelles Trocknen<\/strong>.<\/li>\n<li>Sowohl das <strong>.51 oz\/sqyd <a href=\"https:\/\/litepack.ch\/en\/material-zpacks\/\" data-internallinksmanager029f6b8e52c=\"1\" title=\"Material Zpacks\">Ventum<\/a> Ripstop Nylon-Innenfutter<\/strong> als auch die Au\u00dfenh\u00fclle sind mit einer <strong><a href=\"https:\/\/litepack.ch\/en\/pfas-chemikalien\/\" data-internallinksmanager029f6b8e52c=\"4\" title=\"PFAS Free\">PFAS<\/a>-freien C0-DWR-Beschichtung<\/strong> versehen, um <strong>Regen und K\u00f6rperfeuchtigkeit<\/strong> abzuweisen. Die Materialien enthalten <strong>keine sch\u00e4dlichen Chemikalien<\/strong> wie Flammschutzmittel.<\/li>\n<li><strong>Durchgehender, zweiseitiger Seitenrei\u00dfverschluss<\/strong>, der bis zur Unterseite verl\u00e4uft, sodass der Schlafsack <strong>komplett wie eine Decke ge\u00f6ffnet<\/strong> werden kann.<\/li>\n<li>Das <strong>untere Ende kann ge\u00f6ffnet werden<\/strong>, um die F\u00fc\u00dfe zu bel\u00fcften. Alternativ kann der Schlafsack umgedreht und <strong>als Cape getragen<\/strong> werden \u2013 ideal f\u00fcr kalte Morgen im Camp.<\/li>\n<li>Ein <strong>W\u00e4rmekragen verhindert das Eindringen kalter Luft<\/strong> durch den Rei\u00dfverschluss.<\/li>\n<li>Ein <strong>Rei\u00dfverschluss-Schutz<\/strong> verhindert das Verklemmen des Rei\u00dfverschlusses an Stoff oder W\u00e4rmekragen.<\/li>\n<li>Ein <strong>elastischer Kordelzug am Hals<\/strong> kann festgezogen werden, um Zugluft abzuhalten oder den Schlafsack bis \u00fcber die Ohren zu ziehen. Dieser Schlafsack hat <strong>keine Kapuze<\/strong> \u2013 tragen Sie eine <strong>warme M\u00fctze<\/strong>, eine <strong>Daunenkapuze<\/strong> oder w\u00e4hlen Sie eine <strong>l\u00e4ngere Gr\u00f6\u00dfe<\/strong>, um den Schlafsack \u00fcber den Kopf zu ziehen.<\/li>\n<li>Ein <strong>Roll-Top-Trockensack<\/strong> ist im Lieferumfang enthalten und erh\u00f6ht das Gewicht um <strong>25,5 g<\/strong>. Der Packsack bietet eine <strong>komfortable Passform<\/strong> und kann durch weiteres Zusammendr\u00fccken und Einrollen des Verschlusses zus\u00e4tzlich komprimiert werden.<\/li>\n<li>Hergestellt in den USA.<\/li>\n<\/ul>","protected":false},"excerpt":{"rendered":"<p>Alle Zip Around-Schlafs\u00e4cke die ab November 2024 oder sp\u00e4ter gekauft wurden, k\u00f6nnen zu einem Twin Schlafsack zusammen gezippt werden! Der<\/p>","protected":false},"featured_media":39500,"comment_status":"open","ping_status":"closed","template":"","meta":[],"product_brand":[220],"product_cat":[178],"product_tag":[],"class_list":{"0":"post-35837","1":"product","2":"type-product","3":"status-publish","4":"has-post-thumbnail","6":"product_brand-zpacks","7":"product_cat-schlafsaecke","9":"first","10":"instock","11":"taxable","12":"shipping-taxable","13":"purchasable","14":"product-type-variable","15":"has-default-attributes"},"_links":{"self":[{"href":"https:\/\/litepack.ch\/en\/wp-json\/wp\/v2\/product\/35837","targetHints":{"allow":["GET"]}}],"collection":[{"href":"https:\/\/litepack.ch\/en\/wp-json\/wp\/v2\/product"}],"about":[{"href":"https:\/\/litepack.ch\/en\/wp-json\/wp\/v2\/types\/product"}],"replies":[{"embeddable":true,"href":"https:\/\/litepack.ch\/en\/wp-json\/wp\/v2\/comments?post=35837"}],"wp:featuredmedia":[{"embeddable":true,"href":"https:\/\/litepack.ch\/en\/wp-json\/wp\/v2\/media\/39500"}],"wp:attachment":[{"href":"https:\/\/litepack.ch\/en\/wp-json\/wp\/v2\/media?parent=35837"}],"wp:term":[{"taxonomy":"product_brand","embeddable":true,"href":"https:\/\/litepack.ch\/en\/wp-json\/wp\/v2\/product_brand?post=35837"},{"taxonomy":"product_cat","embeddable":true,"href":"https:\/\/litepack.ch\/en\/wp-json\/wp\/v2\/product_cat?post=35837"},{"taxonomy":"product_tag","embeddable":true,"href":"https:\/\/litepack.ch\/en\/wp-json\/wp\/v2\/product_tag?post=35837"}],"curies":[{"name":"wp","href":"https:\/\/api.w.org\/{rel}","templated":true}]}}