{"id":35831,"date":"2025-01-28T23:07:15","date_gmt":"2025-01-28T22:07:15","guid":{"rendered":"http:\/\/litepack.ch\/?post_type=product&#038;p=35831"},"modified":"2026-04-25T21:58:28","modified_gmt":"2026-04-25T20:58:28","slug":"zpacks-regen-kilt","status":"publish","type":"product","link":"https:\/\/litepack.ch\/en\/product\/zpacks-regen-kilt\/","title":{"rendered":"Zpacks Regen Kilt"},"content":{"rendered":"<p><strong>Schwarz \/ <a href=\"https:\/\/litepack.ch\/en\/material-zpacks\/\" data-internallinksmanager029f6b8e52c=\"1\" title=\"Material Zpacks\">Vertice<\/a><\/strong><\/p>\n<ul>\n<li>Unser wasserdichtes, atmungsaktives <a href=\"https:\/\/litepack.ch\/en\/material-zpacks\/\" data-internallinksmanager029f6b8e52c=\"1\" title=\"Material Zpacks\">Vertice<\/a>-Gewebe (1,50 oz\/qd) bietet eine unglaubliche Atmungsaktivit\u00e4t, die die meisten anderen Regenkleidungsteile in den Schatten stellt.<br \/>\nBehandelt mit langlebigem, effektivem C6-Wasserabweiser. Hergestellt mit <a href=\"https:\/\/litepack.ch\/en\/pfas-chemikalien\/\" data-internallinksmanager029f6b8e52c=\"4\" title=\"PFAS Free\">PFAS<\/a>-Chemikalien.<\/li>\n<li>Die R\u00fcckseite des Kilts kann mit einem wasserdichten Trennrei\u00dfverschluss ge\u00f6ffnet oder geschlossen werden. Der Rei\u00dfverschluss wird niemals aufplatzen oder undicht werden.<br \/>\nDieser Kilt hat eine konische Form, die unten breiter ist, um einen l\u00e4ngeren Schritt zu erm\u00f6glichen. Sie k\u00f6nnen den Rei\u00dfverschluss bei Bedarf \u00f6ffnen, wenn der Saum f\u00fcr Ihren Schritt nicht gro\u00df genug ist.<\/li>\n<li>Die Taille ist mit einem Kordelzug versehen, der auf jede kleinere Taillengr\u00f6\u00dfe eingestellt werden kann.<\/li>\n<li>Wenn der Kilt flach ge\u00f6ffnet ist, kann er als kleines Bodentuch f\u00fcr Pausen oder zur Aufbewahrung von Ausr\u00fcstung auf nassem Boden verwendet werden. Der Kilt hat an den vier Ecken und in der Mitte der Seiten verst\u00e4rkte Befestigungsschlaufen f\u00fcr andere Zwecke.<\/li>\n<li>L\u00e4sst sich klein zusammenpacken. Einfach den Kilt zusammenrollen und mit dem Gummizug in der Taille sichern. Kein Packsack notwendig.<\/li>\n<\/ul>\n<p><strong>Durchsichtig \/ DCF<\/strong><\/p>\n<ul>\n<li>Unser wasserdichtes 1,0 oz\/sqyd <a href=\"https:\/\/litepack.ch\/en\/material-zpacks\/\" data-internallinksmanager029f6b8e52c=\"1\" title=\"Material Zpacks\">Dyneema<\/a>\u00ae Composite Fabric hat eine doppelt so dicke Polyestermembran, die ihm eine h\u00f6here Abrieb- und Durchsto\u00dffestigkeit verleiht. DCF ist von Natur aus wasserdicht und wird nicht mit Beschichtungen, wasserabweisenden Mitteln oder potenziell sch\u00e4dlichen Chemikalien versehen.<\/li>\n<li>Der Rei\u00dfverschluss wird nie aufplatzen oder undicht werden, und Sie k\u00f6nnen ihn bei Bedarf \u00f6ffnen, um einen langen Schritt zu erm\u00f6glichen.<\/li>\n<li>Der Kilt hat eine konische Form, um einen l\u00e4ngeren Schritt zu erm\u00f6glichen, und verf\u00fcgt \u00fcber einen elastischen Kordelzug in der Taille, der die Taille auf jede kleinere Taillengr\u00f6\u00dfe einschr\u00e4nken kann.<\/li>\n<li>Flach aufgeklappt kann der Kilt als kleines Bodentuch f\u00fcr Pausen oder zur Aufbewahrung von Ausr\u00fcstung auf nassem Boden verwendet werden. Der Kilt hat an den vier Ecken und in der Mitte der Seiten Schlaufen zum Festbinden f\u00fcr andere Zwecke.<\/li>\n<li>L\u00e4sst sich klein zusammenpacken. Einfach den Kilt zusammenrollen und mit dem Gummizug in der Taille sichern. Kein Packsack erforderlich.<\/li>\n<\/ul>","protected":false},"excerpt":{"rendered":"<p>Schwarz \/ Vertice Unser wasserdichtes, atmungsaktives Vertice-Gewebe (1,50 oz\/qd) bietet eine unglaubliche Atmungsaktivit\u00e4t, die die meisten anderen Regenkleidungsteile in den<\/p>","protected":false},"featured_media":41427,"comment_status":"open","ping_status":"closed","template":"","meta":[],"product_brand":[220],"product_cat":[190],"product_tag":[],"class_list":{"0":"post-35831","1":"product","2":"type-product","3":"status-publish","4":"has-post-thumbnail","6":"product_brand-zpacks","7":"product_cat-kleidung","8":"pa_hersteller-zpacks","10":"first","11":"instock","12":"taxable","13":"shipping-taxable","14":"purchasable","15":"product-type-variable"},"_links":{"self":[{"href":"https:\/\/litepack.ch\/en\/wp-json\/wp\/v2\/product\/35831","targetHints":{"allow":["GET"]}}],"collection":[{"href":"https:\/\/litepack.ch\/en\/wp-json\/wp\/v2\/product"}],"about":[{"href":"https:\/\/litepack.ch\/en\/wp-json\/wp\/v2\/types\/product"}],"replies":[{"embeddable":true,"href":"https:\/\/litepack.ch\/en\/wp-json\/wp\/v2\/comments?post=35831"}],"wp:featuredmedia":[{"embeddable":true,"href":"https:\/\/litepack.ch\/en\/wp-json\/wp\/v2\/media\/41427"}],"wp:attachment":[{"href":"https:\/\/litepack.ch\/en\/wp-json\/wp\/v2\/media?parent=35831"}],"wp:term":[{"taxonomy":"product_brand","embeddable":true,"href":"https:\/\/litepack.ch\/en\/wp-json\/wp\/v2\/product_brand?post=35831"},{"taxonomy":"product_cat","embeddable":true,"href":"https:\/\/litepack.ch\/en\/wp-json\/wp\/v2\/product_cat?post=35831"},{"taxonomy":"product_tag","embeddable":true,"href":"https:\/\/litepack.ch\/en\/wp-json\/wp\/v2\/product_tag?post=35831"}],"curies":[{"name":"wp","href":"https:\/\/api.w.org\/{rel}","templated":true}]}}