{"id":35815,"date":"2025-01-28T22:52:09","date_gmt":"2025-01-28T21:52:09","guid":{"rendered":"http:\/\/litepack.ch\/?post_type=product&#038;p=35815"},"modified":"2026-02-11T10:14:58","modified_gmt":"2026-02-11T09:14:58","slug":"zpacks-daunen-socken","status":"publish","type":"product","link":"https:\/\/litepack.ch\/en\/product\/zpacks-daunen-socken\/","title":{"rendered":"Zpacks Daunen Socken"},"content":{"rendered":"<ul>\n<li>Gr\u00f6\u00dfen, die fast jedem Fu\u00df passen. (Large aktuell nicht verf\u00fcgbar)<\/li>\n<li>Super leicht!<\/li>\n<li>Hergestellt aus verantwortungsvoll beschaffter und nach dem.<\/li>\n<li>\u201eResponsible Down Standard\u201c zertifizierter DownTek <a href=\"https:\/\/litepack.ch\/en\/pfas-chemikalien\/\" data-internallinksmanager029f6b8e52c=\"4\" title=\"PFAS Free\">PFAS<\/a>-FREE wasserabweisender 900er G\u00e4nsedaune, die 90 % l\u00e4nger trocken bleibt als unbehandelte Daunen.<\/li>\n<li>Sowohl das Innenfutter als auch das Au\u00dfenmaterial sind mit C0 Durable Water Repellent behandelt, um Regenspritzer und K\u00f6rperfeuchtigkeit abzuweisen. C0 DWR enth\u00e4lt kein <a href=\"https:\/\/litepack.ch\/en\/pfas-chemikalien\/\" data-internallinksmanager029f6b8e52c=\"4\" title=\"PFAS Free\">PFOA<\/a> oder <a href=\"https:\/\/litepack.ch\/en\/pfas-chemikalien\/\" data-internallinksmanager029f6b8e52c=\"4\" title=\"PFAS Free\">PFOS<\/a>.<\/li>\n<li>Hergestellt in den USA.<\/li>\n<\/ul>","protected":false},"excerpt":{"rendered":"<p>Gr\u00f6\u00dfen, die fast jedem Fu\u00df passen. (Large aktuell nicht verf\u00fcgbar) Super leicht! Hergestellt aus verantwortungsvoll beschaffter und nach dem. \u201eResponsible<\/p>","protected":false},"featured_media":37651,"comment_status":"open","ping_status":"closed","template":"","meta":[],"product_brand":[220],"product_cat":[190],"product_tag":[],"class_list":{"0":"post-35815","1":"product","2":"type-product","3":"status-publish","4":"has-post-thumbnail","6":"product_brand-zpacks","7":"product_cat-kleidung","8":"pa_hersteller-zpacks","10":"first","11":"instock","12":"taxable","13":"shipping-taxable","14":"purchasable","15":"product-type-variable"},"_links":{"self":[{"href":"https:\/\/litepack.ch\/en\/wp-json\/wp\/v2\/product\/35815","targetHints":{"allow":["GET"]}}],"collection":[{"href":"https:\/\/litepack.ch\/en\/wp-json\/wp\/v2\/product"}],"about":[{"href":"https:\/\/litepack.ch\/en\/wp-json\/wp\/v2\/types\/product"}],"replies":[{"embeddable":true,"href":"https:\/\/litepack.ch\/en\/wp-json\/wp\/v2\/comments?post=35815"}],"wp:featuredmedia":[{"embeddable":true,"href":"https:\/\/litepack.ch\/en\/wp-json\/wp\/v2\/media\/37651"}],"wp:attachment":[{"href":"https:\/\/litepack.ch\/en\/wp-json\/wp\/v2\/media?parent=35815"}],"wp:term":[{"taxonomy":"product_brand","embeddable":true,"href":"https:\/\/litepack.ch\/en\/wp-json\/wp\/v2\/product_brand?post=35815"},{"taxonomy":"product_cat","embeddable":true,"href":"https:\/\/litepack.ch\/en\/wp-json\/wp\/v2\/product_cat?post=35815"},{"taxonomy":"product_tag","embeddable":true,"href":"https:\/\/litepack.ch\/en\/wp-json\/wp\/v2\/product_tag?post=35815"}],"curies":[{"name":"wp","href":"https:\/\/api.w.org\/{rel}","templated":true}]}}