{"id":35806,"date":"2025-01-28T22:30:36","date_gmt":"2025-01-28T21:30:36","guid":{"rendered":"http:\/\/litepack.ch\/?post_type=product&#038;p=35806"},"modified":"2026-02-20T12:53:47","modified_gmt":"2026-02-20T11:53:47","slug":"zpacks-vertice-regen-handschuhe","status":"publish","type":"product","link":"https:\/\/litepack.ch\/en\/product\/zpacks-vertice-regen-handschuhe\/","title":{"rendered":"Zpacks Vertice Regen Handschuhe"},"content":{"rendered":"<ul>\n<li>Unser wasserdichtes, atmungsaktives <a href=\"https:\/\/litepack.ch\/en\/material-zpacks\/\" data-internallinksmanager029f6b8e52c=\"1\" title=\"Material Zpacks\">Vertice<\/a>-Gewebe (1,50 oz\/qd) bietet eine unglaubliche Atmungsaktivit\u00e4t, die die meisten anderen Regenkleidungsteile in den Schatten stellt.<\/li>\n<li>Behandelt mit langlebigem, effektivem C6-Wasserabweiser. Hergestellt mit <a href=\"https:\/\/litepack.ch\/en\/pfas-chemikalien\/\" data-internallinksmanager029f6b8e52c=\"4\" title=\"PFAS Free\">PFAS<\/a>-Chemikalien.<\/li>\n<li>Das Material h\u00e4lt Ihre H\u00e4nde angenehm trocken und nicht klamm und nass! Das Material h\u00e4lt auch der Abnutzung durch Trekkingst\u00f6cke stand.<br \/>\nErgonomische Passform an Hand und Daumen. Lang genug, damit die Jacken\u00e4rmel bequem \u00fcber die Handgelenke reichen.<\/li>\n<li>Die elastischen B\u00fcndchen am Handgelenk sind mit einem Clip versehen, um die F\u00e4ustlinge zusammenzubinden oder zum Trocknen aufzuh\u00e4ngen. Das Gummiband tritt an der Handfl\u00e4che aus, um linke und rechte Hand zu unterscheiden.<\/li>\n<li>Die F\u00e4ustlinge sind so bemessen, dass sie allein getragen werden k\u00f6nnen, aber auch mit einem Paar d\u00fcnner F\u00e4ustlinge oder Handschuhe f\u00fcr kaltes Wetter darunter. Diese PossumDown Handschuhe eignen sich hervorragend als Unterziehhandschuhe unter Ihren Regenhandschuhen.<br \/>\nVollst\u00e4ndig versiegelte N\u00e4hte.<\/li>\n<li>Das Reparaturband haftet extrem gut auf der Innenseite des Materials, so dass Reparaturen im Feld ein Kinderspiel sind. Auf der Au\u00dfenseite haftet kein Klebeband.<\/li>\n<\/ul>\n<p><iframe title=\"Zpacks Vertice Rain Mitts | Overview\" src=\"https:\/\/www.youtube.com\/embed\/758kbaYs1kA?feature=oembed\" width=\"611\" height=\"344\" frameborder=\"0\" allowfullscreen=\"allowfullscreen\"><\/iframe><\/p>","protected":false},"excerpt":{"rendered":"<p>Unser wasserdichtes, atmungsaktives Vertice-Gewebe (1,50 oz\/qd) bietet eine unglaubliche Atmungsaktivit\u00e4t, die die meisten anderen Regenkleidungsteile in den Schatten stellt. Behandelt<\/p>","protected":false},"featured_media":37614,"comment_status":"open","ping_status":"closed","template":"","meta":[],"product_brand":[220],"product_cat":[190],"product_tag":[],"class_list":{"0":"post-35806","1":"product","2":"type-product","3":"status-publish","4":"has-post-thumbnail","6":"product_brand-zpacks","7":"product_cat-kleidung","8":"pa_hersteller-zpacks","10":"first","11":"instock","12":"taxable","13":"shipping-taxable","14":"purchasable","15":"product-type-variable"},"_links":{"self":[{"href":"https:\/\/litepack.ch\/en\/wp-json\/wp\/v2\/product\/35806","targetHints":{"allow":["GET"]}}],"collection":[{"href":"https:\/\/litepack.ch\/en\/wp-json\/wp\/v2\/product"}],"about":[{"href":"https:\/\/litepack.ch\/en\/wp-json\/wp\/v2\/types\/product"}],"replies":[{"embeddable":true,"href":"https:\/\/litepack.ch\/en\/wp-json\/wp\/v2\/comments?post=35806"}],"wp:featuredmedia":[{"embeddable":true,"href":"https:\/\/litepack.ch\/en\/wp-json\/wp\/v2\/media\/37614"}],"wp:attachment":[{"href":"https:\/\/litepack.ch\/en\/wp-json\/wp\/v2\/media?parent=35806"}],"wp:term":[{"taxonomy":"product_brand","embeddable":true,"href":"https:\/\/litepack.ch\/en\/wp-json\/wp\/v2\/product_brand?post=35806"},{"taxonomy":"product_cat","embeddable":true,"href":"https:\/\/litepack.ch\/en\/wp-json\/wp\/v2\/product_cat?post=35806"},{"taxonomy":"product_tag","embeddable":true,"href":"https:\/\/litepack.ch\/en\/wp-json\/wp\/v2\/product_tag?post=35806"}],"curies":[{"name":"wp","href":"https:\/\/api.w.org\/{rel}","templated":true}]}}