{"id":35793,"date":"2025-01-28T17:21:01","date_gmt":"2025-01-28T16:21:01","guid":{"rendered":"http:\/\/litepack.ch\/?post_type=product&#038;p=35793"},"modified":"2025-11-25T22:40:17","modified_gmt":"2025-11-25T21:40:17","slug":"zpacks-ultralight-hundenapf","status":"publish","type":"product","link":"https:\/\/litepack.ch\/en\/product\/zpacks-ultralight-hundenapf\/","title":{"rendered":"Zpacks Ultralight Hundenapf"},"content":{"rendered":"<p>Unsere ultraleichten Hunden\u00e4pfe sind das perfekte Abenteuer-Accessoire f\u00fcr vierbeinige Wanderfreunde! Unser mit viel Liebe und Innovation hergestellter Ultraleicht-Hundenapf ist in zwei verschiedenen Gr\u00f6\u00dfen erh\u00e4ltlich, besteht aus <a href=\"https:\/\/litepack.ch\/en\/material-zpacks\/\" data-internallinksmanager029f6b8e52c=\"1\" title=\"Material Zpacks\">Dyneema<\/a>-Verbundstoff und wurde entwickelt, um Outdoor-Abenteuer mit Ihrem vierbeinigen Begleiter zu einem Kinderspiel zu machen.<br \/>\nDer Napf verf\u00fcgt \u00fcber einen Kordelzug, ist zusammenklappbar und l\u00e4sst sich klein zusammenpacken, so dass Ihr Welpe sich erfrischen kann, ohne Ihren Rucksack zu beschweren. Da er zusammenklappbar ist, l\u00e4sst er sich leicht verstauen, wenn er nicht gebraucht wird, und ist somit ideal f\u00fcr <a href=\"https:\/\/litepack.ch\/en\/pilgerreisen\/\" data-internallinksmanager029f6b8e52c=\"6\" title=\"Pilgerreisen\">Wanderungen<\/a>, Camping, Autoreisen oder einfach f\u00fcr einen Tag im Park.<br \/>\nGanz gleich, ob Sie sich auf ein Abenteuer in der Wildnis begeben oder einfach nur einen gem\u00fctlichen Spaziergang in der Nachbarschaft machen &#8211; mit unserem ultraleichten Hundenapf bleibt Ihr vierbeiniger Freund gl\u00fccklich, hydriert und stilvoll.<\/p>\n<ul>\n<li>In zwei Gr\u00f6\u00dfen erh\u00e4ltlich, um gen\u00fcgend Futter oder Wasser f\u00fcr kleine oder gro\u00dfe Hunde unterzubringen.<\/li>\n<li>Hergestellt aus strapazierf\u00e4higem <a href=\"https:\/\/litepack.ch\/en\/material-zpacks\/\" data-internallinksmanager029f6b8e52c=\"1\" title=\"Material Zpacks\">Dyneema<\/a>-Verbundstoff (1,6 oz\/qd).<\/li>\n<li>Wasserdichtes, nahtloses Design. Keine Klebstoffe, die das Futter\/Wasser Ihres Hundes verunreinigen k\u00f6nnten.<\/li>\n<li>Der Kordelzug im Kragen sorgt daf\u00fcr, dass der Napf seine Form beh\u00e4lt, wenn er voll ist, und erm\u00f6glicht es Ihnen, \u00fcbersch\u00fcssiges Futter wegzupacken.<\/li>\n<li>L\u00e4sst sich super klein zusammenpacken und leicht verstauen.<\/li>\n<li>Leicht zu reinigen.<\/li>\n<li>Hergestellt in den USA.<\/li>\n<\/ul>","protected":false},"excerpt":{"rendered":"<p>Unsere ultraleichten Hunden\u00e4pfe sind das perfekte Abenteuer-Accessoire f\u00fcr vierbeinige Wanderfreunde! Unser mit viel Liebe und Innovation hergestellter Ultraleicht-Hundenapf ist in<\/p>","protected":false},"featured_media":35803,"comment_status":"open","ping_status":"closed","template":"","meta":[],"product_brand":[220],"product_cat":[296,191],"product_tag":[],"class_list":{"0":"post-35793","1":"product","2":"type-product","3":"status-publish","4":"has-post-thumbnail","6":"product_brand-zpacks","7":"product_cat-weiteres-zubehoer","8":"product_cat-zubehoer","9":"pa_hersteller-zpacks","11":"first","12":"instock","13":"taxable","14":"shipping-taxable","15":"purchasable","16":"product-type-variable"},"_links":{"self":[{"href":"https:\/\/litepack.ch\/en\/wp-json\/wp\/v2\/product\/35793","targetHints":{"allow":["GET"]}}],"collection":[{"href":"https:\/\/litepack.ch\/en\/wp-json\/wp\/v2\/product"}],"about":[{"href":"https:\/\/litepack.ch\/en\/wp-json\/wp\/v2\/types\/product"}],"replies":[{"embeddable":true,"href":"https:\/\/litepack.ch\/en\/wp-json\/wp\/v2\/comments?post=35793"}],"wp:featuredmedia":[{"embeddable":true,"href":"https:\/\/litepack.ch\/en\/wp-json\/wp\/v2\/media\/35803"}],"wp:attachment":[{"href":"https:\/\/litepack.ch\/en\/wp-json\/wp\/v2\/media?parent=35793"}],"wp:term":[{"taxonomy":"product_brand","embeddable":true,"href":"https:\/\/litepack.ch\/en\/wp-json\/wp\/v2\/product_brand?post=35793"},{"taxonomy":"product_cat","embeddable":true,"href":"https:\/\/litepack.ch\/en\/wp-json\/wp\/v2\/product_cat?post=35793"},{"taxonomy":"product_tag","embeddable":true,"href":"https:\/\/litepack.ch\/en\/wp-json\/wp\/v2\/product_tag?post=35793"}],"curies":[{"name":"wp","href":"https:\/\/api.w.org\/{rel}","templated":true}]}}