{"id":35780,"date":"2025-01-28T16:49:46","date_gmt":"2025-01-28T15:49:46","guid":{"rendered":"http:\/\/litepack.ch\/?post_type=product&#038;p=35780"},"modified":"2025-11-25T22:39:54","modified_gmt":"2025-11-25T21:39:54","slug":"zpacks-50-meter-zelt-schnur","status":"publish","type":"product","link":"https:\/\/litepack.ch\/en\/product\/zpacks-50-meter-zelt-schnur\/","title":{"rendered":"Zpacks Zelt Schnur 15m"},"content":{"rendered":"<p><strong>1,3mm<\/strong><br \/>\nDie Z-line <a href=\"https:\/\/litepack.ch\/en\/material-zpacks\/\" data-internallinksmanager029f6b8e52c=\"1\" title=\"Material Zpacks\">Dyneema<\/a>\u00ae Schnur besteht aus einem wei\u00dfen <a href=\"https:\/\/litepack.ch\/en\/material-zpacks\/\" data-internallinksmanager029f6b8e52c=\"1\" title=\"Material Zpacks\">Dyneema<\/a>\u00ae Kern mit einem geflochtenen Polyestermantel. Die 1,3 mm starke Schnur eignet sich hervorragend f\u00fcr ultraleichte Abspannleinen und kann mit Micro Linelocs verwendet werden.<br \/>\n<a href=\"https:\/\/litepack.ch\/en\/material-zpacks\/\" data-internallinksmanager029f6b8e52c=\"1\" title=\"Material Zpacks\">Dyneema<\/a>\u00ae hat ein sehr gutes Verh\u00e4ltnis von Festigkeit zu Gewicht und dehnt sich nicht aus. diese Leine ist sehr griffig; wenn Sie sie als Hauptabspannleine f\u00fcr das Tarp oder den Packsack verwenden, wickeln Sie sie einfach ein paar Mal um einen Baum oder Ast, und sie h\u00e4lt, ohne dass Sie Knoten machen m\u00fcssen.<\/p>\n<p><strong>2mm<\/strong><br \/>\nIn regnerischen N\u00e4chten mit starkem Wind k\u00f6nnen Sie sich in Ihrem trockenen Unterstand sicher f\u00fchlen, weil Sie wissen, dass Ihre Abspannleinen stark genug sind, um allem standzuhalten. Die Z-line <a href=\"https:\/\/litepack.ch\/en\/material-zpacks\/\" data-internallinksmanager029f6b8e52c=\"1\" title=\"Material Zpacks\">Dyneema<\/a>\u00ae Schnur besteht aus einem wei\u00dfen <a href=\"https:\/\/litepack.ch\/en\/material-zpacks\/\" data-internallinksmanager029f6b8e52c=\"1\" title=\"Material Zpacks\">Dyneema<\/a>\u00ae Kern mit einem geflochtenen Polyestermantel. <a href=\"https:\/\/litepack.ch\/en\/material-zpacks\/\" data-internallinksmanager029f6b8e52c=\"1\" title=\"Material Zpacks\">Dyneema<\/a>\u00ae hat ein hohes Festigkeits-\/Gewichtsverh\u00e4ltnis und dehnt sich nicht. 2,0 mm ist die beste Wahl f\u00fcr die Verwendung mit dem Lineloc V Abspannleinenversteller.<\/p>\n<p>Die gelbe Schnur ist extrem hell und als Abspannleine bei Tag und Nacht gut zu sehen. Sie ist nicht reflektierend, hebt sich aber bei Nacht mit einer Stirnlampe oder im Mondlicht gut ab. Die gelbe Schnur ist nachts besser zu sehen als orangefarbene Schn\u00fcre.<\/p>","protected":false},"excerpt":{"rendered":"<p>1,3mm Die Z-line Dyneema\u00ae Schnur besteht aus einem wei\u00dfen Dyneema\u00ae Kern mit einem geflochtenen Polyestermantel. Die 1,3 mm starke Schnur<\/p>","protected":false},"featured_media":35785,"comment_status":"open","ping_status":"closed","template":"","meta":[],"product_brand":[220],"product_cat":[278,191],"product_tag":[],"class_list":{"0":"post-35780","1":"product","2":"type-product","3":"status-publish","4":"has-post-thumbnail","6":"product_brand-zpacks","7":"product_cat-zelt-zubehoer","8":"product_cat-zubehoer","9":"pa_hersteller-zpacks","11":"first","12":"instock","13":"taxable","14":"shipping-taxable","15":"purchasable","16":"product-type-variable"},"_links":{"self":[{"href":"https:\/\/litepack.ch\/en\/wp-json\/wp\/v2\/product\/35780","targetHints":{"allow":["GET"]}}],"collection":[{"href":"https:\/\/litepack.ch\/en\/wp-json\/wp\/v2\/product"}],"about":[{"href":"https:\/\/litepack.ch\/en\/wp-json\/wp\/v2\/types\/product"}],"replies":[{"embeddable":true,"href":"https:\/\/litepack.ch\/en\/wp-json\/wp\/v2\/comments?post=35780"}],"wp:featuredmedia":[{"embeddable":true,"href":"https:\/\/litepack.ch\/en\/wp-json\/wp\/v2\/media\/35785"}],"wp:attachment":[{"href":"https:\/\/litepack.ch\/en\/wp-json\/wp\/v2\/media?parent=35780"}],"wp:term":[{"taxonomy":"product_brand","embeddable":true,"href":"https:\/\/litepack.ch\/en\/wp-json\/wp\/v2\/product_brand?post=35780"},{"taxonomy":"product_cat","embeddable":true,"href":"https:\/\/litepack.ch\/en\/wp-json\/wp\/v2\/product_cat?post=35780"},{"taxonomy":"product_tag","embeddable":true,"href":"https:\/\/litepack.ch\/en\/wp-json\/wp\/v2\/product_tag?post=35780"}],"curies":[{"name":"wp","href":"https:\/\/api.w.org\/{rel}","templated":true}]}}