{"id":35771,"date":"2025-01-30T16:38:12","date_gmt":"2025-01-30T15:38:12","guid":{"rendered":"http:\/\/litepack.ch\/?post_type=product&#038;p=35771"},"modified":"2026-01-01T22:19:39","modified_gmt":"2026-01-01T21:19:39","slug":"zpacks-merino-liner-innen-schlafsack","status":"publish","type":"product","link":"https:\/\/litepack.ch\/en\/product\/zpacks-merino-liner-innen-schlafsack\/","title":{"rendered":"Zpacks Premium Gostwyck Merinowolle Liner"},"content":{"rendered":"<p class=\"p1\">Gefertigt aus 100 % nat\u00fcrlicher, erneuerbarer Gostwyck Ultrafine Merino ist dies nicht nur ein Schlafsack Inlett, sondern ein echtes Statement f\u00fcr dein Schlafsystem. Die Faser mit unter 15,5 Mikrometer geh\u00f6rt zu den feinsten Merinoqualit\u00e4ten \u00fcberhaupt, weicher als 99,9 % aller anderen Merinos, und h\u00fcllt dich Nacht f\u00fcr Nacht auf Tour in einen nahezu reibungsfreien, juckfreien Komfortkokon.<\/p>\n<p class=\"p1\">Diese luxuri\u00f6se Gostwyck Merino f\u00fchlt sich nicht nur edel an, sie liefert auch eine Leistung auf Niveau eines Setups ohne Abstriche. Sie transportiert Feuchtigkeit effizient und trocknet in feuchtwarmer Luft auf langen Trails deutlich schneller als andere Merinos, damit sich dein Schlaf nie feucht, klamm oder minderwertig anf\u00fchlt.<\/p>\n<p class=\"p1\">Die ultrafeinen Fasern bieten zudem eine \u00fcberlegene Geruchshemmung und halten deinen Schlafsack merklich l\u00e4nger frisch. Ob im Zelt, in einer H\u00fctte, im Refuge, Hostel oder Hotel, sie f\u00fcgt eine zus\u00e4tzliche Schutzschicht hinzu und gibt dir die ruhige Sicherheit, im feinsten Schlafsack Inlett zu schlafen, das erh\u00e4ltlich ist.<\/p>\n<ul>\n<li class=\"p1\">Halte deinen Schlafsack auf langen Abenteuern sauber.<\/li>\n<li class=\"p1\">Hergestellt aus Gostwyck Ultrafine Merino bietet das Inlett eine unvergleichliche, hautnahe Weichheit.<\/li>\n<li class=\"p1\">Ideal als zus\u00e4tzliche Schutzschicht beim Schlafen in Hostels und Hotels.<\/li>\n<li class=\"p1\">An warmen N\u00e4chten kannst du es als eigenst\u00e4ndigen Schlafsack verwenden. Das Inlett ist sehr d\u00fcnn und ohne Schlafsack nicht f\u00fcr Temperaturen unter etwa <span class=\"s1\"><b>18 \u00b0C<\/b><\/span> empfohlen.<\/li>\n<li class=\"p1\">Sorgt an k\u00fchlen N\u00e4chten f\u00fcr ein paar Grad zus\u00e4tzliche W\u00e4rme in deinem Schlafsack.<\/li>\n<li class=\"p1\">Nat\u00fcrlich elastisch passt sich das Inlett deinen K\u00f6rperbewegungen bequem an.<\/li>\n<li class=\"p1\">Atmungsaktives Material leitet Feuchtigkeit ab und hilft, deine K\u00f6rpertemperatur zu regulieren.<\/li>\n<li class=\"p1\">Merino ist einzigartig, da es Ger\u00fcche aufnimmt und unangenehme Ger\u00fcche reduziert.<\/li>\n<li class=\"p1\">Schnelltrocknend.<\/li>\n<li class=\"p1\">Hergestellt von Glacial Gear.<\/li>\n<\/ul>\n<p>&nbsp;<\/p>","protected":false},"excerpt":{"rendered":"<p>Gefertigt aus 100 % nat\u00fcrlicher, erneuerbarer Gostwyck Ultrafine Merino ist dies nicht nur ein Schlafsack Inlett, sondern ein echtes Statement<\/p>","protected":false},"featured_media":40718,"comment_status":"open","ping_status":"closed","template":"","meta":[],"product_brand":[220],"product_cat":[178],"product_tag":[],"class_list":{"0":"post-35771","1":"product","2":"type-product","3":"status-publish","4":"has-post-thumbnail","6":"product_brand-zpacks","7":"product_cat-schlafsaecke","8":"pa_hersteller-zpacks","10":"first","11":"instock","12":"taxable","13":"shipping-taxable","14":"purchasable","15":"product-type-variable","16":"has-default-attributes"},"_links":{"self":[{"href":"https:\/\/litepack.ch\/en\/wp-json\/wp\/v2\/product\/35771","targetHints":{"allow":["GET"]}}],"collection":[{"href":"https:\/\/litepack.ch\/en\/wp-json\/wp\/v2\/product"}],"about":[{"href":"https:\/\/litepack.ch\/en\/wp-json\/wp\/v2\/types\/product"}],"replies":[{"embeddable":true,"href":"https:\/\/litepack.ch\/en\/wp-json\/wp\/v2\/comments?post=35771"}],"wp:featuredmedia":[{"embeddable":true,"href":"https:\/\/litepack.ch\/en\/wp-json\/wp\/v2\/media\/40718"}],"wp:attachment":[{"href":"https:\/\/litepack.ch\/en\/wp-json\/wp\/v2\/media?parent=35771"}],"wp:term":[{"taxonomy":"product_brand","embeddable":true,"href":"https:\/\/litepack.ch\/en\/wp-json\/wp\/v2\/product_brand?post=35771"},{"taxonomy":"product_cat","embeddable":true,"href":"https:\/\/litepack.ch\/en\/wp-json\/wp\/v2\/product_cat?post=35771"},{"taxonomy":"product_tag","embeddable":true,"href":"https:\/\/litepack.ch\/en\/wp-json\/wp\/v2\/product_tag?post=35771"}],"curies":[{"name":"wp","href":"https:\/\/api.w.org\/{rel}","templated":true}]}}