{"id":35754,"date":"2025-01-28T16:12:23","date_gmt":"2025-01-28T15:12:23","guid":{"rendered":"http:\/\/litepack.ch\/?post_type=product&#038;p=35754"},"modified":"2025-11-25T22:39:19","modified_gmt":"2025-11-25T21:39:19","slug":"zpacks-trekking-stock-cup","status":"publish","type":"product","link":"https:\/\/litepack.ch\/en\/product\/zpacks-trekking-stock-cup\/","title":{"rendered":"Zpacks Trekking Stock Cup"},"content":{"rendered":"<p>Brauchst du eine Erh\u00f6hung? Mit diesem Stoffbecher kannst du den Kopf oder das Fu\u00dfende deines Unterschlupfs leicht anheben, um mehr Platz zu schaffen. Du kannst einen Trekkingstock mit dem Griff nach oben (aus dem Boden heraus), eine Zeltstange oder einen Stock verwenden. Die Schale f\u00e4ngt den Stangengriff oder die Spitze der Zeltstange sicher und m\u00fchelos auf.<br \/>\n81cm Zeltstangen haben genau die richtige L\u00e4nge, um den Kopf oder das Fu\u00dfende unserer Zelte abzust\u00fctzen. Oder verwende eine 122cm Stange am Kopf oder Fu\u00df eines flachen Tarps.<br \/>\nDas eine Ende der Stangenschale hat eine Schlaufe, die du mit einem Lerchenkopfknoten an jeder Abspannung befestigen kannst. Am anderen Ende ist ein Lineloc V angen\u00e4ht, mit dem du deine Abspannleine einstellen kannst.<br \/>\n<strong>Zus\u00e4tzliche Schnur nicht mitgeliefert<\/strong><\/p>","protected":false},"excerpt":{"rendered":"<p>Brauchst du eine Erh\u00f6hung? Mit diesem Stoffbecher kannst du den Kopf oder das Fu\u00dfende deines Unterschlupfs leicht anheben, um mehr<\/p>","protected":false},"featured_media":35758,"comment_status":"open","ping_status":"closed","template":"","meta":[],"product_brand":[220],"product_cat":[278,191],"product_tag":[],"class_list":{"0":"post-35754","1":"product","2":"type-product","3":"status-publish","4":"has-post-thumbnail","6":"product_brand-zpacks","7":"product_cat-zelt-zubehoer","8":"product_cat-zubehoer","9":"pa_hersteller-zpacks","11":"first","12":"instock","13":"taxable","14":"shipping-taxable","15":"purchasable","16":"product-type-simple"},"_links":{"self":[{"href":"https:\/\/litepack.ch\/en\/wp-json\/wp\/v2\/product\/35754","targetHints":{"allow":["GET"]}}],"collection":[{"href":"https:\/\/litepack.ch\/en\/wp-json\/wp\/v2\/product"}],"about":[{"href":"https:\/\/litepack.ch\/en\/wp-json\/wp\/v2\/types\/product"}],"replies":[{"embeddable":true,"href":"https:\/\/litepack.ch\/en\/wp-json\/wp\/v2\/comments?post=35754"}],"wp:featuredmedia":[{"embeddable":true,"href":"https:\/\/litepack.ch\/en\/wp-json\/wp\/v2\/media\/35758"}],"wp:attachment":[{"href":"https:\/\/litepack.ch\/en\/wp-json\/wp\/v2\/media?parent=35754"}],"wp:term":[{"taxonomy":"product_brand","embeddable":true,"href":"https:\/\/litepack.ch\/en\/wp-json\/wp\/v2\/product_brand?post=35754"},{"taxonomy":"product_cat","embeddable":true,"href":"https:\/\/litepack.ch\/en\/wp-json\/wp\/v2\/product_cat?post=35754"},{"taxonomy":"product_tag","embeddable":true,"href":"https:\/\/litepack.ch\/en\/wp-json\/wp\/v2\/product_tag?post=35754"}],"curies":[{"name":"wp","href":"https:\/\/api.w.org\/{rel}","templated":true}]}}