{"id":35747,"date":"2025-01-28T16:04:25","date_gmt":"2025-01-28T15:04:25","guid":{"rendered":"http:\/\/litepack.ch\/?post_type=product&#038;p=35747"},"modified":"2025-11-25T22:39:13","modified_gmt":"2025-11-25T21:39:13","slug":"zpacks-carbon-stockverlaengerung","status":"publish","type":"product","link":"https:\/\/litepack.ch\/en\/product\/zpacks-carbon-stockverlaengerung\/","title":{"rendered":"Zpacks Carbon Stockverl\u00e4ngerung"},"content":{"rendered":"<p>Unser universeller Stockheber hat einen Einsatz, der Ihre Stockspitze auff\u00e4ngt und sie zentriert und vertikal h\u00e4lt.<\/p>\n<p>Er ist mit einer Feder ausgestattet, um unterschiedliche Spitzenl\u00e4ngen auszugleichen. Diese Verl\u00e4ngerng passt auf fast alle Trekkingstockspitzen!<\/p>\n<p>Er hat eine Kappe am unteren Ende, damit sich kein Schmutz ansammelt.<\/p>\n<p>Dieser 30cm Stockheber verl\u00e4ngert Ihren Trekkingstock um ca. 26 cm. Das Rohr \u00fcberlappt die Spitze Ihres Trekkingstocks um etwa 5 cm, je nach Spitze.<\/p>\n<p>Wenn Sie die Buchse auf eine exakte L\u00e4nge f\u00fcr einen Trekkingstock mit fester L\u00e4nge anpassen m\u00f6chten, k\u00f6nnen Sie den Boden mit einer B\u00fcgels\u00e4ge oder einer Kreiss\u00e4ge abschneiden und dann die Kappe wieder anbringen.<\/p>\n<p>Hergestellt in den USA.<\/p>","protected":false},"excerpt":{"rendered":"<p>Unser universeller Stockheber hat einen Einsatz, der Ihre Stockspitze auff\u00e4ngt und sie zentriert und vertikal h\u00e4lt. Er ist mit einer<\/p>","protected":false},"featured_media":35750,"comment_status":"open","ping_status":"closed","template":"","meta":[],"product_brand":[220],"product_cat":[278,191],"product_tag":[],"class_list":{"0":"post-35747","1":"product","2":"type-product","3":"status-publish","4":"has-post-thumbnail","6":"product_brand-zpacks","7":"product_cat-zelt-zubehoer","8":"product_cat-zubehoer","9":"pa_hersteller-zpacks","11":"first","12":"instock","13":"taxable","14":"shipping-taxable","15":"purchasable","16":"product-type-simple"},"_links":{"self":[{"href":"https:\/\/litepack.ch\/en\/wp-json\/wp\/v2\/product\/35747","targetHints":{"allow":["GET"]}}],"collection":[{"href":"https:\/\/litepack.ch\/en\/wp-json\/wp\/v2\/product"}],"about":[{"href":"https:\/\/litepack.ch\/en\/wp-json\/wp\/v2\/types\/product"}],"replies":[{"embeddable":true,"href":"https:\/\/litepack.ch\/en\/wp-json\/wp\/v2\/comments?post=35747"}],"wp:featuredmedia":[{"embeddable":true,"href":"https:\/\/litepack.ch\/en\/wp-json\/wp\/v2\/media\/35750"}],"wp:attachment":[{"href":"https:\/\/litepack.ch\/en\/wp-json\/wp\/v2\/media?parent=35747"}],"wp:term":[{"taxonomy":"product_brand","embeddable":true,"href":"https:\/\/litepack.ch\/en\/wp-json\/wp\/v2\/product_brand?post=35747"},{"taxonomy":"product_cat","embeddable":true,"href":"https:\/\/litepack.ch\/en\/wp-json\/wp\/v2\/product_cat?post=35747"},{"taxonomy":"product_tag","embeddable":true,"href":"https:\/\/litepack.ch\/en\/wp-json\/wp\/v2\/product_tag?post=35747"}],"curies":[{"name":"wp","href":"https:\/\/api.w.org\/{rel}","templated":true}]}}