{"id":35744,"date":"2025-01-28T15:58:19","date_gmt":"2025-01-28T14:58:19","guid":{"rendered":"http:\/\/litepack.ch\/?post_type=product&#038;p=35744"},"modified":"2025-11-25T22:38:45","modified_gmt":"2025-11-25T21:38:45","slug":"zpacks-zelttasche","status":"publish","type":"product","link":"https:\/\/litepack.ch\/en\/product\/zpacks-zelttasche\/","title":{"rendered":"Zpacks Zelttasche"},"content":{"rendered":"<ul>\n<li>Sie m\u00fcssen nicht mehr im Dunkeln nach Ihrem Telefon, Ihrer Taschenlampe oder Ihrer Brille suchen. Bewahren Sie alle Ihre Wertsachen sicher an einem Ort auf. Diese Tasche ist am oberen Rand mit einem Streifen unseres Nahtbandes vern\u00e4ht. Ziehen Sie einfach die Papierr\u00fcckseite ab und kleben Sie sie an einen geeigneten Platz. Das Band haftet sehr gut auf <a href=\"https:\/\/litepack.ch\/en\/material-zpacks\/\" data-internallinksmanager029f6b8e52c=\"1\" title=\"Material Zpacks\">Dyneema<\/a>\u00ae-Verbundgewebe und auch auf urethanbeschichteten B\u00f6den. Es klebt nicht auf Silikongewebe.<\/li>\n<li>Alle neuen <a href=\"http:\/\/litepack.ch\/en\/product-category\/zelte\/?filter_hersteller=zpacks\">Zpacks-Zelte<\/a>, mit Ausnahme der \u201eLite\u201c-Zelte, haben bereits standardm\u00e4\u00dfig Taschen in der N\u00e4he der T\u00fcren. Diese aufklebbaren Taschen k\u00f6nnen verwendet werden, um \u00e4ltere Zelte nachzur\u00fcsten oder um Taschen an einer anderen Stelle anzubringen. Sie k\u00f6nnen auch an unseren Wannenb\u00f6den oder an Zelten anderer Hersteller angebracht werden.<\/li>\n<\/ul>","protected":false},"excerpt":{"rendered":"<p>Sie m\u00fcssen nicht mehr im Dunkeln nach Ihrem Telefon, Ihrer Taschenlampe oder Ihrer Brille suchen. Bewahren Sie alle Ihre Wertsachen<\/p>","protected":false},"featured_media":35745,"comment_status":"open","ping_status":"closed","template":"","meta":[],"product_brand":[220],"product_cat":[278,191],"product_tag":[],"class_list":{"0":"post-35744","1":"product","2":"type-product","3":"status-publish","4":"has-post-thumbnail","6":"product_brand-zpacks","7":"product_cat-zelt-zubehoer","8":"product_cat-zubehoer","9":"pa_hersteller-zpacks","11":"first","12":"instock","13":"taxable","14":"shipping-taxable","15":"purchasable","16":"product-type-simple"},"_links":{"self":[{"href":"https:\/\/litepack.ch\/en\/wp-json\/wp\/v2\/product\/35744","targetHints":{"allow":["GET"]}}],"collection":[{"href":"https:\/\/litepack.ch\/en\/wp-json\/wp\/v2\/product"}],"about":[{"href":"https:\/\/litepack.ch\/en\/wp-json\/wp\/v2\/types\/product"}],"replies":[{"embeddable":true,"href":"https:\/\/litepack.ch\/en\/wp-json\/wp\/v2\/comments?post=35744"}],"wp:featuredmedia":[{"embeddable":true,"href":"https:\/\/litepack.ch\/en\/wp-json\/wp\/v2\/media\/35745"}],"wp:attachment":[{"href":"https:\/\/litepack.ch\/en\/wp-json\/wp\/v2\/media?parent=35744"}],"wp:term":[{"taxonomy":"product_brand","embeddable":true,"href":"https:\/\/litepack.ch\/en\/wp-json\/wp\/v2\/product_brand?post=35744"},{"taxonomy":"product_cat","embeddable":true,"href":"https:\/\/litepack.ch\/en\/wp-json\/wp\/v2\/product_cat?post=35744"},{"taxonomy":"product_tag","embeddable":true,"href":"https:\/\/litepack.ch\/en\/wp-json\/wp\/v2\/product_tag?post=35744"}],"curies":[{"name":"wp","href":"https:\/\/api.w.org\/{rel}","templated":true}]}}