{"id":35678,"date":"2025-01-30T11:43:16","date_gmt":"2025-01-30T10:43:16","guid":{"rendered":"http:\/\/litepack.ch\/?post_type=product&#038;p=35678"},"modified":"2026-02-21T10:33:11","modified_gmt":"2026-02-21T09:33:11","slug":"zpacks-classic-schlafsack","status":"publish","type":"product","link":"https:\/\/litepack.ch\/en\/product\/zpacks-classic-schlafsack\/","title":{"rendered":"Zpacks Classic Schlafsack"},"content":{"rendered":"<p><strong><a href=\"\/en\/hersteller\/zpacks\/\" data-internallinksmanager029f6b8e52c=\"2\" title=\"Zpacks\">Zpacks<\/a> Schlafs\u00e4cke sollen so individuell sein wie du. Darum gibt es die meisten Schlafs\u00e4cke in 7 verschiedenen Gr\u00f6ssen, damit sich jeder darin optimal wohl f\u00fchlt. Die Temperatur Varianten bieten zus\u00e4tzliche Flexibilit\u00e4t f\u00fcr jede Situation. Und das ganze bietet <a href=\"\/en\/hersteller\/zpacks\/\" data-internallinksmanager029f6b8e52c=\"2\" title=\"Zpacks\">Zpacks<\/a> dir in 4  Farben. Darum wird praktisch jeder <strong>Schlafsack<\/strong><\/strong> <strong>individuell auf deine auf Bestellung gefertigt.<\/strong><\/p>\n\n\n\n<p><\/p>\n\n<ul>\n<li>Hergestellt aus Muscovy-Enten-Daunen mit einer F\u00fcllkraft von 900, die nach dem Responsible Down Standard zertifiziert sind.<\/li>\n<li>G\u00e4nse- und Entendaunen sind von Natur aus wasserabweisend, aber wie alle Daunen (ob behandelt oder nicht) werden sie nass, wenn sie l\u00e4nger als ein paar Minuten Feuchtigkeit ausgesetzt sind. Unsere Muscovy-Daunen werden mit Ultraschall gewaschen. Sie sind geruchsneutral und enthalten keine zus\u00e4tzlichen Chemikalien oder Behandlungen.<\/li>\n<li>Jedes Fach ist mit 30 % mehr Premium-Daunen mit einer F\u00fcllkraft von 900 gef\u00fcllt, als f\u00fcr maximale Bauschkraft erforderlich ist, um einer zuk\u00fcnftigen Kompression der Daunen Rechnung zu tragen.<\/li>\n<li>Vertikale Kammern im Oberk\u00f6rper verhindern, dass die Daunen zu den Seiten <a href=\"https:\/\/litepack.ch\/en\/pilgerreisen\/\" data-internallinksmanager029f6b8e52c=\"6\" title=\"Pilgerreisen\">wandern<\/a>. Eng angeordnete Kammern sorgen f\u00fcr eine gleichm\u00e4\u00dfige Verteilung der Daunen, sodass keine K\u00e4ltebr\u00fccken entstehen. Es gibt keine \u201edurchgen\u00e4hten\u201d N\u00e4hte.<\/li>\n<li>Unser rechteckiger Fu\u00dfbereich ist ger\u00e4umig und passt sich bequem der Form Ihrer F\u00fc\u00dfe an, wenn Sie auf der Seite, auf dem Bauch oder auf dem R\u00fccken liegen und Ihre F\u00fc\u00dfe in einer entspannten Position nach au\u00dfen zeigen.<\/li>\n<li>Das schnell trocknende 0,51 oz\/sqyd <a href=\"https:\/\/litepack.ch\/en\/material-zpacks\/\" data-internallinksmanager029f6b8e52c=\"1\" title=\"Material Zpacks\">Ventum<\/a> Ripstop Nylon-Futter und die Au\u00dfenh\u00fclle sind mit einer <a href=\"https:\/\/litepack.ch\/en\/pfas-chemikalien\/\" data-internallinksmanager029f6b8e52c=\"4\" title=\"PFAS Free\">PFAS<\/a>-freien, dauerhaften C0-Wasserabweisung behandelt, um Spritzwasser und K\u00f6rperfeuchtigkeit abzuweisen. Die Materialien enthalten keine sch\u00e4dlichen Chemikalien wie Flammschutzmittel.<\/li>\n<li>Der 3\/4-Rei\u00dfverschluss reicht bis zu den Waden. Der Rei\u00dfverschluss befindet sich an der Unterseite des Schlafsacks und erm\u00f6glicht verschiedene Schlafpositionen.<\/li>\n<li>Der Schlafsack l\u00e4sst sich leicht \u00f6ffnen, um im \u201eQuilt-Modus\u201d f\u00fcr Bel\u00fcftung zu sorgen. Meistens werden Sie den Rei\u00dfverschluss wahrscheinlich gar nicht benutzen.<\/li>\n<li>Da sich der Reissverschluss unter dir befindet, ist keine Windschutzlasche am Reissverschluss erforderlich \u2013 das bedeutet weniger Gewicht und eine viel geringere Wahrscheinlichkeit, dass sich der Reissverschluss verhakt. Das Ein- und Aussteigen ist so einfach wie das Drehen des Rei\u00dfverschlusses zur Seite oder das Ein- und Ausgleiten durch die Oberseite des Schlafsacks.<\/li>\n<li>Ein flacher Clip oben am Rei\u00dfverschluss h\u00e4lt den Rei\u00dfverschluss sicher geschlossen. Oder verwende den Clip allein, wenn der Reissverschluss zur Bel\u00fcftung ge\u00f6ffnet ist.<\/li>\n<li>Eine elastische Kordel kann um den Hals festgezogen werden, um Zugluft fernzuhalten, oder Sie k\u00f6nnen den Schlafsack bis \u00fcber die Ohren ziehen. Dieser Schlafsack hat keine Kapuze \u2013 tragen Sie eine warme M\u00fctze oder eine Goose Down Hood oder w\u00e4hlen Sie eine l\u00e4ngere Gr\u00f6\u00dfe, wenn Sie ihn \u00fcber den Kopf ziehen m\u00f6chten.<\/li>\n<li>Ein Rolltop-Packsack ist im Lieferumfang enthalten und erh\u00f6ht das angegebene Gewicht um ca. 25,5 Gramm. Die Packs\u00e4cke sind bequem zu tragen und k\u00f6nnen durch Zusammendr\u00fccken des Inhalts und weiteres Herunterrollen des Oberteils weiter komprimiert werden.<\/li>\n<li>Hergestellt in den USA.<\/li>\n<\/ul>\n<p><iframe title=\"Zpacks Classic Sleeping | Overview\" width=\"500\" height=\"281\" src=\"https:\/\/www.youtube.com\/embed\/O2AK1B3BRY8?feature=oembed\" frameborder=\"0\" allow=\"accelerometer; autoplay; clipboard-write; encrypted-media; gyroscope; picture-in-picture; web-share\" referrerpolicy=\"strict-origin-when-cross-origin\" allowfullscreen><\/iframe><\/p>","protected":false},"excerpt":{"rendered":"<p>Hergestellt aus Muscovy-Enten-Daunen mit einer F\u00fcllkraft von 900, die nach dem Responsible Down Standard zertifiziert sind. G\u00e4nse- und Entendaunen sind<\/p>","protected":false},"featured_media":39221,"comment_status":"open","ping_status":"closed","template":"","meta":[],"product_brand":[220],"product_cat":[178],"product_tag":[],"class_list":{"0":"post-35678","1":"product","2":"type-product","3":"status-publish","4":"has-post-thumbnail","6":"product_brand-zpacks","7":"product_cat-schlafsaecke","8":"pa_hersteller-zpacks","10":"first","11":"instock","12":"taxable","13":"shipping-taxable","14":"purchasable","15":"product-type-variable","16":"has-default-attributes"},"_links":{"self":[{"href":"https:\/\/litepack.ch\/en\/wp-json\/wp\/v2\/product\/35678","targetHints":{"allow":["GET"]}}],"collection":[{"href":"https:\/\/litepack.ch\/en\/wp-json\/wp\/v2\/product"}],"about":[{"href":"https:\/\/litepack.ch\/en\/wp-json\/wp\/v2\/types\/product"}],"replies":[{"embeddable":true,"href":"https:\/\/litepack.ch\/en\/wp-json\/wp\/v2\/comments?post=35678"}],"wp:featuredmedia":[{"embeddable":true,"href":"https:\/\/litepack.ch\/en\/wp-json\/wp\/v2\/media\/39221"}],"wp:attachment":[{"href":"https:\/\/litepack.ch\/en\/wp-json\/wp\/v2\/media?parent=35678"}],"wp:term":[{"taxonomy":"product_brand","embeddable":true,"href":"https:\/\/litepack.ch\/en\/wp-json\/wp\/v2\/product_brand?post=35678"},{"taxonomy":"product_cat","embeddable":true,"href":"https:\/\/litepack.ch\/en\/wp-json\/wp\/v2\/product_cat?post=35678"},{"taxonomy":"product_tag","embeddable":true,"href":"https:\/\/litepack.ch\/en\/wp-json\/wp\/v2\/product_tag?post=35678"}],"curies":[{"name":"wp","href":"https:\/\/api.w.org\/{rel}","templated":true}]}}