{"id":35625,"date":"2025-01-26T20:45:15","date_gmt":"2025-01-26T19:45:15","guid":{"rendered":"http:\/\/litepack.ch\/?post_type=product&#038;p=35625"},"modified":"2025-09-26T13:09:15","modified_gmt":"2025-09-26T12:09:15","slug":"zpacks-bathtub-groundsheet","status":"publish","type":"product","link":"https:\/\/litepack.ch\/en\/product\/zpacks-bathtub-groundsheet\/","title":{"rendered":"Zpacks Bathtub Groundsheet"},"content":{"rendered":"<p><strong>Solo<\/strong><\/p>\n<ul>\n<li>Die Bodenplane ist aus schwarzem 1,0 oz\/qd <a href=\"https:\/\/litepack.ch\/en\/material-zpacks\/\" data-internallinksmanager029f6b8e52c=\"1\" title=\"Material Zpacks\">Dyneema<\/a>\u00ae Composite Fabric gefertigt. Dieses Material ist wasserdicht, einigerma\u00dfen pannensicher und abriebfest und dennoch sehr leicht.<\/li>\n<li><a href=\"https:\/\/litepack.ch\/en\/material-zpacks\/\" data-internallinksmanager029f6b8e52c=\"1\" title=\"Material Zpacks\">Dyneema<\/a>\u00ae Composite Fabric kann im Falle einer Panne leicht mit Reparaturband geflickt werden.<\/li>\n<li>Die Wannenb\u00f6den werden an den R\u00e4ndern gefaltet, so dass eine Wand entsteht, die Sie vor Grundwasser und Spritzwasser sch\u00fctzt. Die Ecken sind gefaltet und oben vern\u00e4ht, so dass es keine N\u00e4hte gibt, die an den Ecken abgedichtet werden m\u00fcssen.<\/li>\n<li>Mit den 6 Befestigungsschlaufen an den Ecken und Seiten k\u00f6nnen Sie die W\u00e4nde der Bodenplane an Ihrem Zelt befestigen, um sie mit unserem <a href=\"http:\/\/litepack.ch\/en\/product\/zpacks-groundsheet-attachment-kit\/\">Groundsheet Attachment Kit<\/a> (separat erh\u00e4ltlich) zu befestigen.<\/li>\n<\/ul>\n<p><strong>Solo Plus<\/strong><\/p>\n<ul>\n<li>Das Bathtub Groundsheet in Solo-Plus-Gr\u00f6\u00dfe bietet viel Platz f\u00fcr einen einzelnen Wanderer und seine Ausr\u00fcstung. Es passt hervorragend unter unser Hexamid Pocket Tarp oder unter ein flaches Tarp.<\/li>\n<li>Es ist auch als Poncho-Version erh\u00e4ltlich, die auch als Rucksackabdeckung verwendet werden kann.<br \/>\nUnser etwas kleineres Solo Bathtub Groundsheet ist eine gute L\u00f6sung f\u00fcr alle, die nicht so viel Platz ben\u00f6tigen.<br \/>\nBathtub Groundsheets sind nicht Ihr Ding? Wie w\u00e4re es mit unseren Flat Groundsheets?<\/li>\n<li>Verwenden Sie unser Groundsheet Attachment Kit, um es mit unserem <a href=\"http:\/\/litepack.ch\/en\/product\/zpacks-hexamid-pocket-tarp\/\">Hexamid Pocket Tarp<\/a> oder anderen Tarps zu verbinden.<\/li>\n<\/ul>\n<p><strong>Hexamid<\/strong><\/p>\n<ul>\n<li>Das Hexamid Bathtub Groundsheet ist so dimensioniert, dass es perfekt mit dem Hexamid Tarp oder dem Hexamid Tent zusammenpasst. Sie hat 15,25 cm (6&#8243;) hohe W\u00e4nde um den Umfang herum, um vor Grundwasser und Spritzwasser zu sch\u00fctzen.<\/li>\n<li>Es hat Schlaufen an den sechs Ecken und kann mit sechs mitgelieferten, verstellbaren Schnurhaken an den Ecken von Zelt oder Tarp befestigt werden. Die Kordeln sorgen daf\u00fcr, dass die W\u00e4nde hochgezogen werden, dass sie vom Zeltrand abstehen und dass sie nicht verrutschen oder herumfliegen.<\/li>\n<li>Die Bodenplane kann leicht entfernt werden, um unter den Sternen zu schlafen oder um die Unterkunft und die Bodenplane separat schneller zu trocknen.<\/li>\n<li>Bei der Verwendung mit dem Hexamid Tarp wird der vordere mittlere Kordelhaken um den Trekkingstock gewickelt. Bei Verwendung mit dem Zelt wird die vordere Mitte direkt an der Zeltt\u00fcr eingeh\u00e4ngt und die sechste Leine ist nicht erforderlich.<\/li>\n<li>Hergestellt in den USA aus ultraleichtem, wasserdichtem und strapazierf\u00e4higem .75 oz\/sqyd <a href=\"https:\/\/litepack.ch\/en\/material-zpacks\/\" data-internallinksmanager029f6b8e52c=\"1\" title=\"Material Zpacks\">Dyneema<\/a>\u00ae Composite-Gewebe.<\/li>\n<\/ul>","protected":false},"excerpt":{"rendered":"<p>Solo Die Bodenplane ist aus schwarzem 1,0 oz\/qd Dyneema\u00ae Composite Fabric gefertigt. Dieses Material ist wasserdicht, einigerma\u00dfen pannensicher und abriebfest<\/p>","protected":false},"featured_media":35652,"comment_status":"open","ping_status":"closed","template":"","meta":[],"product_brand":[220],"product_cat":[278,191],"product_tag":[],"class_list":{"0":"post-35625","1":"product","2":"type-product","3":"status-publish","4":"has-post-thumbnail","6":"product_brand-zpacks","7":"product_cat-zelt-zubehoer","8":"product_cat-zubehoer","9":"pa_hersteller-zpacks","11":"first","12":"instock","13":"taxable","14":"shipping-taxable","15":"purchasable","16":"product-type-variable"},"_links":{"self":[{"href":"https:\/\/litepack.ch\/en\/wp-json\/wp\/v2\/product\/35625","targetHints":{"allow":["GET"]}}],"collection":[{"href":"https:\/\/litepack.ch\/en\/wp-json\/wp\/v2\/product"}],"about":[{"href":"https:\/\/litepack.ch\/en\/wp-json\/wp\/v2\/types\/product"}],"replies":[{"embeddable":true,"href":"https:\/\/litepack.ch\/en\/wp-json\/wp\/v2\/comments?post=35625"}],"wp:featuredmedia":[{"embeddable":true,"href":"https:\/\/litepack.ch\/en\/wp-json\/wp\/v2\/media\/35652"}],"wp:attachment":[{"href":"https:\/\/litepack.ch\/en\/wp-json\/wp\/v2\/media?parent=35625"}],"wp:term":[{"taxonomy":"product_brand","embeddable":true,"href":"https:\/\/litepack.ch\/en\/wp-json\/wp\/v2\/product_brand?post=35625"},{"taxonomy":"product_cat","embeddable":true,"href":"https:\/\/litepack.ch\/en\/wp-json\/wp\/v2\/product_cat?post=35625"},{"taxonomy":"product_tag","embeddable":true,"href":"https:\/\/litepack.ch\/en\/wp-json\/wp\/v2\/product_tag?post=35625"}],"curies":[{"name":"wp","href":"https:\/\/api.w.org\/{rel}","templated":true}]}}