{"id":35624,"date":"2025-01-26T20:45:15","date_gmt":"2025-01-26T19:45:15","guid":{"rendered":"http:\/\/litepack.ch\/?post_type=product&#038;p=35624"},"modified":"2025-09-26T13:10:04","modified_gmt":"2025-09-26T12:10:04","slug":"zpacks-groundsheet","status":"publish","type":"product","link":"https:\/\/litepack.ch\/en\/product\/zpacks-groundsheet\/","title":{"rendered":"Zpacks Groundsheet"},"content":{"rendered":"<ul>\n<li>Hergestellt aus 34 g\/m\u00b2 <a href=\"https:\/\/litepack.ch\/en\/material-zpacks\/\" data-internallinksmanager029f6b8e52c=\"1\" title=\"Material Zpacks\">Dyneema<\/a>\u00ae Composite Fabric. Das Material ist wasserdicht und hat eine gute Abrieb- und Durchstichfestigkeit f\u00fcr sein Gewicht.<\/li>\n<li>Die R\u00e4nder sind ges\u00e4umt, und an den Ecken und in der Mitte der Seiten befinden sich Schlaufen zur Befestigung.<\/li>\n<li>Die Zeltb\u00f6den f\u00fcr unsere freistehenden Zelte verf\u00fcgen \u00fcber Gummib\u00e4nder mit Schlaufen an den Ecken, mit denen der Zeltboden an den Ecken des Zelts an den Zeltstangen befestigt werden kann.<\/li>\n<li>Die Abmessungen der flachen Bodenplane sind ein paar Zentimeter schmaler und k\u00fcrzer als der Zeltboden, auf den sie passt, um zu verhindern, dass sich Regenwasser auf der Bodenplane ansammelt.<\/li>\n<li>Wannenf\u00f6rmige Zeltunterlagen f\u00fcr die Verwendung unter flachen Tarps sind <a href=\"http:\/\/litepack.ch\/en\/product\/zpacks-bathtub-groundsheet\/\">hier<\/a> erh\u00e4ltlich.<\/li>\n<li>Hergestellt in den USA.<\/li>\n<\/ul>","protected":false},"excerpt":{"rendered":"<p>Hergestellt aus 34 g\/m\u00b2 Dyneema\u00ae Composite Fabric. Das Material ist wasserdicht und hat eine gute Abrieb- und Durchstichfestigkeit f\u00fcr sein<\/p>","protected":false},"featured_media":35658,"comment_status":"open","ping_status":"closed","template":"","meta":[],"product_brand":[220],"product_cat":[278,191],"product_tag":[],"class_list":{"0":"post-35624","1":"product","2":"type-product","3":"status-publish","4":"has-post-thumbnail","6":"product_brand-zpacks","7":"product_cat-zelt-zubehoer","8":"product_cat-zubehoer","9":"pa_hersteller-zpacks","11":"first","12":"instock","13":"taxable","14":"shipping-taxable","15":"purchasable","16":"product-type-variable"},"_links":{"self":[{"href":"https:\/\/litepack.ch\/en\/wp-json\/wp\/v2\/product\/35624","targetHints":{"allow":["GET"]}}],"collection":[{"href":"https:\/\/litepack.ch\/en\/wp-json\/wp\/v2\/product"}],"about":[{"href":"https:\/\/litepack.ch\/en\/wp-json\/wp\/v2\/types\/product"}],"replies":[{"embeddable":true,"href":"https:\/\/litepack.ch\/en\/wp-json\/wp\/v2\/comments?post=35624"}],"wp:featuredmedia":[{"embeddable":true,"href":"https:\/\/litepack.ch\/en\/wp-json\/wp\/v2\/media\/35658"}],"wp:attachment":[{"href":"https:\/\/litepack.ch\/en\/wp-json\/wp\/v2\/media?parent=35624"}],"wp:term":[{"taxonomy":"product_brand","embeddable":true,"href":"https:\/\/litepack.ch\/en\/wp-json\/wp\/v2\/product_brand?post=35624"},{"taxonomy":"product_cat","embeddable":true,"href":"https:\/\/litepack.ch\/en\/wp-json\/wp\/v2\/product_cat?post=35624"},{"taxonomy":"product_tag","embeddable":true,"href":"https:\/\/litepack.ch\/en\/wp-json\/wp\/v2\/product_tag?post=35624"}],"curies":[{"name":"wp","href":"https:\/\/api.w.org\/{rel}","templated":true}]}}