{"id":35613,"date":"2025-01-26T19:06:58","date_gmt":"2025-01-26T18:06:58","guid":{"rendered":"http:\/\/litepack.ch\/?post_type=product&#038;p=35613"},"modified":"2026-04-16T22:44:00","modified_gmt":"2026-04-16T21:44:00","slug":"zpacks-zeltstangen-sack","status":"publish","type":"product","link":"https:\/\/litepack.ch\/en\/product\/zpacks-zeltstangen-sack\/","title":{"rendered":"Zpacks Zeltstangen Sack"},"content":{"rendered":"<p>Hergestellt aus schwarzem 1,0 oz\/sqyd <a href=\"https:\/\/litepack.ch\/en\/material-zpacks\/\" data-internallinksmanager029f6b8e52c=\"1\" title=\"Material Zpacks\">Dyneema<\/a>\u00ae Composite-Gewebe, das von Natur aus wasserdicht und abriebfest ist.<\/p>\n<p>Packs\u00e4cke k\u00f6nnen leicht mit <a href=\"https:\/\/litepack.ch\/en\/material-zpacks\/\" data-internallinksmanager029f6b8e52c=\"1\" title=\"Material Zpacks\">Dyneema<\/a>\u00ae Composite Fabric Tape geflickt werden.<\/p>\n<p>Mit diesem Zeltstangensack k\u00f6nnen Sie Ihre Zeltstangen organisiert in der Seitentasche Ihres Rucksacks aufbewahren und auch den Schirm sch\u00fctzen und verstauen. Falte das Oberteil \u00fcber das Zeltgest\u00e4nge und ziehe es mit dem Kordelzug wie ein Gummiband fest.<\/p>","protected":false},"excerpt":{"rendered":"<p>Hergestellt aus schwarzem 1,0 oz\/sqyd Dyneema\u00ae Composite-Gewebe, das von Natur aus wasserdicht und abriebfest ist. Packs\u00e4cke k\u00f6nnen leicht mit Dyneema\u00ae<\/p>","protected":false},"featured_media":35612,"comment_status":"open","ping_status":"closed","template":"","meta":[],"product_brand":[220],"product_cat":[278,191],"product_tag":[],"class_list":{"0":"post-35613","1":"product","2":"type-product","3":"status-publish","4":"has-post-thumbnail","6":"product_brand-zpacks","7":"product_cat-zelt-zubehoer","8":"product_cat-zubehoer","9":"pa_hersteller-zpacks","11":"first","12":"instock","13":"taxable","14":"shipping-taxable","15":"purchasable","16":"product-type-variable"},"_links":{"self":[{"href":"https:\/\/litepack.ch\/en\/wp-json\/wp\/v2\/product\/35613","targetHints":{"allow":["GET"]}}],"collection":[{"href":"https:\/\/litepack.ch\/en\/wp-json\/wp\/v2\/product"}],"about":[{"href":"https:\/\/litepack.ch\/en\/wp-json\/wp\/v2\/types\/product"}],"replies":[{"embeddable":true,"href":"https:\/\/litepack.ch\/en\/wp-json\/wp\/v2\/comments?post=35613"}],"wp:featuredmedia":[{"embeddable":true,"href":"https:\/\/litepack.ch\/en\/wp-json\/wp\/v2\/media\/35612"}],"wp:attachment":[{"href":"https:\/\/litepack.ch\/en\/wp-json\/wp\/v2\/media?parent=35613"}],"wp:term":[{"taxonomy":"product_brand","embeddable":true,"href":"https:\/\/litepack.ch\/en\/wp-json\/wp\/v2\/product_brand?post=35613"},{"taxonomy":"product_cat","embeddable":true,"href":"https:\/\/litepack.ch\/en\/wp-json\/wp\/v2\/product_cat?post=35613"},{"taxonomy":"product_tag","embeddable":true,"href":"https:\/\/litepack.ch\/en\/wp-json\/wp\/v2\/product_tag?post=35613"}],"curies":[{"name":"wp","href":"https:\/\/api.w.org\/{rel}","templated":true}]}}