{"id":35256,"date":"2025-01-24T18:01:35","date_gmt":"2025-01-24T17:01:35","guid":{"rendered":"http:\/\/litepack.ch\/produkt\/zpacks-duplex-freestanding-flex-kit\/"},"modified":"2026-02-11T08:54:11","modified_gmt":"2026-02-11T07:54:11","slug":"zpacks-duplex-freestanding-flex-kit","status":"publish","type":"product","link":"https:\/\/litepack.ch\/en\/product\/zpacks-duplex-freestanding-flex-kit\/","title":{"rendered":"Zpacks Duplex Freestanding Flex Kit"},"content":{"rendered":"<p>Verwandle dein Duplex Classic oder Duplex Pro Zelt in ein freistehendes Ultralight-Zelt \u2013 perfekt fu\u0308r Orte, an denen <a href=\"https:\/\/litepack.ch\/en\/shop\/?min_price=0&amp;max_price=40&amp;s=Hering&amp;post_type=product\" data-internallinksmanager029f6b8e52c=\"3\" title=\"Zpacks Heringe\">Stakes<\/a> keine Option sind. Unser Flex Kit eignet sich ideal fu\u0308r Plattform-Camping auf dem Overland Track oder in den White Mountains sowie fu\u0308r festgedru\u0308ckte Camps entlang des John Muir Trail. Die Stangen lassen sich kompakt zusammenfalten und passen dadurch perfekt fu\u0308r Bikepacking und kleinere Rucks\u00e4cke.<\/p>\n<p>Das Flex Kit ist, als wu\u0308rdest du zwei Ultralight-Zelte in einem besitzen. Installiere einfach die Hardware, befestige die leichten Flex-Stangen an deinem Duplex \u2013 und schon bist du startklar.<\/p>\n<p>Jetzt erh\u00e4ltlich in Ultralight Carbon Fiber oder Aluminium. Beide Varianten bieten vergleichbare Flexibilit\u00e4t, Haltbarkeit und Gesamtperformance. W\u00e4hle Carbon fu\u0308r m\u00f6glichst geringes Gewicht oder Aluminium fu\u0308r ein etwas ku\u0308rzeres Packmass und eine gu\u0308nstigere Option.<\/p>\n<p>*ZELT NICHT ENTHALTEN<br \/>\nDas Duplex Flex Kit ist nur kompatibel mit unseren Duplex Classic, Duplex Pro und Duplex Zip Zelten ab Baujahr 2016. Wenn du ein \u00e4lteres Zelt hast, stelle sicher, dass an jedem Peak zwei Ringe angen\u00e4ht sind, sonst ist es nicht kompatibel.<\/p>\n<ul>\n<li>Passt fu\u0308r Duplex Classic oder Duplex Pro Zelte.<\/li>\n<li>Aufbau m\u00f6glich auf Strandsand, Granit, Zeltplattformen, festgedru\u0308ckten Car-Camping-Stellpl\u00e4tzen und anderen Untergru\u0308nden, auf denen <a href=\"https:\/\/litepack.ch\/en\/shop\/?min_price=0&amp;max_price=40&amp;s=Hering&amp;post_type=product\" data-internallinksmanager029f6b8e52c=\"3\" title=\"Zpacks Heringe\">Stakes<\/a> schwierig sind.<\/li>\n<li>Schneller und einfacher Aufbau. Die vier Stangen werden in die Ringe an Peaks und Ecken eingesetzt, in der Mitte befindet sich ein Toggle.<\/li>\n<li>Verwende Trekkingst\u00f6cke oder 122 cm Zeltstangen, um die Peaks bei starkem Wind zu stabilisieren. Die Flex-Stangen k\u00f6nnen bei moderatem Wetter auch alleine verwendet werden, biegen sich jedoch bei starkem Wind, wenn die Peaks nicht abgestu\u0308tzt sind.<\/li>\n<li>Die Kombination aus Flex-Stangen und Trekkingst\u00f6cken ergibt ein sehr steifes Shelter, das bei starkem Wind stabiler ist als jede Variante fu\u0308r sich alleine.<\/li>\n<li>Das kompakte Packmass erm\u00f6glicht es, die Stangen zusammen mit dem Zelt einzurollen. Ideal fu\u0308r Bikepacking und kleine Rucks\u00e4cke. Die Stangen passen in den Packsack deines Zelts.<\/li>\n<li>Flex-Stangen ziehen die Zeltw\u00e4nde nach aussen und schaffen dadurch mehr Kopf- und Fussfreiheit im Vergleich zur Nutzung von Trekkingst\u00f6cken allein.<\/li>\n<li>Lass die Flex-Stangen bei reinen Ultralight-Touren zuhause, wenn du sie nicht brauchst \u2013 oder nimm sie fu\u0308r anspruchsvollere Bedingungen mit, bei denen jedes Gramm weniger entscheidend ist.<\/li>\n<li>Befestigungs-Hardware und ein Packsack aus <a href=\"https:\/\/litepack.ch\/en\/material-zpacks\/\" data-internallinksmanager029f6b8e52c=\"1\" title=\"Material Zpacks\">Dyneema<\/a> Composite Fabric sind im Preis und Gewicht enthalten.<\/li>\n<\/ul>\n<p><iframe title=\"Zpacks Duplex Flex \u2022 Freestanding Tent Add-On | Overview &amp; Setup\" width=\"500\" height=\"281\" src=\"https:\/\/www.youtube.com\/embed\/adU3zxlAmXc?feature=oembed\" frameborder=\"0\" allow=\"accelerometer; autoplay; clipboard-write; encrypted-media; gyroscope; picture-in-picture; web-share\" referrerpolicy=\"strict-origin-when-cross-origin\" allowfullscreen><\/iframe><\/p>\n<p>&nbsp;<\/p>","protected":false},"excerpt":{"rendered":"<p>Verwandle dein Duplex Classic oder Duplex Pro Zelt in ein freistehendes Ultralight-Zelt \u2013 perfekt fu\u0308r Orte, an denen Heringe keine<\/p>","protected":false},"featured_media":35610,"comment_status":"open","ping_status":"closed","template":"","meta":[],"product_brand":[220],"product_cat":[278,191],"product_tag":[],"class_list":{"0":"post-35256","1":"product","2":"type-product","3":"status-publish","4":"has-post-thumbnail","6":"product_brand-zpacks","7":"product_cat-zelt-zubehoer","8":"product_cat-zubehoer","9":"pa_hersteller-zpacks","11":"first","12":"instock","13":"taxable","14":"shipping-taxable","15":"purchasable","16":"product-type-variable","17":"has-default-attributes"},"_links":{"self":[{"href":"https:\/\/litepack.ch\/en\/wp-json\/wp\/v2\/product\/35256","targetHints":{"allow":["GET"]}}],"collection":[{"href":"https:\/\/litepack.ch\/en\/wp-json\/wp\/v2\/product"}],"about":[{"href":"https:\/\/litepack.ch\/en\/wp-json\/wp\/v2\/types\/product"}],"replies":[{"embeddable":true,"href":"https:\/\/litepack.ch\/en\/wp-json\/wp\/v2\/comments?post=35256"}],"wp:featuredmedia":[{"embeddable":true,"href":"https:\/\/litepack.ch\/en\/wp-json\/wp\/v2\/media\/35610"}],"wp:attachment":[{"href":"https:\/\/litepack.ch\/en\/wp-json\/wp\/v2\/media?parent=35256"}],"wp:term":[{"taxonomy":"product_brand","embeddable":true,"href":"https:\/\/litepack.ch\/en\/wp-json\/wp\/v2\/product_brand?post=35256"},{"taxonomy":"product_cat","embeddable":true,"href":"https:\/\/litepack.ch\/en\/wp-json\/wp\/v2\/product_cat?post=35256"},{"taxonomy":"product_tag","embeddable":true,"href":"https:\/\/litepack.ch\/en\/wp-json\/wp\/v2\/product_tag?post=35256"}],"curies":[{"name":"wp","href":"https:\/\/api.w.org\/{rel}","templated":true}]}}