{"id":35255,"date":"2025-01-24T18:01:35","date_gmt":"2025-01-24T17:01:35","guid":{"rendered":"http:\/\/litepack.ch\/produkt\/zpacks-groundsheet-attachment-kit\/"},"modified":"2025-06-17T21:36:36","modified_gmt":"2025-06-17T20:36:36","slug":"zpacks-groundsheet-attachment-kit","status":"publish","type":"product","link":"https:\/\/litepack.ch\/en\/product\/zpacks-groundsheet-attachment-kit\/","title":{"rendered":"Zpacks Groundsheet Attachment Kit"},"content":{"rendered":"<p>Verhindern Sie, dass Ihr Zeltboden weggeweht oder verrutscht, indem Sie ihn an Ihrem Tarp befestigen. Mit diesem Set k\u00f6nnen Sie unsere Wannenb\u00f6den an unserem Hexamid Pocket Tarp oder an jedem anderen Tarp befestigen. Dieses Set enth\u00e4lt 6 elastische Schlaufen, jede mit eigenem F\u00e4ustelhaken und Kordelverschluss.<br \/>\nBefestigen Sie die elastischen B\u00e4nder an Ihrem Zeltboden. Befestigen Sie die elastischen Schlaufen an den Ecken der Plane, h\u00e4ngen Sie dann die F\u00e4ustelhaken an die Schlaufen an den Ecken der Plane und ziehen Sie den Kordelverschluss fest, um die Leinen straff zu halten.<br \/>\nBefestigen Sie ein zus\u00e4tzliches Gummiband an der vorderen mittleren Schlaufe Ihrer Zeltunterlage, damit Sie sie um Ihr Zelt\/Trekkingstange wickeln k\u00f6nnen.<br \/>\nWenn Ihr Tarp keine Schlaufen hat, an denen Sie das Gummiband befestigen k\u00f6nnen, sollten Sie zus\u00e4tzliche Stick on Loops verwenden.<\/p>","protected":false},"excerpt":{"rendered":"<p>Verhindern Sie, dass Ihr Zeltboden weggeweht oder verrutscht, indem Sie ihn an Ihrem Tarp befestigen. Mit diesem Set k\u00f6nnen Sie<\/p>","protected":false},"featured_media":35598,"comment_status":"open","ping_status":"closed","template":"","meta":[],"product_brand":[220],"product_cat":[278,191],"product_tag":[],"class_list":{"0":"post-35255","1":"product","2":"type-product","3":"status-publish","4":"has-post-thumbnail","6":"product_brand-zpacks","7":"product_cat-zelt-zubehoer","8":"product_cat-zubehoer","9":"pa_hersteller-zpacks","11":"first","12":"instock","13":"taxable","14":"shipping-taxable","15":"purchasable","16":"product-type-simple"},"_links":{"self":[{"href":"https:\/\/litepack.ch\/en\/wp-json\/wp\/v2\/product\/35255","targetHints":{"allow":["GET"]}}],"collection":[{"href":"https:\/\/litepack.ch\/en\/wp-json\/wp\/v2\/product"}],"about":[{"href":"https:\/\/litepack.ch\/en\/wp-json\/wp\/v2\/types\/product"}],"replies":[{"embeddable":true,"href":"https:\/\/litepack.ch\/en\/wp-json\/wp\/v2\/comments?post=35255"}],"wp:featuredmedia":[{"embeddable":true,"href":"https:\/\/litepack.ch\/en\/wp-json\/wp\/v2\/media\/35598"}],"wp:attachment":[{"href":"https:\/\/litepack.ch\/en\/wp-json\/wp\/v2\/media?parent=35255"}],"wp:term":[{"taxonomy":"product_brand","embeddable":true,"href":"https:\/\/litepack.ch\/en\/wp-json\/wp\/v2\/product_brand?post=35255"},{"taxonomy":"product_cat","embeddable":true,"href":"https:\/\/litepack.ch\/en\/wp-json\/wp\/v2\/product_cat?post=35255"},{"taxonomy":"product_tag","embeddable":true,"href":"https:\/\/litepack.ch\/en\/wp-json\/wp\/v2\/product_tag?post=35255"}],"curies":[{"name":"wp","href":"https:\/\/api.w.org\/{rel}","templated":true}]}}