{"id":35250,"date":"2025-01-24T18:01:34","date_gmt":"2025-01-24T17:01:34","guid":{"rendered":"http:\/\/litepack.ch\/produkt\/zpacks-big-ass-camp-tarp\/"},"modified":"2025-09-28T19:49:14","modified_gmt":"2025-09-28T18:49:14","slug":"zpacks-big-ass-camp-tarp","status":"publish","type":"product","link":"https:\/\/litepack.ch\/en\/product\/zpacks-big-ass-camp-tarp\/","title":{"rendered":"Zpacks Big Ass Camp Tarp"},"content":{"rendered":"<ul>\n<li>Hergestellt aus Olive Drab 18,7 g\/m\u00b2 <a href=\"https:\/\/litepack.ch\/en\/material-zpacks\/\" data-internallinksmanager029f6b8e52c=\"1\" title=\"Material Zpacks\">Dyneema<\/a>\u00ae Composite-Gewebe<\/li>\n<li>Die N\u00e4hte sind verschwei\u00dft und die Verbindungsstellen haben eingeklebte Verst\u00e4rkungen. Keine Nahtversiegelung erforderlich.<\/li>\n<li>Insgesamt 8 Befestigungspunkte.<\/li>\n<li><a href=\"https:\/\/litepack.ch\/en\/material-zpacks\/\" data-internallinksmanager029f6b8e52c=\"1\" title=\"Material Zpacks\">Dyneema<\/a> Composite Fabric ist von Natur aus wasserdicht und wird nicht mit potenziell sch\u00e4dlichen Chemikalien wie Flammschutzmitteln oder wasserabweisenden Mitteln behandelt.<\/li>\n<li>Hergestellt in den USA.<\/li>\n<\/ul>","protected":false},"excerpt":{"rendered":"<p>Hergestellt aus Olive Drab 18,7 g\/m\u00b2 Dyneema\u00ae Composite-Gewebe Die N\u00e4hte sind verschwei\u00dft und die Verbindungsstellen haben eingeklebte Verst\u00e4rkungen. Keine Nahtversiegelung<\/p>","protected":false},"featured_media":35335,"comment_status":"open","ping_status":"closed","template":"","meta":[],"product_brand":[220],"product_cat":[205,18],"product_tag":[],"class_list":{"0":"post-35250","1":"product","2":"type-product","3":"status-publish","4":"has-post-thumbnail","6":"product_brand-zpacks","7":"product_cat-tarps","8":"product_cat-zelte","9":"pa_hersteller-zpacks","11":"first","12":"instock","13":"taxable","14":"shipping-taxable","15":"purchasable","16":"product-type-simple"},"_links":{"self":[{"href":"https:\/\/litepack.ch\/en\/wp-json\/wp\/v2\/product\/35250","targetHints":{"allow":["GET"]}}],"collection":[{"href":"https:\/\/litepack.ch\/en\/wp-json\/wp\/v2\/product"}],"about":[{"href":"https:\/\/litepack.ch\/en\/wp-json\/wp\/v2\/types\/product"}],"replies":[{"embeddable":true,"href":"https:\/\/litepack.ch\/en\/wp-json\/wp\/v2\/comments?post=35250"}],"wp:featuredmedia":[{"embeddable":true,"href":"https:\/\/litepack.ch\/en\/wp-json\/wp\/v2\/media\/35335"}],"wp:attachment":[{"href":"https:\/\/litepack.ch\/en\/wp-json\/wp\/v2\/media?parent=35250"}],"wp:term":[{"taxonomy":"product_brand","embeddable":true,"href":"https:\/\/litepack.ch\/en\/wp-json\/wp\/v2\/product_brand?post=35250"},{"taxonomy":"product_cat","embeddable":true,"href":"https:\/\/litepack.ch\/en\/wp-json\/wp\/v2\/product_cat?post=35250"},{"taxonomy":"product_tag","embeddable":true,"href":"https:\/\/litepack.ch\/en\/wp-json\/wp\/v2\/product_tag?post=35250"}],"curies":[{"name":"wp","href":"https:\/\/api.w.org\/{rel}","templated":true}]}}