{"id":35248,"date":"2025-01-24T18:01:34","date_gmt":"2025-01-24T17:01:34","guid":{"rendered":"http:\/\/litepack.ch\/produkt\/zpacks-56m2-tarp\/"},"modified":"2025-11-26T09:50:33","modified_gmt":"2025-11-26T08:50:33","slug":"zpacks-5m2-tarp","status":"publish","type":"product","link":"https:\/\/litepack.ch\/en\/product\/zpacks-5m2-tarp\/","title":{"rendered":"Zpacks 5,6m2 Tarp"},"content":{"rendered":"<ul>\n<li>Hergestellt aus Olive Drab 18,7 g\/m\u00b2 <a href=\"https:\/\/litepack.ch\/en\/material-zpacks\/\" data-internallinksmanager029f6b8e52c=\"1\" title=\"Material Zpacks\">Dyneema<\/a>\u00ae Composite Fabric.<\/li>\n<li>Die Firstnaht ist abgeklebt und die Verbindungsstellen sind mit Verst\u00e4rkungen versehen. Keine Nahtversiegelung erforderlich.<\/li>\n<li><a href=\"https:\/\/litepack.ch\/en\/kondensation\/\" data-internallinksmanager029f6b8e52c=\"5\" title=\"Kondenswasser in Zelten\">Kondenswasser<\/a>, das bei einwandigen Unterk\u00fcnften auftreten kann, l\u00e4uft an den W\u00e4nden herunter und an den R\u00e4ndern der Plane heraus.<\/li>\n<li><a href=\"https:\/\/litepack.ch\/en\/material-zpacks\/\" data-internallinksmanager029f6b8e52c=\"1\" title=\"Material Zpacks\">Dyneema<\/a> Composite Fabric ist von Natur aus wasserdicht und wird nicht mit potenziell sch\u00e4dlichen Chemikalien wie Flammschutzmitteln oder wasserabweisenden Mitteln behandelt.<\/li>\n<li>Hergestellt in den USA.<\/li>\n<\/ul>","protected":false},"excerpt":{"rendered":"<p>Hergestellt aus Olive Drab 18,7 g\/m\u00b2 Dyneema\u00ae Composite Fabric. Die Firstnaht ist abgeklebt und die Verbindungsstellen sind mit Verst\u00e4rkungen versehen.<\/p>","protected":false},"featured_media":35292,"comment_status":"open","ping_status":"closed","template":"","meta":[],"product_brand":[220],"product_cat":[205,18],"product_tag":[],"class_list":{"0":"post-35248","1":"product","2":"type-product","3":"status-publish","4":"has-post-thumbnail","6":"product_brand-zpacks","7":"product_cat-tarps","8":"product_cat-zelte","9":"pa_hersteller-zpacks","11":"first","12":"instock","13":"taxable","14":"shipping-taxable","15":"purchasable","16":"product-type-simple"},"_links":{"self":[{"href":"https:\/\/litepack.ch\/en\/wp-json\/wp\/v2\/product\/35248","targetHints":{"allow":["GET"]}}],"collection":[{"href":"https:\/\/litepack.ch\/en\/wp-json\/wp\/v2\/product"}],"about":[{"href":"https:\/\/litepack.ch\/en\/wp-json\/wp\/v2\/types\/product"}],"replies":[{"embeddable":true,"href":"https:\/\/litepack.ch\/en\/wp-json\/wp\/v2\/comments?post=35248"}],"wp:featuredmedia":[{"embeddable":true,"href":"https:\/\/litepack.ch\/en\/wp-json\/wp\/v2\/media\/35292"}],"wp:attachment":[{"href":"https:\/\/litepack.ch\/en\/wp-json\/wp\/v2\/media?parent=35248"}],"wp:term":[{"taxonomy":"product_brand","embeddable":true,"href":"https:\/\/litepack.ch\/en\/wp-json\/wp\/v2\/product_brand?post=35248"},{"taxonomy":"product_cat","embeddable":true,"href":"https:\/\/litepack.ch\/en\/wp-json\/wp\/v2\/product_cat?post=35248"},{"taxonomy":"product_tag","embeddable":true,"href":"https:\/\/litepack.ch\/en\/wp-json\/wp\/v2\/product_tag?post=35248"}],"curies":[{"name":"wp","href":"https:\/\/api.w.org\/{rel}","templated":true}]}}