{"id":35245,"date":"2025-01-24T18:01:34","date_gmt":"2025-01-24T17:01:34","guid":{"rendered":"http:\/\/litepack.ch\/?post_type=product&#038;p=35245"},"modified":"2026-03-21T22:20:29","modified_gmt":"2026-03-21T21:20:29","slug":"zpacks-hexamid-pocket-tarp","status":"publish","type":"product","link":"https:\/\/litepack.ch\/en\/product\/zpacks-hexamid-pocket-tarp\/","title":{"rendered":"Zpacks Hexamid Pocket Tarp"},"content":{"rendered":"<ul>\n<li>Wird mit einer einzigen Trekkingstange aufgestellt, die auf etwa 132 cm eingestellt ist. Eine Zeltstange kann auch verwendet werden, wenn Sie keine Trekkingstange dabei haben. Siehe unsere Zeltstangen hier. Eine Trekkingstange ist nicht im Lieferumfang enthalten, aber wir bieten mehrere Trekkingstangen-Optionen zur Auswahl an.<\/li>\n<li>F\u00fcr den Aufbau werden mindestens 6 <a href=\"https:\/\/litepack.ch\/en\/shop\/?min_price=0&amp;max_price=40&amp;s=Hering&amp;post_type=product\" data-internallinksmanager029f6b8e52c=\"3\" title=\"Zpacks Heringe\">Stakes<\/a> ben\u00f6tigt, f\u00fcr einen geordneten Aufbau bei windigen Bedingungen werden jedoch 10 <a href=\"https:\/\/litepack.ch\/en\/shop\/?min_price=0&amp;max_price=40&amp;s=Hering&amp;post_type=product\" data-internallinksmanager029f6b8e52c=\"3\" title=\"Zpacks Heringe\">Stakes<\/a> empfohlen. <a href=\"https:\/\/litepack.ch\/en\/shop\/?min_price=0&amp;max_price=40&amp;s=Hering&amp;post_type=product\" data-internallinksmanager029f6b8e52c=\"3\" title=\"Zpacks Heringe\">Stakes<\/a> sind nicht im Lieferumfang enthalten, aber wir haben eine Vielzahl von Ultralight <a href=\"https:\/\/litepack.ch\/en\/shop\/?min_price=0&amp;max_price=40&amp;s=Hering&amp;post_type=product\" data-internallinksmanager029f6b8e52c=\"3\" title=\"Zpacks Heringe\">Heringen<\/a> zur Auswahl.<\/li>\n<li>L\u00e4sst sich klein zusammenpacken. Das Tarp passt locker in den mitgelieferten 13 cm x 15 cm Small Stuff Sack. Der Small Stuff Sack kann auch unsere optionalen Solo und Solo-Plus Groundsheets aufnehmen.<\/li>\n<li>Das Hexamid Pocket Tarp verf\u00fcgt \u00fcber leuchtend gelbe 1,3 mm Z-Line Abspannleinen, die im Vergleich zu den 2 mm Abspannleinen unserer Standardzelte Gewicht sparen. Die Abspannleinen k\u00f6nnen auf Wunsch bei allen unseren Zelten ausgetauscht werden.<\/li>\n<li>Die \u00fcberlappenden Sturmt\u00fcren erm\u00f6glichen eine geringe Luftzirkulation, ohne dass eine zus\u00e4tzliche Bel\u00fcftung erforderlich ist. Es gibt keine Rei\u00dfverschl\u00fcsse an den T\u00fcren, die mit der Zeit versagen k\u00f6nnten.<\/li>\n<li>Die Sturmt\u00fcren k\u00f6nnen unabh\u00e4ngig voneinander ge\u00f6ffnet oder geschlossen werden. Lassen Sie bei sch\u00f6nem Wetter eine oder zwei T\u00fcren offen, um eine frische Brise und eine tolle Aussicht zu genie\u00dfen. Schlie\u00dfen Sie die windzugewandte T\u00fcr, um kalten Wind abzuhalten, oder schlie\u00dfen Sie beide f\u00fcr 360\u00b0-Regenschutz. Die sich \u00fcberlappenden T\u00fcren werden mit speziell angefertigten Metallhaken geschlossen.<\/li>\n<li>Eine einzelne geschlossene T\u00fcr schafft gen\u00fcgend Platz im Vorraum, um einen nassen Rucksack oder schlammige Schuhe zu verstauen.<\/li>\n<li>Ausreichend Platz f\u00fcr eine Person plus Ausr\u00fcstung. Die Plane ist lang genug, damit die meisten Menschen ihre Arme und Beine vollst\u00e4ndig ausstrecken k\u00f6nnen, und hoch genug, um aufrecht zu sitzen. Je nach Windrichtung m\u00fcssen Sie m\u00f6glicherweise Ihre Position \u00e4ndern, um Regenspritzer zu vermeiden.<\/li>\n<li>Eventuelles <a href=\"https:\/\/litepack.ch\/en\/kondensation\/\" data-internallinksmanager029f6b8e52c=\"5\" title=\"Kondenswasser in Zelten\">Kondenswasser<\/a>, das bei einwandigen Unterk\u00fcnften auftreten kann, l\u00e4uft an den W\u00e4nden herunter und an den R\u00e4ndern der Plane heraus, anstatt auf den optionalen Wannenboden. Klicken Sie hier f\u00fcr Tipps zur Vermeidung von <a href=\"https:\/\/litepack.ch\/en\/kondensation\/\" data-internallinksmanager029f6b8e52c=\"5\" title=\"Kondenswasser in Zelten\">Kondenswasser<\/a>.<\/li>\n<li>An der Innenseite jeder Ecke befindet sich eine Schlaufe zum Einh\u00e4ngen des Zeltbodens. Direkt unterhalb des Scheitels befindet sich auf der Innenseite eine Schlaufe zum Aufh\u00e4ngen einer Taschenlampe oder eines Packsacks.<\/li>\n<li>Unsere zwei Gr\u00f6\u00dfen der optionalen Bodenplane haben 6\u201c Seitenw\u00e4nde, um vor Grundwasser und Spritzwasser zu sch\u00fctzen. Wenn Sie sie zusammen mit einem Tarp kaufen, erhalten Sie 6 elastische Clips, die Sie an den Ecken des Tarps und in der Mitte an Ihrem Trekkingstock befestigen k\u00f6nnen, um die W\u00e4nde hochzuziehen und an ihrem Platz zu halten. Die Gr\u00f6\u00dfe Solo ist mit einer Breite von 81 cm in der Mitte bequem f\u00fcr eine Person, w\u00e4hrend die Gr\u00f6\u00dfe Solo-Plus mit einer Breite von 107 cm in der Mitte mehr Platz f\u00fcr Ausr\u00fcstung oder einen Hund bietet. Bei seitlich einfallendem Regen m\u00fcssen Sie Ihr Zelt unter Umst\u00e4nden von der Luvseite wegfalten, um Spritzwasser zu vermeiden.<\/li>\n<li><a href=\"https:\/\/litepack.ch\/en\/material-zpacks\/\" data-internallinksmanager029f6b8e52c=\"1\" title=\"Material Zpacks\">Dyneema<\/a>\u00ae Composite Fabric h\u00e4lt hohen Windlasten stand, und solange Ihre <a href=\"https:\/\/litepack.ch\/en\/shop\/?min_price=0&amp;max_price=40&amp;s=Hering&amp;post_type=product\" data-internallinksmanager029f6b8e52c=\"3\" title=\"Zpacks Heringe\">Stakes<\/a> im Boden bleiben (verwenden Sie Steine, falls vorhanden), wird Ihr Zelt stehen bleiben. DCF ist nicht besonders ger\u00e4uschvoll, aber fast jede Plane macht im Wind ein wenig L\u00e4rm. Ohrst\u00f6psel sind keine schlechte Idee f\u00fcr windige N\u00e4chte.<\/li>\n<li><a href=\"https:\/\/litepack.ch\/en\/material-zpacks\/\" data-internallinksmanager029f6b8e52c=\"1\" title=\"Material Zpacks\">Dyneema<\/a> Composite Fabric ist von Natur aus wasserdicht und wird nicht mit potenziell sch\u00e4dlichen Chemikalien wie <a href=\"https:\/\/litepack.ch\/en\/pfas-chemikalien\/\" data-internallinksmanager029f6b8e52c=\"4\" title=\"PFAS Free\">PFAS<\/a> Flammschutzmitteln oder wasserabweisenden Mitteln behandelt.<\/li>\n<li>Hergestellt in den USA.<\/li>\n<\/ul>","protected":false},"excerpt":{"rendered":"<p>Wird mit einer einzigen Trekkingstange aufgestellt, die auf etwa 132 cm eingestellt ist. Eine Zeltstange kann auch verwendet werden, wenn<\/p>","protected":false},"featured_media":35277,"comment_status":"open","ping_status":"closed","template":"","meta":[],"product_brand":[220],"product_cat":[205,18],"product_tag":[],"class_list":{"0":"post-35245","1":"product","2":"type-product","3":"status-publish","4":"has-post-thumbnail","6":"product_brand-zpacks","7":"product_cat-tarps","8":"product_cat-zelte","9":"pa_hersteller-zpacks","11":"first","12":"instock","13":"taxable","14":"shipping-taxable","15":"purchasable","16":"product-type-variable","17":"has-default-attributes"},"_links":{"self":[{"href":"https:\/\/litepack.ch\/en\/wp-json\/wp\/v2\/product\/35245","targetHints":{"allow":["GET"]}}],"collection":[{"href":"https:\/\/litepack.ch\/en\/wp-json\/wp\/v2\/product"}],"about":[{"href":"https:\/\/litepack.ch\/en\/wp-json\/wp\/v2\/types\/product"}],"replies":[{"embeddable":true,"href":"https:\/\/litepack.ch\/en\/wp-json\/wp\/v2\/comments?post=35245"}],"wp:featuredmedia":[{"embeddable":true,"href":"https:\/\/litepack.ch\/en\/wp-json\/wp\/v2\/media\/35277"}],"wp:attachment":[{"href":"https:\/\/litepack.ch\/en\/wp-json\/wp\/v2\/media?parent=35245"}],"wp:term":[{"taxonomy":"product_brand","embeddable":true,"href":"https:\/\/litepack.ch\/en\/wp-json\/wp\/v2\/product_brand?post=35245"},{"taxonomy":"product_cat","embeddable":true,"href":"https:\/\/litepack.ch\/en\/wp-json\/wp\/v2\/product_cat?post=35245"},{"taxonomy":"product_tag","embeddable":true,"href":"https:\/\/litepack.ch\/en\/wp-json\/wp\/v2\/product_tag?post=35245"}],"curies":[{"name":"wp","href":"https:\/\/api.w.org\/{rel}","templated":true}]}}