{"id":35219,"date":"2025-01-24T18:01:29","date_gmt":"2025-01-24T17:01:29","guid":{"rendered":"http:\/\/litepack.ch\/?post_type=product&#038;p=35219"},"modified":"2026-03-24T21:47:36","modified_gmt":"2026-03-24T20:47:36","slug":"zpacks-free-zip-2p-freistehendes-zelt","status":"publish","type":"product","link":"https:\/\/litepack.ch\/en\/product\/zpacks-free-zip-2p-freistehendes-zelt\/","title":{"rendered":"Zpacks Free Zip 2P freistehendes Zelt"},"content":{"rendered":"<ul>\n<li>Das Free Zip 2P ist ein freistehendes Zelt, das mit vier mitgelieferten Zeltstangen aufgestellt wird, die ein einzigartiges \u201eDoppel-X\u201c-Design bilden. Es kann auf schwierigen Untergr\u00fcnden wie Felsen, Sand, Schnee oder an anderen Stellen aufgestellt werden, an denen eine Abspannung nicht m\u00f6glich ist.<\/li>\n<li>Das Free Zip Modell ist nicht kompatibel um mit Wanderst\u00f6cken aufgebaut zu werden.<\/li>\n<li>Die gew\u00f6lbte Form schafft steile Winkel am Kopf- und Fu\u00dfende des Zeltes, was zu einer Menge nutzbaren Raums f\u00fchrt. Es ist ein Palast f\u00fcr einen Wanderer mit Ausr\u00fcstung oder bequem f\u00fcr ein Paar auf Standardbreitenkissen. Selbst die gr\u00f6\u00dften Wanderer haben genug Freiraum f\u00fcr Kopf und Fu\u00df, um nicht an den steilen W\u00e4nden zu sto\u00dfen.<\/li>\n<li>Die im Lieferumfang enthaltenen Easton Carbon 6.3 Zeltstangen sind mit bew\u00e4hrter Technologie hergestellt und bieten ein optimales Verh\u00e4ltnis von St\u00e4rke und Gewicht. Diese Stangen sind dicker und st\u00e4rker als die Easton Carbon 3.9 Stangen, die bei unserer Duplex Flex Unterkunft verwendet werden. Das Beste daran ist, dass sich die Stangen auf knapp 30,5 cm zusammenfalten lassen, so dass sie problemlos zusammen mit dem Zelt in kleinen Rucks\u00e4cken und Fahrradtaschen verstaut werden k\u00f6nnen.<\/li>\n<li>Das Free Zip ist unser bestes Zelt in anspruchsvollen, stark windigen Situationen. Das Easton Carbon-Gest\u00e4nge kann einen Sturm mit minimaler Durchbiegung bew\u00e4ltigen. Der Zeltk\u00f6rper reicht an den Enden fast bis zum Boden, um kalten Wind abzuhalten. Im Vergleich zu unseren nicht freistehenden Zelten l\u00e4sst es sich mit einem niedrigeren Profil und einer kleineren Stellfl\u00e4che aufstellen.<\/li>\n<li>Das Zelt kann nach dem Einsetzen der Stangen hochgehoben und verschoben werden, um den perfekten wurzellosen Platz zu finden.<\/li>\n<li>Das Zelt kann in ruhigen N\u00e4chten ohne <a href=\"https:\/\/litepack.ch\/en\/shop\/?min_price=0&amp;max_price=40&amp;s=Hering&amp;post_type=product\" data-internallinksmanager029f6b8e52c=\"3\" title=\"Zpacks Heringe\">Heringe<\/a> und Abspannleinen aufgestellt werden. Die Sturmt\u00fcren k\u00f6nnen lose drapiert werden, um leichten Regen abzuhalten und f\u00fcr mehr Privatsph\u00e4re zu sorgen, ohne sie abzustecken, oder man kann sie abstecken, um sie gegen den Wind zu sichern. Unter normalen Bedingungen ben\u00f6tigen Sie wahrscheinlich sechs Abspannungen, um die Ecken und Sturmt\u00fcren zu verankern.<\/li>\n<li>Bei starkem Wind und alpinem Wetter k\u00f6nnen vier zus\u00e4tzliche Abspannleinen an den Befestigungspunkten in der Mitte jeder T\u00fcr angebracht werden. F\u00fcr einen vollst\u00e4ndig abgesteckten Aufbau, bei dem alle verf\u00fcgbaren Befestigungspunkte genutzt werden, w\u00e4ren 10 Abspannungen erforderlich.<\/li>\n<li>Dank des symmetrischen Designs k\u00f6nnen zwei Erwachsene nebeneinander in beiden Richtungen liegen, was ein hervorragendes Schlaferlebnis f\u00fcr Paare bietet. Paare k\u00f6nnen nebeneinander sitzen und aus einer der beiden T\u00fcren schauen.<br \/>\nDie vier Sturmt\u00fcren k\u00f6nnen bei sch\u00f6nem Wetter offen gelassen werden, damit eine Brise weht und Sie eine tolle Aussicht haben. Das \u00fcberh\u00e4ngende Vordach verhindert, dass leichter Regen oder nasse B\u00e4ume bei offenen T\u00fcren in den Wohnraum tropfen. Schlie\u00dfen Sie die Luvt\u00fcren, um kalten Wind abzuhalten, oder schlie\u00dfen Sie alle vier f\u00fcr 360\u00b0-Regenschutz.<br \/>\nBeide Zeltseiten verf\u00fcgen \u00fcber eine Spitzenentl\u00fcftung, um den Luftstrom zu erh\u00f6hen und <a href=\"https:\/\/litepack.ch\/en\/kondensation\/\" data-internallinksmanager029f6b8e52c=\"5\" title=\"Kondenswasser in Zelten\">Kondensation<\/a> zu verhindern, wenn die T\u00fcren geschlossen sind. Die Spitzenl\u00fcfter sorgen auch f\u00fcr einen Luftstrom, wenn das Zelt unter Schnee begraben ist.<\/li>\n<li>Jede Fliegengittert\u00fcr hat einen Regenbogen-Rei\u00dfverschluss, der einen einfachen Zugang erm\u00f6glicht, unabh\u00e4ngig davon, welche Sturmt\u00fcren geschlossen sind, und sie geben Ihnen Zugang zu jedem Vorraumbereich. Jede Fliegengittert\u00fcr l\u00e4sst sich bequem nach innen klappen, statt im Weg zu h\u00e4ngen. Sie brauchen sie nicht aufzurollen oder zu sichern.<br \/>\nAlle Rei\u00dfverschl\u00fcsse des Zeltes sind so konstruiert, dass die Schieber vor Ort leicht ausgetauscht werden k\u00f6nnen. Zwei Ersatzschieber sind im Lieferumfang des Zeltes enthalten. Eine Anleitung zum Austausch der Rei\u00dfverschlussschieber finden Sie hier.<\/li>\n<li>Dieses Zelt hat einen soliden, eingen\u00e4hten 12,5 cm hohen Wannenboden. Der Wannenboden ist ein Rechteck von Breite und L\u00e4nge 112 cm x 2,18 m. Der Boden ist so breit, dass zwei Erwachsene nebeneinander auf Schlafmatten mit Standardbreite Platz finden, oder das Zelt eignet sich hervorragend f\u00fcr einen Wanderer, der seine Ausr\u00fcstung ausbreitet.<\/li>\n<li>Die Netztaschen befinden sich bequem in der N\u00e4he jeder T\u00fcr, so dass sie von innen oder au\u00dfen zug\u00e4nglich sind. Sie sind ein guter Ort, um Ihr Handy, Ihre Brille, Ihre Stirnlampe, den Packsack des Zelts und Ersatz-Nahtband (im Lieferumfang enthalten) zu verstauen. Die Tasche ist ca. 20 cm x 15 cm gro\u00df.<\/li>\n<li>Ein separater Zeltboden ist f\u00fcr diese Unterkunft NICHT erforderlich. Das Bodenmaterial ist recht haltbar, und alle <a href=\"https:\/\/litepack.ch\/en\/material-zpacks\/\" data-internallinksmanager029f6b8e52c=\"1\" title=\"Material Zpacks\">Dyneema<\/a>\u00ae-Verbundstoffteile k\u00f6nnen vor Ort leicht mit Reparaturband geflickt werden. Wenn Sie vorsichtshalber eine Bodenplane verwenden m\u00f6chten, sind flache Bodenplanen erh\u00e4ltlich.<\/li>\n<li>Zwischen dem Wannenboden und den W\u00e4nden an den Enden der Plane befindet sich eine Abschirmung. Die R\u00e4nder des Bodens sind erh\u00f6ht, so dass der Schirm von der Wanne weg nach unten geneigt ist. Jegliches <a href=\"https:\/\/litepack.ch\/en\/kondensation\/\" data-internallinksmanager029f6b8e52c=\"5\" title=\"Kondenswasser in Zelten\">Kondenswasser<\/a>, das bei einwandigen Unterk\u00fcnften auftreten kann, l\u00e4uft an den W\u00e4nden hinunter und durch die nach unten geneigte Abschirmung heraus, anstatt auf den Boden zu gelangen. Klicken Sie hier f\u00fcr Tipps zur Vermeidung von <a href=\"https:\/\/litepack.ch\/en\/kondensation\/\" data-internallinksmanager029f6b8e52c=\"5\" title=\"Kondenswasser in Zelten\">Kondenswasser<\/a>.<\/li>\n<li>Das Zelt l\u00e4sst sich klein verpacken, etwa 15 cm x 30 cm, einschlie\u00dflich der Zeltstangen. Es wird in einem losen 18 cm x 33 cm gro\u00dfen Packsack geliefert. Das Gest\u00e4nge hat einen eigenen Packsack, um das Zeltgewebe beim Zusammenpacken zu sch\u00fctzen.<\/li>\n<li><a href=\"https:\/\/litepack.ch\/en\/material-zpacks\/\" data-internallinksmanager029f6b8e52c=\"1\" title=\"Material Zpacks\">Dyneema<\/a> Composite Fabric ist von Natur aus wasserdicht und wird nicht mit potenziell sch\u00e4dlichen Chemikalien wie Flammschutzmitteln oder wasserabweisenden Mitteln behandelt. Unsere Zelte sind alle <a href=\"https:\/\/litepack.ch\/en\/pfas-chemikalien\/\" data-internallinksmanager029f6b8e52c=\"4\" title=\"PFAS Free\">PFC<\/a>\/<a href=\"https:\/\/litepack.ch\/en\/pfas-chemikalien\/\" data-internallinksmanager029f6b8e52c=\"4\" title=\"PFAS Free\">PFA<\/a>-frei.<\/li>\n<li>Hergestellt in den USA.<\/li>\n<\/ul>\n<p><iframe title=\"Zpacks Free Zip 2P Wind Testing\" width=\"500\" height=\"281\" src=\"https:\/\/www.youtube.com\/embed\/YYDrYnnZDCw?feature=oembed\" frameborder=\"0\" allow=\"accelerometer; autoplay; clipboard-write; encrypted-media; gyroscope; picture-in-picture; web-share\" referrerpolicy=\"strict-origin-when-cross-origin\" allowfullscreen><\/iframe><\/p>","protected":false},"excerpt":{"rendered":"<p>Das Free Zip 2P ist ein freistehendes Zelt, das mit vier mitgelieferten Zeltstangen aufgestellt wird, die ein einzigartiges \u201eDoppel-X\u201c-Design bilden.<\/p>","protected":false},"featured_media":35493,"comment_status":"open","ping_status":"closed","template":"","meta":[],"product_brand":[220],"product_cat":[118,18],"product_tag":[],"class_list":{"0":"post-35219","1":"product","2":"type-product","3":"status-publish","4":"has-post-thumbnail","6":"product_brand-zpacks","7":"product_cat-2p-zelte","8":"product_cat-zelte","9":"pa_hersteller-zpacks","11":"first","12":"instock","13":"taxable","14":"shipping-taxable","15":"product-type-variable"},"_links":{"self":[{"href":"https:\/\/litepack.ch\/en\/wp-json\/wp\/v2\/product\/35219","targetHints":{"allow":["GET"]}}],"collection":[{"href":"https:\/\/litepack.ch\/en\/wp-json\/wp\/v2\/product"}],"about":[{"href":"https:\/\/litepack.ch\/en\/wp-json\/wp\/v2\/types\/product"}],"replies":[{"embeddable":true,"href":"https:\/\/litepack.ch\/en\/wp-json\/wp\/v2\/comments?post=35219"}],"wp:featuredmedia":[{"embeddable":true,"href":"https:\/\/litepack.ch\/en\/wp-json\/wp\/v2\/media\/35493"}],"wp:attachment":[{"href":"https:\/\/litepack.ch\/en\/wp-json\/wp\/v2\/media?parent=35219"}],"wp:term":[{"taxonomy":"product_brand","embeddable":true,"href":"https:\/\/litepack.ch\/en\/wp-json\/wp\/v2\/product_brand?post=35219"},{"taxonomy":"product_cat","embeddable":true,"href":"https:\/\/litepack.ch\/en\/wp-json\/wp\/v2\/product_cat?post=35219"},{"taxonomy":"product_tag","embeddable":true,"href":"https:\/\/litepack.ch\/en\/wp-json\/wp\/v2\/product_tag?post=35219"}],"curies":[{"name":"wp","href":"https:\/\/api.w.org\/{rel}","templated":true}]}}