{"id":35189,"date":"2025-01-24T18:01:22","date_gmt":"2025-01-24T17:01:22","guid":{"rendered":"http:\/\/litepack.ch\/?post_type=product&#038;p=35189"},"modified":"2026-03-21T22:13:19","modified_gmt":"2026-03-21T21:13:19","slug":"zpacks-duplex-lite-zelt","status":"publish","type":"product","link":"https:\/\/litepack.ch\/en\/product\/zpacks-duplex-lite-zelt\/","title":{"rendered":"Zpacks Duplex Lite Zelt"},"content":{"rendered":"<p>Das Duplex Lite wurde f\u00fcr Ultraleicht-Enthusiasten entwickelt, die jedes Gramm Gewicht aus ihrem Rucksack herausholen m\u00f6chten. Mit einem Gewicht von weniger als 425 Gramm ist das Duplex Lite zweifellos das leichteste vollst\u00e4ndig geschlossene Zwei-Personen-Zelt der Welt.<\/p>\n<p>Im Vergleich zu unserem preisgekr\u00f6nten <a href=\"https:\/\/litepack.ch\/en\/product\/zpacks-duplex-classic-zelt\/\">Duplex Classic Zelt<\/a> hat diese Version eine schlankere Grundfl\u00e4che und ist standardm\u00e4\u00dfig mit unserem leichtesten <a href=\"https:\/\/litepack.ch\/en\/material-zpacks\/\" data-internallinksmanager029f6b8e52c=\"1\" title=\"Material Zpacks\">Dyneema<\/a>-Verbundstoff ausgestattet. Es ist f\u00fcr ein kleines Paar auf Matten mit Standardbreite oder als ger\u00e4umiges Zelt f\u00fcr einen Wanderer plus Ausr\u00fcstung ausgelegt.<\/p>\n<p>Bei langen <a href=\"https:\/\/litepack.ch\/en\/pilgerreisen\/\" data-internallinksmanager029f6b8e52c=\"6\" title=\"Pilgerreisen\">Wanderungen<\/a> z\u00e4hlt jedes Gramm, und das Duplex Lite gibt gewichtsbewussten Wanderern die Freiheit, weiter und schneller zu gehen, mit einem ger\u00e4umigen, gut bel\u00fcfteten Zelt, das sich klein zusammenpacken l\u00e4sst und \u00fcber alle Funktionen verf\u00fcgt, die ein Thru-Hiker ben\u00f6tigt.<\/p>\n<p>Der Duplex Lite ist nicht mit unserem Duplex <a href=\"https:\/\/litepack.ch\/en\/product\/zpacks-duplex-freestanding-flex-kit\/\">Flex Kit<\/a> kompatibel.<\/p>\n<ul>\n<li>Wird mit zwei Trekkingst\u00f6cken aufgebaut, die auf etwa 122 cm eingestellt sind. Etwas h\u00f6here oder k\u00fcrzere Stangen mit fester L\u00e4nge sind ebenfalls geeignet. Wenn Sie keine Trekkingstangen verwenden, haben wir gerade Zeltstangen zum Kauf verf\u00fcgbar. Trekkingstangen sind nicht im Lieferumfang enthalten, aber wir bieten mehrere Trekkingstangen-Optionen zur Auswahl an.<\/li>\n<li>F\u00fcr dieses Zelt sind sechs <a href=\"https:\/\/litepack.ch\/en\/shop\/?min_price=0&amp;max_price=40&amp;s=Hering&amp;post_type=product\" data-internallinksmanager029f6b8e52c=\"3\" title=\"Zpacks Heringe\">Heringe<\/a> erforderlich, wobei acht <a href=\"https:\/\/litepack.ch\/en\/shop\/?min_price=0&amp;max_price=40&amp;s=Hering&amp;post_type=product\" data-internallinksmanager029f6b8e52c=\"3\" title=\"Zpacks Heringe\">Heringe<\/a> f\u00fcr einen geordneten Aufbau bei windigen Bedingungen empfohlen werden. <a href=\"https:\/\/litepack.ch\/en\/shop\/?min_price=0&amp;max_price=40&amp;s=Hering&amp;post_type=product\" data-internallinksmanager029f6b8e52c=\"3\" title=\"Zpacks Heringe\">Heringe<\/a> sind nicht im Lieferumfang enthalten, aber wir haben eine Vielzahl von Ultralight-<a href=\"https:\/\/litepack.ch\/en\/shop\/?min_price=0&amp;max_price=40&amp;s=Hering&amp;post_type=product\" data-internallinksmanager029f6b8e52c=\"3\" title=\"Zpacks Heringe\">Heringen<\/a> zur Auswahl.<\/li>\n<li>Das Duplex Lite verf\u00fcgt \u00fcber leuchtend gelbe 1,3 mm Z-Line Abspannleinen, die im Vergleich zu den 2 mm Abspannleinen unserer Standardzelte Gewicht sparen. Die Abspannleinen k\u00f6nnen auf Wunsch bei jedem unserer Schutzzelte ausgetauscht werden.<\/li>\n<li>Die schlankere Grundfl\u00e4che von 117 x 254 cm erm\u00f6glicht es Ihnen, sich in die schwer zu findenden flachen Stellen im Hinterland zu quetschen, was einen entscheidenden Vorteil gegen\u00fcber anderen Konstruktionen mit gr\u00f6\u00dferer Grundfl\u00e4che darstellt, die viel mehr Platz zum Aufstellen ben\u00f6tigen.<\/li>\n<li>Dank des symmetrischen Designs k\u00f6nnen zwei Erwachsene in beiden Richtungen nebeneinander liegen, was ein hervorragendes Schlaferlebnis f\u00fcr Paare bietet. Das symmetrische Stangendesign vermeidet auch die steilen Wandwinkel, die in anderen Zelten zu finden sind, und schafft so einen praktisch nutzbaren Raum. Zwei Personen k\u00f6nnen aufrecht nebeneinander sitzen, mit Blick auf eine der beiden T\u00fcren, w\u00e4hrend sie ihre Schuhe ausziehen, kochen oder auf die Ausr\u00fcstung au\u00dferhalb des Zeltes zugreifen.<\/li>\n<li>Dank des symmetrischen Designs kann jede der vier Sturmt\u00fcren unabh\u00e4ngig von den anderen ge\u00f6ffnet oder geschlossen werden und bietet so eine erstklassige Aussicht und Bel\u00fcftung. Lassen Sie bei sch\u00f6nem Wetter alle vier T\u00fcren offen, um eine Brise und eine tolle Aussicht zu genie\u00dfen. Schlie\u00dfen Sie die Luvt\u00fcren, um kalten Wind abzublocken, oder schlie\u00dfen Sie alle vier f\u00fcr 360\u00b0-Regenschutz. Die \u00fcberlappenden T\u00fcren werden mit speziell angefertigten Metallhaken geschlossen, die in der Mitte mit einem Knebel fixiert werden. Das Duplex Zip ist eine etwas breitere Version mit Sturmt\u00fcren mit Rei\u00dfverschluss, Bel\u00fcftungs\u00f6ffnungen in der Mitte und magnetischen T\u00fcrverschl\u00fcssen.<\/li>\n<li>Die \u00fcberlappenden Sturmt\u00fcren sorgen f\u00fcr eine geringe Luftzirkulation, ohne dass eine zus\u00e4tzliche Bel\u00fcftung erforderlich ist. Es gibt keine Rei\u00dfverschl\u00fcsse an den T\u00fcren, die mit der Zeit kaputt gehen k\u00f6nnten.<\/li>\n<li>Jede Fliegengittert\u00fcr hat einen Regenbogen-Rei\u00dfverschluss, der einen einfachen Zugang erm\u00f6glicht, unabh\u00e4ngig davon, welche Sturmt\u00fcren geschlossen sind, und sie geben Ihnen Zugang zu jedem Vorraumbereich. Jede Fliegengittert\u00fcr l\u00e4sst sich bequem nach innen klappen und h\u00e4ngt nicht im Weg herum. Sie brauchen sie nicht aufzurollen oder zu sichern.<\/li>\n<li>Das Zeltdach \u00fcberragt den Wannenboden um 8-13 cm. Bei leichtem Regen oder unter nassen B\u00e4umen k\u00f6nnen eine oder zwei T\u00fcren offen gelassen werden, damit die Luft flie\u00dfen kann, ohne dass Wasser auf den Boden tropft. Unter fast allen Bedingungen kann mindestens eine T\u00fcr in Windrichtung offen gelassen werden.<\/li>\n<li>F\u00fcr einen noch besseren Regenschutz bei ge\u00f6ffneter T\u00fcr k\u00f6nnen Sie die Schn\u00fcre am Kopf- und Fu\u00dfende des Zeltes verwenden, um die Schirmt\u00fcr von der Regenspritze wegzuziehen, wie in der Fotogalerie zu sehen.<\/li>\n<li>Dieses Zelt hat einen nahtlos eingen\u00e4hten, 17 cm hohen Wannenboden. Der Wannenboden ist ein Rechteck von 102 cm x 2,3m. Das ist gerade genug Platz f\u00fcr zwei 20&#8243;-Schlafmatten mit Platz zum Ausstrecken und Platz f\u00fcr die Ausr\u00fcstung an den Enden des Bodens.<\/li>\n<li>Unser \u201eLite\u201c-Zeltboden besteht aus 0,75 oz\/qd <a href=\"https:\/\/litepack.ch\/en\/material-zpacks\/\" data-internallinksmanager029f6b8e52c=\"1\" title=\"Material Zpacks\">Dyneema<\/a> Composite-Gewebe. Es wiegt 25 % weniger als unser Standardboden und l\u00e4sst sich kleiner verpacken, hat aber den Nachteil einer etwas geringeren Abrieb- und Durchsto\u00dffestigkeit. W\u00e4hlen Sie nach M\u00f6glichkeit einen Platz auf trockenem Laub oder weichen Tannennadeln, um Bodenspritzer und <a href=\"https:\/\/litepack.ch\/en\/kondensation\/\" data-internallinksmanager029f6b8e52c=\"5\" title=\"Kondenswasser in Zelten\">Kondensation<\/a> zu minimieren, und entfernen Sie spitze Zweige, Steine oder Dornen von Ihrem Platz. Wie bei allen DCF-Materialien ist es sehr einfach, die N\u00e4hte mit dem mitgelieferten Nahtband auf dem Weg zu flicken.<\/li>\n<li>Wenn Sie besonders gro\u00df sind, k\u00f6nnen Sie versuchen, die seitlichen Abspannleinen mit Trekking Pole Cups abzust\u00fctzen, oder Sie probieren das Offset Duo aus. Manche Paare bevorzugen vielleicht die zus\u00e4tzliche Breite der Zelte Triplex Classic oder Offset Trio.<\/li>\n<li>Um das Gewicht so gering wie m\u00f6glich zu halten, hat dieses Zelt keine eingebauten Innentaschen. Sparen Sie Gewicht, indem Sie die Taschen Ihres Rucksacks f\u00fcr die Nacht nutzen, oder f\u00fcgen Sie eine Stick-On Mesh Tent Pocket oder unser beliebtes Gear Nest hinzu.<\/li>\n<li>Ein separater Zeltboden ist f\u00fcr diese Unterkunft NICHT erforderlich. Das Bodenmaterial ist relativ haltbar, und alle <a href=\"https:\/\/litepack.ch\/en\/material-zpacks\/\" data-internallinksmanager029f6b8e52c=\"1\" title=\"Material Zpacks\">Dyneema<\/a>\u00ae-Verbundstoffteile k\u00f6nnen vor Ort leicht mit Reparaturband geflickt werden. Wenn Sie vorsichtshalber eine Bodenplane verwenden m\u00f6chten, sind flache Bodenplanen erh\u00e4ltlich.<\/li>\n<li>Zwischen dem Wannenboden und den W\u00e4nden an den Enden der Plane befindet sich ein Gitter. Eine Schnur h\u00e4lt die Badewanne hoch und sorgt daf\u00fcr, dass das Gitter von der Badewanne weg nach unten geneigt ist. Jegliches <a href=\"https:\/\/litepack.ch\/en\/kondensation\/\" data-internallinksmanager029f6b8e52c=\"5\" title=\"Kondenswasser in Zelten\">Kondenswasser<\/a>, das bei einwandigen Unterk\u00fcnften auftreten kann, l\u00e4uft an den W\u00e4nden hinunter und durch das nach unten geneigte Gitter heraus, anstatt auf den Boden zu gelangen. Klicken Sie hier f\u00fcr Tipps zur Vermeidung von <a href=\"https:\/\/litepack.ch\/en\/kondensation\/\" data-internallinksmanager029f6b8e52c=\"5\" title=\"Kondenswasser in Zelten\">Kondenswasser<\/a>.<\/li>\n<li>Alle unsere Zelte halten dem Wind ziemlich gut stand. Das Material kann hohe Windlasten aushalten. Solange Ihre <a href=\"https:\/\/litepack.ch\/en\/shop\/?min_price=0&amp;max_price=40&amp;s=Hering&amp;post_type=product\" data-internallinksmanager029f6b8e52c=\"3\" title=\"Zpacks Heringe\">Heringe<\/a> im Boden bleiben (verwenden Sie Steine, falls vorhanden), bleibt Ihr Zelt stehen. <a href=\"https:\/\/litepack.ch\/en\/material-zpacks\/\" data-internallinksmanager029f6b8e52c=\"1\" title=\"Material Zpacks\">Dyneema<\/a>\u00ae Composite Fabric ist kein besonders lautes Material, aber fast jedes Zelt macht im Wind ein wenig L\u00e4rm. Ohrst\u00f6psel sind keine schlechte Idee f\u00fcr windige N\u00e4chte.<\/li>\n<li><a href=\"https:\/\/litepack.ch\/en\/material-zpacks\/\" data-internallinksmanager029f6b8e52c=\"1\" title=\"Material Zpacks\">Dyneema<\/a>\u00ae Composite Fabric ist von Natur aus wasserdicht und wird nicht mit potenziell sch\u00e4dlichen Chemikalien wie Flammschutzmitteln oder wasserabweisenden Substanzen behandelt. Unsere Unterk\u00fcnfte sind alle <a href=\"https:\/\/litepack.ch\/en\/pfas-chemikalien\/\" data-internallinksmanager029f6b8e52c=\"4\" title=\"PFAS Free\">PFC<\/a>\/<a href=\"https:\/\/litepack.ch\/en\/pfas-chemikalien\/\" data-internallinksmanager029f6b8e52c=\"4\" title=\"PFAS Free\">PFA<\/a>-frei.<\/li>\n<li>Hergestellt in den USA.<\/li>\n<\/ul>","protected":false},"excerpt":{"rendered":"<p>Das Duplex Lite wurde f\u00fcr Ultraleicht-Enthusiasten entwickelt, die jedes Gramm Gewicht aus ihrem Rucksack herausholen m\u00f6chten. Mit einem Gewicht von<\/p>","protected":false},"featured_media":35359,"comment_status":"open","ping_status":"closed","template":"","meta":[],"product_brand":[220],"product_cat":[118,18],"product_tag":[234],"class_list":{"0":"post-35189","1":"product","2":"type-product","3":"status-publish","4":"has-post-thumbnail","6":"product_brand-zpacks","7":"product_cat-2p-zelte","8":"product_cat-zelte","9":"product_tag-lite","10":"pa_hersteller-zpacks","12":"first","13":"instock","14":"taxable","15":"shipping-taxable","16":"purchasable","17":"product-type-variable"},"_links":{"self":[{"href":"https:\/\/litepack.ch\/en\/wp-json\/wp\/v2\/product\/35189","targetHints":{"allow":["GET"]}}],"collection":[{"href":"https:\/\/litepack.ch\/en\/wp-json\/wp\/v2\/product"}],"about":[{"href":"https:\/\/litepack.ch\/en\/wp-json\/wp\/v2\/types\/product"}],"replies":[{"embeddable":true,"href":"https:\/\/litepack.ch\/en\/wp-json\/wp\/v2\/comments?post=35189"}],"wp:featuredmedia":[{"embeddable":true,"href":"https:\/\/litepack.ch\/en\/wp-json\/wp\/v2\/media\/35359"}],"wp:attachment":[{"href":"https:\/\/litepack.ch\/en\/wp-json\/wp\/v2\/media?parent=35189"}],"wp:term":[{"taxonomy":"product_brand","embeddable":true,"href":"https:\/\/litepack.ch\/en\/wp-json\/wp\/v2\/product_brand?post=35189"},{"taxonomy":"product_cat","embeddable":true,"href":"https:\/\/litepack.ch\/en\/wp-json\/wp\/v2\/product_cat?post=35189"},{"taxonomy":"product_tag","embeddable":true,"href":"https:\/\/litepack.ch\/en\/wp-json\/wp\/v2\/product_tag?post=35189"}],"curies":[{"name":"wp","href":"https:\/\/api.w.org\/{rel}","templated":true}]}}