{"id":35188,"date":"2025-01-24T18:01:22","date_gmt":"2025-01-24T17:01:22","guid":{"rendered":"http:\/\/litepack.ch\/?post_type=product&#038;p=35188"},"modified":"2026-03-21T22:11:57","modified_gmt":"2026-03-21T21:11:57","slug":"zpacks-duplex-classic-zelt","status":"publish","type":"product","link":"https:\/\/litepack.ch\/en\/product\/zpacks-duplex-classic-zelt\/","title":{"rendered":"Zpacks Duplex Classic Zelt"},"content":{"rendered":"<p>Mit dem Duplex Classic Zelt kannst du deine Grenzen erweitern und l\u00e4ngere Strecken zur\u00fccklegen, egal ob du dich in der Sch\u00f6nheit des Pacific Crest Trail verlierst oder einen Nachmittagssturm in den Schweizer Alpen \u00fcberstehst.<\/p>\n<p>Das preisgekr\u00f6nte Duplex wurde speziell f\u00fcr die Anforderungen des Langstrecken-Backpackings entwickelt und \u00fcberzeugt durch seine schlichte, schn\u00f6rkellose Designphilosophie sowie seine optimale Gr\u00f6\u00dfe, sein geringes Gewicht und seine praktischen Funktionen. Das Duplex wurde zwei Jahre in Folge von Appalachian Trail Thru-Hikern zum beliebtesten Ultraleichtzelt gew\u00e4hlt.<\/p>\n<p>Das Duplex ist leicht, ger\u00e4umig, gut bel\u00fcftet, l\u00e4sst sich klein zusammenpacken, leicht aufbauen und kann auch auf engstem Raum aufgestellt werden. Sie werden kein leichteres, funktionales Zwei-Personen-Zelt auf dem Markt finden.<\/p>\n<p>Gewichtsbewusste Wanderer und Solo-Abenteurer sollten sich vielleicht unser kleineres Modell <a href=\"https:\/\/litepack.ch\/en\/product\/zpacks-duplex-lite-zelt\/\">Duplex Lite<\/a> ansehen oder sich mit dem Duplex Pro mit allem Drum und Dran und zus\u00e4tzlichem Platz ausstatten.<\/p>\n<ul>\n<li>Wird mit zwei Trekkingst\u00f6cken aufgebaut, die auf etwa 122cm eingestellt sind. Etwas h\u00f6here oder k\u00fcrzere Stangen mit fester L\u00e4nge sind ebenfalls geeignet. Wenn Sie keine Trekkingstangen verwenden, haben wir gerade Zeltstangen verf\u00fcgbar, oder Sie k\u00f6nnten unser freistehendes <a href=\"http:\/\/litepack.ch\/en\/product\/zpacks-duplex-freestanding-flex-kit\/\">Duplex-Flex-Zelt<\/a>-Upgrade in Betracht ziehen. Trekkingstangen sind nicht im Lieferumfang enthalten, aber wir haben mehrere <a href=\"http:\/\/litepack.ch\/en\/product\/zpacks-zeltstange-carbon\/\">Trekkingstangen<\/a>-Optionen zur Auswahl.<\/li>\n<li>F\u00fcr dieses Zelt werden sechs <a href=\"https:\/\/litepack.ch\/en\/shop\/?min_price=0&amp;max_price=40&amp;s=Hering&amp;post_type=product\" data-internallinksmanager029f6b8e52c=\"3\" title=\"Zpacks Heringe\">Heringe<\/a> ben\u00f6tigt, f\u00fcr einen geordneten Aufbau bei Wind werden acht <a href=\"https:\/\/litepack.ch\/en\/shop\/?min_price=0&amp;max_price=40&amp;s=Hering&amp;post_type=product\" data-internallinksmanager029f6b8e52c=\"3\" title=\"Zpacks Heringe\">Heringe<\/a> empfohlen. <a href=\"https:\/\/litepack.ch\/en\/shop\/?min_price=0&amp;max_price=40&amp;s=Hering&amp;post_type=product\" data-internallinksmanager029f6b8e52c=\"3\" title=\"Zpacks Heringe\">Heringe<\/a> sind nicht im Lieferumfang enthalten, aber wir haben eine Vielzahl von Ultralight <a href=\"https:\/\/litepack.ch\/en\/shop\/?min_price=0&amp;max_price=40&amp;s=Hering&amp;post_type=product\" data-internallinksmanager029f6b8e52c=\"3\" title=\"Zpacks Heringe\">Heringen<\/a> zur Auswahl.<\/li>\n<li>Die kleinere Grundfl\u00e4che von 135 x 254cm erm\u00f6glicht es Ihnen, sich in die schwer zu findenden flachen Stellen im Hinterland zu zw\u00e4ngen, was einen entscheidenden Vorteil gegen\u00fcber asymmetrischen Designs mit gr\u00f6sseren Grundfl\u00e4chen darstellt, die viel mehr Platz zum Aufstellen ben\u00f6tigen.<\/li>\n<li>Das symmetrische Design erm\u00f6glicht es zwei Erwachsenen, nebeneinander in beiden Richtungen zu schlafen, was im Vergleich zu asymmetrischen, versetzten Stangenkonstruktionen ein besseres Schlaferlebnis f\u00fcr Paare bietet. Das symmetrische Stangendesign vermeidet auch die steilen Wandwinkel, die in asymmetrischen Zelten zu finden sind, und schafft so einen praktisch nutzbaren Raum, in dem zwei Personen aufrecht nebeneinander sitzen k\u00f6nnen, mit Blick auf eine der beiden T\u00fcren, w\u00e4hrend sie die Schuhe ausziehen oder zum Kochen oder zum Zugriff auf die Ausr\u00fcstung au\u00dferhalb des Zelts greifen.<\/li>\n<li>Dank des symmetrischen Designs kann jede der vier Sturmt\u00fcren unabh\u00e4ngig von den anderen ge\u00f6ffnet oder geschlossen werden und bietet so eine erstklassige Aussicht und Bel\u00fcftung. Lassen Sie bei sch\u00f6nem Wetter alle vier T\u00fcren offen, um eine Brise und eine tolle Aussicht zu genie\u00dfen. Schlie\u00dfen Sie die Luvt\u00fcren, um kalten Wind abzublocken, oder schlie\u00dfen Sie alle vier f\u00fcr 360\u00b0-Regenschutz. Die \u00fcberlappenden T\u00fcren werden mit speziell angefertigten Metallhaken geschlossen, die in der Mitte mit einem Knebel fixiert werden. Schauen Sie sich das Duplex Zip an, eine Version mit Sturmt\u00fcren mit Rei\u00dfverschluss, Spitzenbel\u00fcftung und magnetischen T\u00fcrknebeln.<\/li>\n<li>Die \u00fcberlappenden Sturmt\u00fcren sorgen f\u00fcr eine geringe Luftzirkulation, ohne dass eine zus\u00e4tzliche Bel\u00fcftung erforderlich ist. Es gibt keine Rei\u00dfverschl\u00fcsse an den T\u00fcren, die mit der Zeit kaputt gehen k\u00f6nnten.<\/li>\n<li>Jede Fliegengittert\u00fcr hat einen Regenbogen-Rei\u00dfverschluss, der einen einfachen Zugang erm\u00f6glicht, unabh\u00e4ngig davon, welche Sturmt\u00fcren geschlossen sind, und sie geben Ihnen Zugang zu jedem Vorraumbereich. Jede Fliegengittert\u00fcr l\u00e4sst sich bequem nach innen klappen und h\u00e4ngt nicht im Weg herum. Sie brauchen sie nicht aufzurollen oder zu sichern.<\/li>\n<li>Die Plane \u00fcberragt den Wannenboden um 12cm. Bei leichtem Regen oder unter nassen B\u00e4umen k\u00f6nnen eine oder zwei T\u00fcren offen gelassen werden, damit die Luft str\u00f6men kann, ohne dass Wasser auf den Boden tropft. Unter fast allen Bedingungen kann mindestens eine T\u00fcr auf der windabgewandten Seite zum L\u00fcften offen gelassen werden.<\/li>\n<li>F\u00fcr diejenigen, die den Schlie\u00dfmechanismus ihrer Sturmt\u00fcr aufr\u00fcsten m\u00f6chten, sind auch Magnetverschl\u00fcsse zum Aufkleben erh\u00e4ltlich.<\/li>\n<li>F\u00fcr einen noch besseren Regenschutz bei ge\u00f6ffneter T\u00fcr k\u00f6nnen Sie die mitgelieferten elastischen Schn\u00fcre verwenden, um die Zeltt\u00fcr von der Regenspritze wegzuziehen, wie in der Fotogalerie zu sehen.<\/li>\n<li>Dieses Zelt hat einen soliden, eingen\u00e4hten 20cm hohen Wannenboden. Der Wannenboden ist ein Rechteck mit einer Breite und L\u00e4nge von 114cm x 2,3m. Das ist genug Platz f\u00fcr zwei durchschnittliche Personen, um sich auszustrecken, und Platz f\u00fcr die Ausr\u00fcstung an den Enden des Bodens.<\/li>\n<li>Wenn Sie besonders gross sind, k\u00f6nnen Sie versuchen, die seitlichen Abspannleinen mit Trekking Pole Cups abzust\u00fctzen. Manche Paare bevorzugen die zus\u00e4tzliche Breite eines <a href=\"http:\/\/litepack.ch\/en\/product\/zpacks-triplex-classic-zelt\/\">Triplex-Zeltes.<\/a><\/li>\n<li>Die Netztaschen befinden sich bequem in der N\u00e4he jeder T\u00fcr, so dass sie von innen oder au\u00dfen zug\u00e4nglich sind. Sie sind ein guter Ort, um Ihr Handy, Ihre Brille, Ihre Stirnlampe, den Packsack des Zelts und Ersatz-Nahtband (im Lieferumfang enthalten) zu verstauen. Die Tasche ist ca. 20cm x 15cm gro\u00df.<\/li>\n<li>Ein separater Zeltboden ist f\u00fcr diese Unterkunft NICHT erforderlich. Das Bodenmaterial ist recht haltbar, und alle <a href=\"https:\/\/litepack.ch\/en\/material-zpacks\/\" data-internallinksmanager029f6b8e52c=\"1\" title=\"Material Zpacks\">Dyneema<\/a>\u00ae-Verbundstoffteile k\u00f6nnen vor Ort leicht mit Reparaturband geflickt werden. Wenn Sie vorsichtshalber eine Bodenplane verwenden m\u00f6chten, sind flache Bodenplanen erh\u00e4ltlich.<\/li>\n<li>Zwischen dem Wannenboden und den W\u00e4nden an den Enden der Plane befindet sich eine Abschirmung. Eine elastische Schnur h\u00e4lt die Badewanne hoch und sorgt daf\u00fcr, dass die Plane von der Badewanne weg nach unten geneigt ist. Jegliches <a href=\"https:\/\/litepack.ch\/en\/kondensation\/\" data-internallinksmanager029f6b8e52c=\"5\" title=\"Kondenswasser in Zelten\">Kondenswasser<\/a>, das bei einwandigen Unterk\u00fcnften auftreten kann, l\u00e4uft an den W\u00e4nden hinunter und durch die nach unten geneigte Abschirmung heraus, anstatt auf den Boden zu gelangen. Klicken Sie hier f\u00fcr Tipps zur Vermeidung von <a href=\"https:\/\/litepack.ch\/en\/kondensation\/\" data-internallinksmanager029f6b8e52c=\"5\" title=\"Kondenswasser in Zelten\">Kondenswasser<\/a>.<\/li>\n<li>Alle unsere Zelte halten dem Wind ziemlich gut stand. Das Material kann hohe Windlasten aushalten. Solange Ihre <a href=\"https:\/\/litepack.ch\/en\/shop\/?min_price=0&amp;max_price=40&amp;s=Hering&amp;post_type=product\" data-internallinksmanager029f6b8e52c=\"3\" title=\"Zpacks Heringe\">Heringe<\/a> im Boden bleiben (verwenden Sie Steine, falls vorhanden), bleibt Ihr Zelt stehen. <a href=\"https:\/\/litepack.ch\/en\/material-zpacks\/\" data-internallinksmanager029f6b8e52c=\"1\" title=\"Material Zpacks\">Dyneema<\/a>\u00ae Composite Fabric ist kein besonders lautes Material, aber fast jedes Zelt macht im Wind ein wenig L\u00e4rm. Ohrst\u00f6psel sind keine schlechte Idee f\u00fcr windige N\u00e4chte.<\/li>\n<li><a href=\"https:\/\/litepack.ch\/en\/material-zpacks\/\" data-internallinksmanager029f6b8e52c=\"1\" title=\"Material Zpacks\">Dyneema<\/a>\u00ae Composite Fabric ist von Natur aus wasserdicht und wird nicht mit potenziell sch\u00e4dlichen Chemikalien wie Flammschutzmitteln oder wasserabweisenden Substanzen behandelt. Unsere Unterk\u00fcnfte sind alle <a href=\"https:\/\/litepack.ch\/en\/pfas-chemikalien\/\" data-internallinksmanager029f6b8e52c=\"4\" title=\"PFAS Free\">PFC<\/a>\/<a href=\"https:\/\/litepack.ch\/en\/pfas-chemikalien\/\" data-internallinksmanager029f6b8e52c=\"4\" title=\"PFAS Free\">PFA<\/a>-frei.<\/li>\n<li>Hergestellt in den USA.<\/li>\n<\/ul>\n<p><iframe title=\"Zpacks Duplex Tent | Overview\" width=\"500\" height=\"281\" src=\"https:\/\/www.youtube.com\/embed\/a5oBkA02AdA?feature=oembed\" frameborder=\"0\" allow=\"accelerometer; autoplay; clipboard-write; encrypted-media; gyroscope; picture-in-picture; web-share\" referrerpolicy=\"strict-origin-when-cross-origin\" allowfullscreen><\/iframe><\/p>","protected":false},"excerpt":{"rendered":"<p>Mit dem Duplex Classic Zelt kannst du deine Grenzen erweitern und l\u00e4ngere Strecken zur\u00fccklegen, egal ob du dich in der<\/p>","protected":false},"featured_media":35342,"comment_status":"open","ping_status":"closed","template":"","meta":[],"product_brand":[220],"product_cat":[118,18],"product_tag":[],"class_list":{"0":"post-35188","1":"product","2":"type-product","3":"status-publish","4":"has-post-thumbnail","6":"product_brand-zpacks","7":"product_cat-2p-zelte","8":"product_cat-zelte","9":"pa_hersteller-zpacks","11":"first","12":"instock","13":"taxable","14":"shipping-taxable","15":"purchasable","16":"product-type-variable","17":"has-default-attributes"},"_links":{"self":[{"href":"https:\/\/litepack.ch\/en\/wp-json\/wp\/v2\/product\/35188","targetHints":{"allow":["GET"]}}],"collection":[{"href":"https:\/\/litepack.ch\/en\/wp-json\/wp\/v2\/product"}],"about":[{"href":"https:\/\/litepack.ch\/en\/wp-json\/wp\/v2\/types\/product"}],"replies":[{"embeddable":true,"href":"https:\/\/litepack.ch\/en\/wp-json\/wp\/v2\/comments?post=35188"}],"wp:featuredmedia":[{"embeddable":true,"href":"https:\/\/litepack.ch\/en\/wp-json\/wp\/v2\/media\/35342"}],"wp:attachment":[{"href":"https:\/\/litepack.ch\/en\/wp-json\/wp\/v2\/media?parent=35188"}],"wp:term":[{"taxonomy":"product_brand","embeddable":true,"href":"https:\/\/litepack.ch\/en\/wp-json\/wp\/v2\/product_brand?post=35188"},{"taxonomy":"product_cat","embeddable":true,"href":"https:\/\/litepack.ch\/en\/wp-json\/wp\/v2\/product_cat?post=35188"},{"taxonomy":"product_tag","embeddable":true,"href":"https:\/\/litepack.ch\/en\/wp-json\/wp\/v2\/product_tag?post=35188"}],"curies":[{"name":"wp","href":"https:\/\/api.w.org\/{rel}","templated":true}]}}