{"id":35187,"date":"2025-01-24T18:01:22","date_gmt":"2025-01-24T17:01:22","guid":{"rendered":"http:\/\/litepack.ch\/?post_type=product&#038;p=35187"},"modified":"2026-03-03T10:05:03","modified_gmt":"2026-03-03T09:05:03","slug":"zpacks-pivot-solo-zelt","status":"publish","type":"product","link":"https:\/\/litepack.ch\/en\/product\/zpacks-pivot-solo-zelt\/","title":{"rendered":"Zpacks Pivot Solo Zelt"},"content":{"rendered":"<ul>\n<li>Hergestellt aus wasserdichtem, strapazierf\u00e4higem <a href=\"https:\/\/litepack.ch\/en\/material-zpacks\/\" data-internallinksmanager029f6b8e52c=\"1\" title=\"Material Zpacks\">Dyneema<\/a>\u00ae Composite-Gewebe:<\/li>\n<li>W\u00e4hle Blau oder Olive f\u00fcr \u201e<strong>Lite<\/strong>\u201c, um mit unserem bew\u00e4hrten DCF-Gewebe (0,55 oz\/qd), einem DCF-Boden (0,75 oz\/qd) und 1,3mm starken Abspannleinen die Grenzen zu erweitern.<\/li>\n<li>W\u00e4hle Gr\u00fcn f\u00fcr \u201e<strong>Standard<\/strong>\u201c, um mit einer DCF-Kabinenhaube (0,75 oz\/qd), einem DCF-Boden (1 oz\/qd) und 2mm starken Abspannleinen f\u00fcr zus\u00e4tzliche Opazit\u00e4t und Haltbarkeit zu sorgen.<\/li>\n<li>Aufgebaut wird das Zelt mit 132cm und 81cm Trekkingstangen oder Zeltstangen und nur 6 bis 8 <a href=\"https:\/\/litepack.ch\/en\/shop\/?min_price=0&amp;max_price=40&amp;s=Hering&amp;post_type=product\" data-internallinksmanager029f6b8e52c=\"3\" title=\"Zpacks Heringe\">Heringen<\/a> (jeweils separat erh\u00e4ltlich).<\/li>\n<li>Die Sturmt\u00fcren verf\u00fcgen \u00fcber einen praktischen Rei\u00dfverschluss und Magnetverschl\u00fcsse.<\/li>\n<li>Verstaue Schuhe und Rucksack in der Apsis oder stelle den Rucksack im ger\u00e4umigen Innenraum aufrecht hin.<\/li>\n<li>Ein vollst\u00e4ndig geschlossenes, ultraleichtes Insektenschutznetz h\u00e4lt selbst die kleinsten Insekten fern.<\/li>\n<li>Ein breiter, L-f\u00f6rmiger Eingang mit einer vorh\u00e4ngbaren Fliegengittert\u00fcr h\u00e4lt Moskitos ab. Der Boden ist festgesteckt und l\u00e4sst sich mit einem Rei\u00dfverschluss mit einer Hand bedienen.<\/li>\n<li>Eine Spitzenentl\u00fcftung und ein umlaufendes Gitter sorgen f\u00fcr zus\u00e4tzliche Bel\u00fcftung.<\/li>\n<li>Der Wannenboden hat hohe W\u00e4nde und ist vom Rand abgesetzt, damit du vor Spritzwasser und <a href=\"https:\/\/litepack.ch\/en\/kondensation\/\" data-internallinksmanager029f6b8e52c=\"5\" title=\"Kondenswasser in Zelten\">Kondensation<\/a> gesch\u00fctzt bist. Bei leichtem Regen oder unter nassen B\u00e4umen kann die T\u00fcr offen gelassen werden, damit die Luft str\u00f6men kann, ohne dass Wasser in den Wohnraum tropft oder f\u00e4llt.<\/li>\n<li>Die hintere Stange wird in die hintere Ecke geschwenkt, wodurch steile W\u00e4nde mit viel Kopf- und Fu\u00dfraum entstehen. Je nach Neigung des Bodens kannst du in beide Richtungen schlafen.<\/li>\n<li>Die kleine Standfl\u00e4che erm\u00f6glicht es, sich in schwer zu findende flache Stellen im Backcountry zu zw\u00e4ngen.<\/li>\n<li>Mit den LineLoc V-Verstellern kannst du die perfekte Neigung einstellen. Leuchtend gelbe Z-Line Abspannleinen sind bei Tag und Nacht gut zu sehen um Stolperfallen zu vermeiden.<\/li>\n<li>Das strapazierf\u00e4hige Bodenmaterial erfordert keine separate Bodenplane. Flache Groundsheets sind eine optionale Vorsichtsma\u00dfnahme.<\/li>\n<li>In der integrierten Netztasche kannst du kleine Gegenst\u00e4nde wie Stirnlampe, Brille oder Telefon verstauen.<\/li>\n<li>Alle Reissverschlussschieber sind vor Ort austauschbar. Reparaturband und Ersatzschieber sind im Lieferumfang enthalten.<\/li>\n<li>Hergestellt in den USA.<\/li>\n<\/ul>\n<p><iframe title=\"Zpacks Pivot Solo Tent | Overview\" width=\"500\" height=\"281\" src=\"https:\/\/www.youtube.com\/embed\/B28f-nn_NBE?feature=oembed\" frameborder=\"0\" allow=\"accelerometer; autoplay; clipboard-write; encrypted-media; gyroscope; picture-in-picture; web-share\" referrerpolicy=\"strict-origin-when-cross-origin\" allowfullscreen><\/iframe><\/p>","protected":false},"excerpt":{"rendered":"<p>Hergestellt aus wasserdichtem, strapazierf\u00e4higem Dyneema\u00ae Composite-Gewebe: W\u00e4hle Blau oder Olive f\u00fcr \u201eLite\u201c, um mit unserem bew\u00e4hrten DCF-Gewebe (0,55 oz\/qd), einem<\/p>","protected":false},"featured_media":35383,"comment_status":"open","ping_status":"closed","template":"","meta":[],"product_brand":[220],"product_cat":[117,18],"product_tag":[234],"class_list":{"0":"post-35187","1":"product","2":"type-product","3":"status-publish","4":"has-post-thumbnail","6":"product_brand-zpacks","7":"product_cat-1p-zelte","8":"product_cat-zelte","9":"product_tag-lite","10":"pa_hersteller-zpacks","12":"first","13":"instock","14":"taxable","15":"shipping-taxable","16":"purchasable","17":"product-type-variable"},"_links":{"self":[{"href":"https:\/\/litepack.ch\/en\/wp-json\/wp\/v2\/product\/35187","targetHints":{"allow":["GET"]}}],"collection":[{"href":"https:\/\/litepack.ch\/en\/wp-json\/wp\/v2\/product"}],"about":[{"href":"https:\/\/litepack.ch\/en\/wp-json\/wp\/v2\/types\/product"}],"replies":[{"embeddable":true,"href":"https:\/\/litepack.ch\/en\/wp-json\/wp\/v2\/comments?post=35187"}],"wp:featuredmedia":[{"embeddable":true,"href":"https:\/\/litepack.ch\/en\/wp-json\/wp\/v2\/media\/35383"}],"wp:attachment":[{"href":"https:\/\/litepack.ch\/en\/wp-json\/wp\/v2\/media?parent=35187"}],"wp:term":[{"taxonomy":"product_brand","embeddable":true,"href":"https:\/\/litepack.ch\/en\/wp-json\/wp\/v2\/product_brand?post=35187"},{"taxonomy":"product_cat","embeddable":true,"href":"https:\/\/litepack.ch\/en\/wp-json\/wp\/v2\/product_cat?post=35187"},{"taxonomy":"product_tag","embeddable":true,"href":"https:\/\/litepack.ch\/en\/wp-json\/wp\/v2\/product_tag?post=35187"}],"curies":[{"name":"wp","href":"https:\/\/api.w.org\/{rel}","templated":true}]}}