{"id":35185,"date":"2025-01-24T18:01:22","date_gmt":"2025-01-24T17:01:22","guid":{"rendered":"http:\/\/litepack.ch\/?post_type=product&#038;p=35185"},"modified":"2026-03-21T22:02:58","modified_gmt":"2026-03-21T21:02:58","slug":"zpacks-altaplex-lite-zelt","status":"publish","type":"product","link":"https:\/\/litepack.ch\/en\/product\/zpacks-altaplex-lite-zelt\/","title":{"rendered":"Zpacks Altaplex Zelt"},"content":{"rendered":"<p>W\u00e4hle Blau oder Olive, um mit unserer bew\u00e4hrten DCF-Kappe (0,55 oz\/qd), dem DCF-Boden (0,75 oz\/qd) und den 1,3 mm starken Abspannleinen die Grenzen zu erweitern.<br \/>\nW\u00e4hle Gr\u00fcn, um mit einer DCF-Kabinenhaube (0,75 oz\/qd), einem DCF-Boden (1 oz\/qd) und 2 mm starken Abspannleinen f\u00fcr zus\u00e4tzliche Opazit\u00e4t und Haltbarkeit zu sorgen.<\/p>\n<ul>\n<li>Wird mit einer einzigen Trekkingstange auf 142-147 cm eingestellt. Wenn Ihre Trekkingst\u00f6cke nicht auf min. 142 cm ausgezogen werden k\u00f6nnen, k\u00f6nnen Sie einen unserer <a href=\"http:\/\/litepack.ch\/en\/product\/zpacks-carbon-stockverlaengerung\/\">Trekkingstockheber<\/a> hinzuf\u00fcgen, um die H\u00f6he zu erreichen, oder Sie k\u00f6nnen einen unserer <a href=\"http:\/\/litepack.ch\/en\/product\/zpacks-zeltstange-carbon\/\">Carbonfaserst\u00e4be<\/a> oder Zeltstangen verwenden. 147cm-Stangen und -St\u00e4be m\u00fcssen m\u00f6glicherweise etwas angewinkelt werden, um die perfekte Neigung zu erreichen.<\/li>\n<li>Eine Trekkingstange ist nicht im Lieferumfang enthalten, aber wir haben mehrere Trekkingstangen-Optionen zur Auswahl.<\/li>\n<li>F\u00fcr den Aufbau sind mindestens 6 <a href=\"https:\/\/litepack.ch\/en\/shop\/?min_price=0&amp;max_price=40&amp;s=Hering&amp;post_type=product\" data-internallinksmanager029f6b8e52c=\"3\" title=\"Zpacks Heringe\">Heringen<\/a> erforderlich, bei Wind werden jedoch 10 <a href=\"https:\/\/litepack.ch\/en\/shop\/?min_price=0&amp;max_price=40&amp;s=Hering&amp;post_type=product\" data-internallinksmanager029f6b8e52c=\"3\" title=\"Zpacks Heringe\">Heringe<\/a> empfohlen. <a href=\"https:\/\/litepack.ch\/en\/shop\/?min_price=0&amp;max_price=40&amp;s=Hering&amp;post_type=product\" data-internallinksmanager029f6b8e52c=\"3\" title=\"Zpacks Heringe\">Heringe<\/a> sind nicht im Lieferumfang enthalten, aber wir haben eine Vielzahl von Ultralight <a href=\"https:\/\/litepack.ch\/en\/shop\/?min_price=0&amp;max_price=40&amp;s=Hering&amp;post_type=product\" data-internallinksmanager029f6b8e52c=\"3\" title=\"Zpacks Heringe\">Heringen<\/a> zur Auswahl.<\/li>\n<li>Das Altaplex Lite wird mit leuchtend gelben 1,3 mm Z-Line Abspannleinen geliefert, die im Vergleich zu den 2 mm Abspannleinen unserer Standardzelte Gewicht sparen. Die Abspannleinen k\u00f6nnen auf Wunsch bei allen unseren Unterst\u00e4nden ausgetauscht werden.<\/li>\n<li>Die Sturmt\u00fcren k\u00f6nnen unabh\u00e4ngig voneinander ge\u00f6ffnet oder geschlossen werden. Lassen Sie bei sch\u00f6nem Wetter eine oder zwei T\u00fcren offen, um eine frische Brise und eine tolle Aussicht zu genie\u00dfen. Schlie\u00dfen Sie die windzugewandte T\u00fcr, um kalten Wind abzuhalten, oder schlie\u00dfen Sie beide f\u00fcr 360\u00b0-Regenschutz. Die sich \u00fcberlappenden T\u00fcren werden mit speziell angefertigten Metallhaken geschlossen, die in der Mitte mit einem Knebel fixiert werden.<\/li>\n<li>Die \u00fcberlappenden Sturmt\u00fcren erm\u00f6glichen eine geringe Luftzirkulation, ohne dass eine zus\u00e4tzliche Bel\u00fcftung erforderlich ist. Es gibt keine Rei\u00dfverschl\u00fcsse an den T\u00fcren, die mit der Zeit versagen k\u00f6nnten.<\/li>\n<li>Eine einzelne geschlossene Sturmt\u00fcr schafft gen\u00fcgend Platz im Vorraum, um einen nassen Rucksack oder schlammige Schuhe zu verstauen, wenn man sie nicht mit ins Zelt nehmen will.<\/li>\n<li>Die Fliegengittert\u00fcr hat einen Regenbogen-Rei\u00dfverschluss, der einen einfachen Zugang erm\u00f6glicht, unabh\u00e4ngig davon, welche Sturmt\u00fcr geschlossen ist. Sie k\u00f6nnen den Vorraum von beiden Seiten betreten. Die Fliegengittert\u00fcr l\u00e4sst sich bequem nach innen klappen und h\u00e4ngt nicht im Weg. Sie brauchen sie nicht aufzurollen oder zu sichern.<\/li>\n<li>Das Vordach \u00fcberragt den Wannenboden und die Fliegengittert\u00fcren um 8 bis 12 cm. Bei leichtem Regen oder unter tropfenden B\u00e4umen k\u00f6nnen die T\u00fcren f\u00fcr den Luftstrom offen gelassen werden, ohne dass Wasser auf die Bodenfl\u00e4che tropft. Unter fast allen Bedingungen kann mindestens eine T\u00fcr auf der windabgewandten Seite zum L\u00fcften offen gelassen werden.<\/li>\n<li>F\u00fcr einen noch besseren Regenschutz bei ge\u00f6ffneter T\u00fcr k\u00f6nnen Sie die mitgelieferten Schn\u00fcre und die Enden des Bodens verwenden, um die Fliegengittert\u00fcr von der Regenspritze wegzuziehen, wie in der Fotogalerie zu sehen.<\/li>\n<li>Zwischen dem Wannenboden und den W\u00e4nden befindet sich ein umlaufender Sichtschutz. Eine verstellbare Schnur h\u00e4lt die Badewanne hoch und sorgt daf\u00fcr, dass der Schirm von der Badewanne weg nach unten geneigt ist. Jegliches <a href=\"https:\/\/litepack.ch\/en\/kondensation\/\" data-internallinksmanager029f6b8e52c=\"5\" title=\"Kondenswasser in Zelten\">Kondenswasser<\/a>, das bei einwandigen W\u00e4nden auftreten kann, l\u00e4uft an den W\u00e4nden hinunter und durch den nach unten geneigten Schirm heraus, anstatt auf den Boden zu gelangen. Klicken Sie hier f\u00fcr Tipps zur Vermeidung von <a href=\"https:\/\/litepack.ch\/en\/kondensation\/\" data-internallinksmanager029f6b8e52c=\"5\" title=\"Kondenswasser in Zelten\">Kondenswasser<\/a>.<\/li>\n<li>Dieses Zelt hat einen nahtlos eingen\u00e4hten, 17 cm hohen Wannenboden. Der Wannenboden ist ein Rechteck von 102cm x 2,3m. Viel Platz f\u00fcr eine breite Isomatte, auf der Sie sich ausstrecken k\u00f6nnen, und Platz f\u00fcr Ihre Ausr\u00fcstung.<\/li>\n<li>Unser \u201eLite\u201c-Zeltboden besteht aus 25 g\/m\u00b2 <a href=\"https:\/\/litepack.ch\/en\/material-zpacks\/\" data-internallinksmanager029f6b8e52c=\"1\" title=\"Material Zpacks\">Dyneema<\/a> Composite-Gewebe. Es wiegt 25 % weniger als unser Standard-Zeltboden und l\u00e4sst sich kleiner verpacken, hat aber den Nachteil einer etwas geringeren Abrieb- und Durchsto\u00dffestigkeit. W\u00e4hlen Sie m\u00f6glichst einen Platz auf trockenem Laub oder weichen Tannennadeln, um Bodenspritzer und <a href=\"https:\/\/litepack.ch\/en\/kondensation\/\" data-internallinksmanager029f6b8e52c=\"5\" title=\"Kondenswasser in Zelten\">Kondenswasser<\/a> zu minimieren, und achten Sie darauf, spitze Zweige, Steine oder Dornen von Ihrem Platz zu entfernen. Wie bei allen DCF-Materialien ist es sehr einfach, die N\u00e4hte mit dem mitgelieferten Nahtband auf dem Trail zu flicken. Das Altaplex Classic ist mit einem haltbareren, blickdichteren Stoff erh\u00e4ltlich.<\/li>\n<li>Wenn Sie besonders gro\u00df sind, k\u00f6nnen Sie versuchen, die Kopf- und\/oder Fu\u00dfabspannungen mit Trekking Pole Cups zu verst\u00e4rken, oder Sie probieren das Offset Solo f\u00fcr zus\u00e4tzliche Kopf- und Fu\u00dffreiheit aus.<\/li>\n<li>Um das Gewicht so gering wie m\u00f6glich zu halten, verf\u00fcgt dieses Zelt nicht \u00fcber eine eingebaute Innentasche. Sparen Sie Gewicht, indem Sie die Taschen Ihres Rucksacks f\u00fcr die Aufbewahrung in der Nacht verwenden, oder f\u00fcgen Sie eine Stick-On Mesh Tent Pocket hinzu.<\/li>\n<li>Ein separater Zeltboden ist f\u00fcr diese Unterkunft NICHT erforderlich. Das Bodenmaterial ist einigerma\u00dfen haltbar, und alle <a href=\"https:\/\/litepack.ch\/en\/material-zpacks\/\" data-internallinksmanager029f6b8e52c=\"1\" title=\"Material Zpacks\">Dyneema<\/a>\u00ae Composite Fabric-Materialien k\u00f6nnen vor Ort leicht mit Reparaturband geflickt werden. Wenn Sie vorsichtshalber eine Bodenplane verwenden m\u00f6chten, sind flache Bodenplanen erh\u00e4ltlich.<\/li>\n<li>Alle unsere Zelte halten dem Wind ziemlich gut stand. Das Material kann hohe Windlasten aushalten. Solange Ihre <a href=\"https:\/\/litepack.ch\/en\/shop\/?min_price=0&amp;max_price=40&amp;s=Hering&amp;post_type=product\" data-internallinksmanager029f6b8e52c=\"3\" title=\"Zpacks Heringe\">Heringe<\/a> im Boden bleiben (verwenden Sie Steine, falls vorhanden), wird Ihr Zelt stehen bleiben. <a href=\"https:\/\/litepack.ch\/en\/material-zpacks\/\" data-internallinksmanager029f6b8e52c=\"1\" title=\"Material Zpacks\">Dyneema<\/a>\u00ae Composite Fabric ist kein besonders lautes Material, aber fast jedes Zelt macht im Wind ein wenig L\u00e4rm. Ohrst\u00f6psel sind keine schlechte Idee f\u00fcr windige N\u00e4chte.<\/li>\n<li><a href=\"https:\/\/litepack.ch\/en\/material-zpacks\/\" data-internallinksmanager029f6b8e52c=\"1\" title=\"Material Zpacks\">Dyneema<\/a> Composite Fabric ist von Natur aus wasserdicht und wird nicht mit potenziell sch\u00e4dlichen Chemikalien wie Flammschutzmitteln (<a href=\"https:\/\/litepack.ch\/en\/pfas-chemikalien\/\" data-internallinksmanager029f6b8e52c=\"4\" title=\"PFAS Free\">PFAS<\/a>) oder wasserabweisenden Mitteln behandelt.<\/li>\n<li>Hergestellt in den USA.<\/li>\n<\/ul>","protected":false},"excerpt":{"rendered":"<p>W\u00e4hle Blau oder Olive, um mit unserer bew\u00e4hrten DCF-Kappe (0,55 oz\/qd), dem DCF-Boden (0,75 oz\/qd) und den 1,3 mm starken<\/p>","protected":false},"featured_media":35324,"comment_status":"open","ping_status":"closed","template":"","meta":[],"product_brand":[220],"product_cat":[117,18],"product_tag":[234],"class_list":{"0":"post-35185","1":"product","2":"type-product","3":"status-publish","4":"has-post-thumbnail","6":"product_brand-zpacks","7":"product_cat-1p-zelte","8":"product_cat-zelte","9":"product_tag-lite","10":"pa_hersteller-zpacks","12":"first","13":"instock","14":"taxable","15":"shipping-taxable","16":"purchasable","17":"product-type-variable"},"_links":{"self":[{"href":"https:\/\/litepack.ch\/en\/wp-json\/wp\/v2\/product\/35185","targetHints":{"allow":["GET"]}}],"collection":[{"href":"https:\/\/litepack.ch\/en\/wp-json\/wp\/v2\/product"}],"about":[{"href":"https:\/\/litepack.ch\/en\/wp-json\/wp\/v2\/types\/product"}],"replies":[{"embeddable":true,"href":"https:\/\/litepack.ch\/en\/wp-json\/wp\/v2\/comments?post=35185"}],"wp:featuredmedia":[{"embeddable":true,"href":"https:\/\/litepack.ch\/en\/wp-json\/wp\/v2\/media\/35324"}],"wp:attachment":[{"href":"https:\/\/litepack.ch\/en\/wp-json\/wp\/v2\/media?parent=35185"}],"wp:term":[{"taxonomy":"product_brand","embeddable":true,"href":"https:\/\/litepack.ch\/en\/wp-json\/wp\/v2\/product_brand?post=35185"},{"taxonomy":"product_cat","embeddable":true,"href":"https:\/\/litepack.ch\/en\/wp-json\/wp\/v2\/product_cat?post=35185"},{"taxonomy":"product_tag","embeddable":true,"href":"https:\/\/litepack.ch\/en\/wp-json\/wp\/v2\/product_tag?post=35185"}],"curies":[{"name":"wp","href":"https:\/\/api.w.org\/{rel}","templated":true}]}}