{"id":35012,"date":"2025-01-06T15:29:52","date_gmt":"2025-01-06T14:29:52","guid":{"rendered":"https:\/\/zpacks.ch\/?post_type=product&#038;p=35012"},"modified":"2025-09-25T08:17:41","modified_gmt":"2025-09-25T07:17:41","slug":"zpacks-carbon-hering","status":"publish","type":"product","link":"https:\/\/litepack.ch\/en\/product\/zpacks-carbon-hering\/","title":{"rendered":"Zpacks Carbon Hering"},"content":{"rendered":"<p>Durch die vergr\u00f6\u00dferte Oberfl\u00e4che sind diese Carbon <a href=\"https:\/\/litepack.ch\/en\/shop\/?min_price=0&amp;max_price=40&amp;s=Hering&amp;post_type=product\" data-internallinksmanager029f6b8e52c=\"3\" title=\"Zpacks Heringe\">Heringe<\/a> eine gute Wahl f\u00fcr weiches Terrain. Hergestellt aus einem Kohlefaserschaft mit einer Metallspitze und einer Metallendkappe, haben diese <a href=\"https:\/\/litepack.ch\/en\/shop\/?min_price=0&amp;max_price=40&amp;s=Hering&amp;post_type=product\" data-internallinksmanager029f6b8e52c=\"3\" title=\"Zpacks Heringe\">Heringe<\/a> das beste Verh\u00e4ltnis von Haltekraft zu Gewicht unter allen <a href=\"https:\/\/litepack.ch\/en\/shop\/?min_price=0&amp;max_price=40&amp;s=Hering&amp;post_type=product\" data-internallinksmanager029f6b8e52c=\"3\" title=\"Zpacks Heringe\">Heringen<\/a>, die wir f\u00fchren. Diese <a href=\"https:\/\/litepack.ch\/en\/shop\/?min_price=0&amp;max_price=40&amp;s=Hering&amp;post_type=product\" data-internallinksmanager029f6b8e52c=\"3\" title=\"Zpacks Heringe\">Heringe<\/a> haben eine orangefarbene Kordel am Ende, damit sie leicht zu sehen sind und leicht aus dem Boden gezogen werden k\u00f6nnen.<\/p>\n<p>Der dicke Durchmesser erm\u00f6glicht einen besseren Halt im Boden als d\u00fcnnes Titan. Sie eignen sich hervorragend f\u00fcr lockere B\u00f6den, haben sich aber auch in normalem Schmutz als sehr funktionell erwiesen. In festem Boden oder auf Felsen werden sie seitlich aufgestellt und mit Steinen verankert.<\/p>\n<p>Dies sind die einzigen <a href=\"https:\/\/litepack.ch\/en\/shop\/?min_price=0&amp;max_price=40&amp;s=Hering&amp;post_type=product\" data-internallinksmanager029f6b8e52c=\"3\" title=\"Zpacks Heringe\">Heringe<\/a>, die zuverl\u00e4ssig durch die Sicherheitskontrollen am Flughafen getragen werden k\u00f6nnen. Wir haben diese <a href=\"https:\/\/litepack.ch\/en\/shop\/?min_price=0&amp;max_price=40&amp;s=Hering&amp;post_type=product\" data-internallinksmanager029f6b8e52c=\"3\" title=\"Zpacks Heringe\">Heringe<\/a> schon ein Dutzend Mal durch die Sicherheitskontrollen an US-Flugh\u00e4fen getragen, ohne dass es Probleme gab. Unsere Erfahrung mit Metallheringen ist, dass sie in etwa der H\u00e4lfte der F\u00e4lle beschlagnahmt werden.<\/p>","protected":false},"excerpt":{"rendered":"<p>Durch die vergr\u00f6\u00dferte Oberfl\u00e4che sind diese Carbon Heringe eine gute Wahl f\u00fcr weiches Terrain. Hergestellt aus einem Kohlefaserschaft mit einer<\/p>","protected":false},"featured_media":35013,"comment_status":"open","ping_status":"closed","template":"","meta":[],"product_brand":[220],"product_cat":[278,191],"product_tag":[],"class_list":{"0":"post-35012","1":"product","2":"type-product","3":"status-publish","4":"has-post-thumbnail","6":"product_brand-zpacks","7":"product_cat-zelt-zubehoer","8":"product_cat-zubehoer","9":"pa_hersteller-zpacks","11":"first","12":"instock","13":"taxable","14":"shipping-taxable","15":"purchasable","16":"product-type-simple"},"_links":{"self":[{"href":"https:\/\/litepack.ch\/en\/wp-json\/wp\/v2\/product\/35012","targetHints":{"allow":["GET"]}}],"collection":[{"href":"https:\/\/litepack.ch\/en\/wp-json\/wp\/v2\/product"}],"about":[{"href":"https:\/\/litepack.ch\/en\/wp-json\/wp\/v2\/types\/product"}],"replies":[{"embeddable":true,"href":"https:\/\/litepack.ch\/en\/wp-json\/wp\/v2\/comments?post=35012"}],"wp:featuredmedia":[{"embeddable":true,"href":"https:\/\/litepack.ch\/en\/wp-json\/wp\/v2\/media\/35013"}],"wp:attachment":[{"href":"https:\/\/litepack.ch\/en\/wp-json\/wp\/v2\/media?parent=35012"}],"wp:term":[{"taxonomy":"product_brand","embeddable":true,"href":"https:\/\/litepack.ch\/en\/wp-json\/wp\/v2\/product_brand?post=35012"},{"taxonomy":"product_cat","embeddable":true,"href":"https:\/\/litepack.ch\/en\/wp-json\/wp\/v2\/product_cat?post=35012"},{"taxonomy":"product_tag","embeddable":true,"href":"https:\/\/litepack.ch\/en\/wp-json\/wp\/v2\/product_tag?post=35012"}],"curies":[{"name":"wp","href":"https:\/\/api.w.org\/{rel}","templated":true}]}}