{"id":35008,"date":"2025-01-06T15:21:23","date_gmt":"2025-01-06T14:21:23","guid":{"rendered":"https:\/\/zpacks.ch\/?post_type=product&#038;p=35008"},"modified":"2025-11-22T08:28:27","modified_gmt":"2025-11-22T07:28:27","slug":"zpacks-ultralight-titanium-hering","status":"publish","type":"product","link":"https:\/\/litepack.ch\/en\/product\/zpacks-ultralight-titanium-hering\/","title":{"rendered":"Zpacks Ultralight Titanium Hering"},"content":{"rendered":"<p>Dies sind die leichtesten <a href=\"https:\/\/litepack.ch\/en\/shop\/?min_price=0&amp;max_price=40&amp;s=Hering&amp;post_type=product\" data-internallinksmanager029f6b8e52c=\"3\" title=\"Zpacks Heringe\">Heringe<\/a>, die du bekommen kannst, mit angemessener Haltekraft und Haltbarkeit. Titan ist im Verh\u00e4ltnis zu seinem Gewicht sehr leicht und stabil, aber es ist Vorsicht geboten, um ein Verbiegen zu vermeiden. D\u00fcnne <a href=\"https:\/\/litepack.ch\/en\/shop\/?min_price=0&amp;max_price=40&amp;s=Hering&amp;post_type=product\" data-internallinksmanager029f6b8e52c=\"3\" title=\"Zpacks Heringe\">Heringe<\/a> wie diese lassen sich im Vergleich zu dickeren <a href=\"https:\/\/litepack.ch\/en\/shop\/?min_price=0&amp;max_price=40&amp;s=Hering&amp;post_type=product\" data-internallinksmanager029f6b8e52c=\"3\" title=\"Zpacks Heringe\">Heringen<\/a> leichter in m\u00e4\u00dfig festen Boden dr\u00fccken. In lockerem Boden oder bei Wind sollten Sie sie mit Steinen beschweren.<br \/>\nSie haben einen orangefarbenen Kopf, so dass man sie nicht so leicht verlieren kann.<\/p>","protected":false},"excerpt":{"rendered":"<p>Dies sind die leichtesten Heringe, die du bekommen kannst, mit angemessener Haltekraft und Haltbarkeit. Titan ist im Verh\u00e4ltnis zu seinem<\/p>","protected":false},"featured_media":35011,"comment_status":"open","ping_status":"closed","template":"","meta":[],"product_brand":[220],"product_cat":[278,191],"product_tag":[],"class_list":{"0":"post-35008","1":"product","2":"type-product","3":"status-publish","4":"has-post-thumbnail","6":"product_brand-zpacks","7":"product_cat-zelt-zubehoer","8":"product_cat-zubehoer","9":"pa_hersteller-zpacks","11":"first","12":"instock","13":"taxable","14":"shipping-taxable","15":"purchasable","16":"product-type-variable"},"_links":{"self":[{"href":"https:\/\/litepack.ch\/en\/wp-json\/wp\/v2\/product\/35008","targetHints":{"allow":["GET"]}}],"collection":[{"href":"https:\/\/litepack.ch\/en\/wp-json\/wp\/v2\/product"}],"about":[{"href":"https:\/\/litepack.ch\/en\/wp-json\/wp\/v2\/types\/product"}],"replies":[{"embeddable":true,"href":"https:\/\/litepack.ch\/en\/wp-json\/wp\/v2\/comments?post=35008"}],"wp:featuredmedia":[{"embeddable":true,"href":"https:\/\/litepack.ch\/en\/wp-json\/wp\/v2\/media\/35011"}],"wp:attachment":[{"href":"https:\/\/litepack.ch\/en\/wp-json\/wp\/v2\/media?parent=35008"}],"wp:term":[{"taxonomy":"product_brand","embeddable":true,"href":"https:\/\/litepack.ch\/en\/wp-json\/wp\/v2\/product_brand?post=35008"},{"taxonomy":"product_cat","embeddable":true,"href":"https:\/\/litepack.ch\/en\/wp-json\/wp\/v2\/product_cat?post=35008"},{"taxonomy":"product_tag","embeddable":true,"href":"https:\/\/litepack.ch\/en\/wp-json\/wp\/v2\/product_tag?post=35008"}],"curies":[{"name":"wp","href":"https:\/\/api.w.org\/{rel}","templated":true}]}}