{"id":34804,"date":"2025-01-05T20:51:33","date_gmt":"2025-01-05T19:51:33","guid":{"rendered":"https:\/\/zpacks.ch\/?post_type=product&#038;p=34804"},"modified":"2026-03-21T22:35:43","modified_gmt":"2026-03-21T21:35:43","slug":"zpacks-packwuerfel","status":"publish","type":"product","link":"https:\/\/litepack.ch\/en\/product\/zpacks-packwuerfel\/","title":{"rendered":"Zpacks Packw\u00fcrfel"},"content":{"rendered":"<ul>\n<li>Hergestellt aus schwarzem 34 g\/m\u00b2 <a href=\"https:\/\/litepack.ch\/en\/material-zpacks\/\" data-internallinksmanager029f6b8e52c=\"1\" title=\"Material Zpacks\">Dyneema<\/a>\u00ae Composite Fabric, das von Natur aus wasserdicht und abriebfest ist. Im Vergleich dazu sind unsere regul\u00e4ren Stuff Sacks aus d\u00fcnnerem 19 g\/m\u00b2 Material hergestellt.<\/li>\n<li>Unsere Packw\u00fcrfel sind mit einem umlaufenden Gurtbandverschluss und einem Kompressionssystem ausgestattet, mit dem sich die W\u00fcrfel kompakt und platzsparend verstauen lassen.<\/li>\n<li>Die W\u00fcrfel sind mit einem wasserdichten Rei\u00dfverschluss und Material ausgestattet. Alle N\u00e4hte und Befestigungspunkte sind abgeklebt, was die Packw\u00fcrfel sehr wasserfest macht.<\/li>\n<li>Hergestellt in den USA.<\/li>\n<\/ul>\n<p><iframe title=\"Zpacks Packing Cubes | Overview\" width=\"500\" height=\"281\" src=\"https:\/\/www.youtube.com\/embed\/XUHHxJOPHFE?feature=oembed\" frameborder=\"0\" allow=\"accelerometer; autoplay; clipboard-write; encrypted-media; gyroscope; picture-in-picture; web-share\" referrerpolicy=\"strict-origin-when-cross-origin\" allowfullscreen><\/iframe><\/p>","protected":false},"excerpt":{"rendered":"<p>Hergestellt aus schwarzem 34 g\/m\u00b2 Dyneema\u00ae Composite Fabric, das von Natur aus wasserdicht und abriebfest ist. Im Vergleich dazu sind<\/p>","protected":false},"featured_media":34809,"comment_status":"open","ping_status":"closed","template":"","meta":[],"product_brand":[220],"product_cat":[296,191],"product_tag":[],"class_list":{"0":"post-34804","1":"product","2":"type-product","3":"status-publish","4":"has-post-thumbnail","6":"product_brand-zpacks","7":"product_cat-weiteres-zubehoer","8":"product_cat-zubehoer","9":"pa_hersteller-zpacks","11":"first","12":"instock","13":"taxable","14":"shipping-taxable","15":"purchasable","16":"product-type-variable","17":"has-default-attributes"},"_links":{"self":[{"href":"https:\/\/litepack.ch\/en\/wp-json\/wp\/v2\/product\/34804","targetHints":{"allow":["GET"]}}],"collection":[{"href":"https:\/\/litepack.ch\/en\/wp-json\/wp\/v2\/product"}],"about":[{"href":"https:\/\/litepack.ch\/en\/wp-json\/wp\/v2\/types\/product"}],"replies":[{"embeddable":true,"href":"https:\/\/litepack.ch\/en\/wp-json\/wp\/v2\/comments?post=34804"}],"wp:featuredmedia":[{"embeddable":true,"href":"https:\/\/litepack.ch\/en\/wp-json\/wp\/v2\/media\/34809"}],"wp:attachment":[{"href":"https:\/\/litepack.ch\/en\/wp-json\/wp\/v2\/media?parent=34804"}],"wp:term":[{"taxonomy":"product_brand","embeddable":true,"href":"https:\/\/litepack.ch\/en\/wp-json\/wp\/v2\/product_brand?post=34804"},{"taxonomy":"product_cat","embeddable":true,"href":"https:\/\/litepack.ch\/en\/wp-json\/wp\/v2\/product_cat?post=34804"},{"taxonomy":"product_tag","embeddable":true,"href":"https:\/\/litepack.ch\/en\/wp-json\/wp\/v2\/product_tag?post=34804"}],"curies":[{"name":"wp","href":"https:\/\/api.w.org\/{rel}","templated":true}]}}