{"id":34757,"date":"2025-01-04T17:26:04","date_gmt":"2025-01-04T16:26:04","guid":{"rendered":"https:\/\/zpacks.ch\/?post_type=product&#038;p=34757"},"modified":"2025-11-25T22:37:09","modified_gmt":"2025-11-25T21:37:09","slug":"zpacks-aluminium-hering","status":"publish","type":"product","link":"https:\/\/litepack.ch\/en\/product\/zpacks-aluminium-hering\/","title":{"rendered":"Zpacks Aluminium Stake"},"content":{"rendered":"<p id=\"wd-99759ec9\" class=\"wp-block-wd-paragraph\">Ultraleichte <a href=\"https:\/\/litepack.ch\/en\/shop\/?min_price=0&amp;max_price=40&amp;s=Hering&amp;post_type=product\" data-internallinksmanager029f6b8e52c=\"3\" title=\"Zpacks Heringe\">Stakes<\/a> sollten niemals mit dem Hammer geschlagen werden, da sie sonst verbogen oder besch\u00e4digt werden k\u00f6nnten. Halten Sie Ihren Fu\u00df in beiden H\u00e4nden, um Stabilit\u00e4t zu gew\u00e4hrleisten, und f\u00fchren Sie den Pfahl mit Ihrem K\u00f6rpergewicht in den Boden. Wenn der Boden zu fest ist, um Pfl\u00f6cke einzuschlagen, verankern Sie sie stattdessen mit Steinen.<\/p>\r\n\r\n\r\n\r\n<p id=\"wd-87fc2d7c\" class=\"wp-block-wd-paragraph\">Nicht freistehende Zelte k\u00f6nnen mit ein wenig Kreativit\u00e4t fast \u00fcberall aufgestellt werden. Wenn der Boden zu fest ist, stecken Sie nur die Spitze der <a href=\"https:\/\/litepack.ch\/en\/shop\/?min_price=0&amp;max_price=40&amp;s=Hering&amp;post_type=product\" data-internallinksmanager029f6b8e52c=\"3\" title=\"Zpacks Heringe\">Stakes<\/a> ein und verankern Sie sie dann mit Steinen. Wenn Sie oberhalb der Baumgrenze auf Steinen campen, wickeln Sie die Abspannleinen um Felsen, um sie zu verankern. Auf Strandsand k\u00f6nnen Sie Felsen, Treibholz usw. als Anker f\u00fcr die Zeltabspannleinen verwenden. Auf h\u00f6lzernen Zeltplattformen k\u00f6nnen Sie die <a href=\"https:\/\/litepack.ch\/en\/shop\/?min_price=0&amp;max_price=40&amp;s=Hering&amp;post_type=product\" data-internallinksmanager029f6b8e52c=\"3\" title=\"Zpacks Heringe\">Stakes<\/a> zwischen den Brettern verkeilen oder zus\u00e4tzliche Leinen verwenden, um sie an den Enden der Plattform zu befestigen. Es gibt viele M\u00f6glichkeiten, wenn du deine Fantasie spielen l\u00e4sst.<\/p>","protected":false},"excerpt":{"rendered":"","protected":false},"featured_media":34758,"comment_status":"open","ping_status":"closed","template":"","meta":[],"product_brand":[220],"product_cat":[278,191],"product_tag":[],"class_list":{"0":"post-34757","1":"product","2":"type-product","3":"status-publish","4":"has-post-thumbnail","6":"product_brand-zpacks","7":"product_cat-zelt-zubehoer","8":"product_cat-zubehoer","9":"pa_hersteller-zpacks","11":"first","12":"instock","13":"taxable","14":"shipping-taxable","15":"purchasable","16":"product-type-variable","17":"has-default-attributes"},"_links":{"self":[{"href":"https:\/\/litepack.ch\/en\/wp-json\/wp\/v2\/product\/34757","targetHints":{"allow":["GET"]}}],"collection":[{"href":"https:\/\/litepack.ch\/en\/wp-json\/wp\/v2\/product"}],"about":[{"href":"https:\/\/litepack.ch\/en\/wp-json\/wp\/v2\/types\/product"}],"replies":[{"embeddable":true,"href":"https:\/\/litepack.ch\/en\/wp-json\/wp\/v2\/comments?post=34757"}],"wp:featuredmedia":[{"embeddable":true,"href":"https:\/\/litepack.ch\/en\/wp-json\/wp\/v2\/media\/34758"}],"wp:attachment":[{"href":"https:\/\/litepack.ch\/en\/wp-json\/wp\/v2\/media?parent=34757"}],"wp:term":[{"taxonomy":"product_brand","embeddable":true,"href":"https:\/\/litepack.ch\/en\/wp-json\/wp\/v2\/product_brand?post=34757"},{"taxonomy":"product_cat","embeddable":true,"href":"https:\/\/litepack.ch\/en\/wp-json\/wp\/v2\/product_cat?post=34757"},{"taxonomy":"product_tag","embeddable":true,"href":"https:\/\/litepack.ch\/en\/wp-json\/wp\/v2\/product_tag?post=34757"}],"curies":[{"name":"wp","href":"https:\/\/api.w.org\/{rel}","templated":true}]}}