{"id":34755,"date":"2025-01-04T17:06:02","date_gmt":"2025-01-04T16:06:02","guid":{"rendered":"https:\/\/zpacks.ch\/?post_type=product&#038;p=34755"},"modified":"2026-05-05T14:35:04","modified_gmt":"2026-05-05T13:35:04","slug":"zpacks-zeltstange-carbon","status":"publish","type":"product","link":"https:\/\/litepack.ch\/en\/product\/zpacks-zeltstange-carbon\/","title":{"rendered":"Zpacks Carbon Zeltstange"},"content":{"rendered":"<p><\/p>\r\n<ul>\r\n<li><span class=\"wd-list-content\">Unsere Zeltstangen werden aus hochwertigen, umwickelten Kohlefaserrohren mit innenliegenden Karbonh\u00fclsen hergestellt. Die Rohre sind steif und haben ein gutes Verh\u00e4ltnis von St\u00e4rke zu Gewicht.<\/span><\/li>\r\n<li><span class=\"wd-list-content\">Die geraden Zeltstangen sind eine Alternative f\u00fcr das Aufstellen mit Trekkingst\u00f6cken. Dieses Carbon ist im Gegensatz zu Kuppelzeltstangen steif.<\/span><\/li>\r\n<li><span class=\"wd-list-content\">Die Stangen sind so geschnitten, dass sie b\u00fcndig mit gleich langen Abschnitten zusammengelegt werden k\u00f6nnen. Sie sind mit einer Schnur zusammengebunden. Die Enden sind mit Vinyl-Endkappen versehen.<\/span><\/li>\r\n<li><span class=\"wd-list-content\">Unsere Stangen haben eine kurze gefaltete L\u00e4nge, so dass sie sich leicht mit dem Zelt zusammen verpacken lassen.<\/span><\/li>\r\n<li><span class=\"wd-list-content\">Wenn du die Stange mit einem Tarp oder einem Aussenzelt verwenden m\u00f6chten, solltest du einen Trekkingstangenhalter verwenden, um sie zu fixieren.<\/span><\/li>\r\n<li><span class=\"wd-list-content\">Wenn du deine Stangen organisiert aufbewahren oder deinen Zeltstoff vor den Stangen sch\u00fctzen m\u00f6chtest, verwende unseren <a href=\"https:\/\/litepack.ch\/en\/product\/zpacks-zeltstangen-sack\/\">Zeltstangensack<\/a>.<\/span><\/li>\r\n<li><span class=\"wd-list-content\">Di kannst die Stange selber mit einer B\u00fcgels\u00e4ge oder einer Kreiss\u00e4ge zuschneiden. Schneide einfach das Ende ab und setze die Vinyl-Endkappe wieder auf.<\/span><\/li>\r\n<\/ul>\r\n<p><\/p>","protected":false},"excerpt":{"rendered":"","protected":false},"featured_media":34756,"comment_status":"open","ping_status":"closed","template":"","meta":[],"product_brand":[220],"product_cat":[278,191],"product_tag":[],"class_list":{"0":"post-34755","1":"product","2":"type-product","3":"status-publish","4":"has-post-thumbnail","6":"product_brand-zpacks","7":"product_cat-zelt-zubehoer","8":"product_cat-zubehoer","9":"pa_hersteller-zpacks","11":"first","12":"instock","13":"taxable","14":"shipping-taxable","15":"purchasable","16":"product-type-variable","17":"has-default-attributes"},"_links":{"self":[{"href":"https:\/\/litepack.ch\/en\/wp-json\/wp\/v2\/product\/34755","targetHints":{"allow":["GET"]}}],"collection":[{"href":"https:\/\/litepack.ch\/en\/wp-json\/wp\/v2\/product"}],"about":[{"href":"https:\/\/litepack.ch\/en\/wp-json\/wp\/v2\/types\/product"}],"replies":[{"embeddable":true,"href":"https:\/\/litepack.ch\/en\/wp-json\/wp\/v2\/comments?post=34755"}],"wp:featuredmedia":[{"embeddable":true,"href":"https:\/\/litepack.ch\/en\/wp-json\/wp\/v2\/media\/34756"}],"wp:attachment":[{"href":"https:\/\/litepack.ch\/en\/wp-json\/wp\/v2\/media?parent=34755"}],"wp:term":[{"taxonomy":"product_brand","embeddable":true,"href":"https:\/\/litepack.ch\/en\/wp-json\/wp\/v2\/product_brand?post=34755"},{"taxonomy":"product_cat","embeddable":true,"href":"https:\/\/litepack.ch\/en\/wp-json\/wp\/v2\/product_cat?post=34755"},{"taxonomy":"product_tag","embeddable":true,"href":"https:\/\/litepack.ch\/en\/wp-json\/wp\/v2\/product_tag?post=34755"}],"curies":[{"name":"wp","href":"https:\/\/api.w.org\/{rel}","templated":true}]}}