{"id":34338,"date":"2025-01-02T10:41:48","date_gmt":"2025-01-02T09:41:48","guid":{"rendered":"https:\/\/zpacks.ch\/?post_type=product&#038;p=34338"},"modified":"2026-03-21T22:33:48","modified_gmt":"2026-03-21T21:33:48","slug":"zpacks-daunen-jacke","status":"publish","type":"product","link":"https:\/\/litepack.ch\/en\/product\/zpacks-daunen-jacke\/","title":{"rendered":"Zpacks Daunenjacke"},"content":{"rendered":"<p class=\"p1\">Wenn die kalten N\u00e4chte im Backcountry kommen, bleibst du mit der <a href=\"\/en\/hersteller\/zpacks\/\" data-internallinksmanager029f6b8e52c=\"2\" title=\"Zpacks\">Zpacks<\/a> Daunenjacke warm und gem\u00fctlich. Sie trifft das perfekte Gleichgewicht zwischen W\u00e4rme und Gewicht \u2013 unsere ultraleichte Daunenjacke ist die erste Wahl f\u00fcr Outdoor-Abenteurer, die der K\u00e4lte trotzen wollen, ohne zus\u00e4tzliches Gewicht zu tragen!<\/p>\r\n<ul class=\"wp-block-list\">\r\n<li class=\"p1\">Gef\u00fcllt mit Responsible Down Standard zertifizierter 900 cuin Moschusenten-Daune.<\/li>\r\n<li class=\"p1\">Sowohl das <a href=\"https:\/\/litepack.ch\/en\/material-zpacks\/\" data-internallinksmanager029f6b8e52c=\"1\" title=\"Material Zpacks\">Ventum<\/a> Ripstop Nylon-Innenfutter als auch die Aussenschicht sind mit einer <a href=\"https:\/\/litepack.ch\/en\/pfas-chemikalien\/\" data-internallinksmanager029f6b8e52c=\"4\" title=\"PFAS Free\">PFC<\/a>-freien \u201eC0\u201c Impr\u00e4gnierung versehen, die vor Regenspritzern und K\u00f6rperfeuchtigkeit sch\u00fctzt.<\/li>\r\n<li class=\"p1\">Die angenehme L\u00e4nge von Rumpf und \u00c4rmeln sorgt f\u00fcr W\u00e4rme auch \u00fcber mehreren Schichten.<\/li>\r\n<li class=\"p1\">Die enganliegende Kapuze mit verstellbaren Kordelz\u00fcgen bietet maximalen Schutz.<\/li>\r\n<li class=\"p1\">Zwei Handtaschen halten deine H\u00e4nde auf dem Trail oder im Camp warm.<\/li>\r\n<li class=\"p1\">Ein verstellbarer elastischer Saum kann fest zugezogen werden, um Zugluft abzuhalten und ein Hochrutschen der Jacke zu verhindern.<\/li>\r\n<li class=\"p1\">Elastische B\u00fcndchen an den Handgelenken dichten die \u00c4rmel ab und halten kalte Luft draussen.<\/li>\r\n<li class=\"p1\">Eine innere Brusttasche mit Reissverschluss \u2013 passend zur jeweiligen Jackengr\u00f6sse \u2013 bietet Platz f\u00fcr Karten oder dein Telefon.<\/li>\r\n<li class=\"p1\">Die Brusttasche kann nach innen gest\u00fclpt werden, um die Jacke darin zu verstauen oder sie als Kissen zu verwenden.<\/li>\r\n<li class=\"p1\">Hergestellt in den USA.<\/li>\r\n<\/ul>\r\n<p>&nbsp;<\/p>\r\n<p><iframe title=\"Goose Down Jacket Overview | Zpacks\" width=\"500\" height=\"281\" src=\"https:\/\/www.youtube.com\/embed\/d4d5dwTBPZc?feature=oembed\" frameborder=\"0\" allow=\"accelerometer; autoplay; clipboard-write; encrypted-media; gyroscope; picture-in-picture; web-share\" referrerpolicy=\"strict-origin-when-cross-origin\" allowfullscreen><\/iframe><\/p>","protected":false},"excerpt":{"rendered":"<p>Wenn die kalten N\u00e4chte im Backcountry kommen, bleibst du mit der Zpacks Daunenjacke warm und gem\u00fctlich. Sie trifft das perfekte<\/p>","protected":false},"featured_media":37532,"comment_status":"open","ping_status":"closed","template":"","meta":[],"product_brand":[220],"product_cat":[190],"product_tag":[],"class_list":{"0":"post-34338","1":"product","2":"type-product","3":"status-publish","4":"has-post-thumbnail","6":"product_brand-zpacks","7":"product_cat-kleidung","8":"pa_hersteller-zpacks","10":"first","11":"instock","12":"taxable","13":"shipping-taxable","14":"purchasable","15":"product-type-variable","16":"has-default-attributes"},"_links":{"self":[{"href":"https:\/\/litepack.ch\/en\/wp-json\/wp\/v2\/product\/34338","targetHints":{"allow":["GET"]}}],"collection":[{"href":"https:\/\/litepack.ch\/en\/wp-json\/wp\/v2\/product"}],"about":[{"href":"https:\/\/litepack.ch\/en\/wp-json\/wp\/v2\/types\/product"}],"replies":[{"embeddable":true,"href":"https:\/\/litepack.ch\/en\/wp-json\/wp\/v2\/comments?post=34338"}],"wp:featuredmedia":[{"embeddable":true,"href":"https:\/\/litepack.ch\/en\/wp-json\/wp\/v2\/media\/37532"}],"wp:attachment":[{"href":"https:\/\/litepack.ch\/en\/wp-json\/wp\/v2\/media?parent=34338"}],"wp:term":[{"taxonomy":"product_brand","embeddable":true,"href":"https:\/\/litepack.ch\/en\/wp-json\/wp\/v2\/product_brand?post=34338"},{"taxonomy":"product_cat","embeddable":true,"href":"https:\/\/litepack.ch\/en\/wp-json\/wp\/v2\/product_cat?post=34338"},{"taxonomy":"product_tag","embeddable":true,"href":"https:\/\/litepack.ch\/en\/wp-json\/wp\/v2\/product_tag?post=34338"}],"curies":[{"name":"wp","href":"https:\/\/api.w.org\/{rel}","templated":true}]}}