{"id":34198,"date":"2025-01-30T22:11:28","date_gmt":"2025-01-30T21:11:28","guid":{"rendered":"https:\/\/zpacks.ch\/?post_type=product&#038;p=34198"},"modified":"2026-02-21T10:34:33","modified_gmt":"2026-02-21T09:34:33","slug":"zpacks-summer-quilt-winter-liner-schafsack","status":"publish","type":"product","link":"https:\/\/litepack.ch\/en\/product\/zpacks-summer-quilt-winter-liner-schafsack\/","title":{"rendered":"Zpacks Summer Quilt \/ Winter Liner"},"content":{"rendered":"<p><strong><a href=\"\/en\/hersteller\/zpacks\/\" data-internallinksmanager029f6b8e52c=\"2\" title=\"Zpacks\">Zpacks<\/a> Schlafs\u00e4cke sollen so individuell sein wie du. Darum gibt es die meisten Schlafs\u00e4cke in 7 verschiedenen Gr\u00f6ssen, damit sich jeder darin optimal wohl f\u00fchlt. Die Temperatur Varianten bieten zus\u00e4tzliche Flexibilit\u00e4t f\u00fcr jede Situation. Und das ganze bietet <a href=\"\/en\/hersteller\/zpacks\/\" data-internallinksmanager029f6b8e52c=\"2\" title=\"Zpacks\">Zpacks<\/a> dir in 4  Farben. Darum wird praktisch jeder <strong>Schlafsack<\/strong><\/strong> <strong>individuell auf deine auf Bestellung gefertigt.<\/strong><\/p>\n\n\n\n<p><\/p>\n\n<p>Der Summer Quilt bietet genau die richtige Menge an W\u00e4rme f\u00fcr Sommern\u00e4chte, wenn die Vorhersage \u00fcber dem Gefrierpunkt liegt. Diese Tasche ist so leicht und l\u00e4sst sich so klein verpacken, dass sie f\u00fcr den Fall der F\u00e4lle einfach in den Tagesrucksack gesteckt werden kann oder auf l\u00e4ngeren Sommertouren ein unschlagbares Grundgewicht erreicht.<\/p>\n<p>Kombinieren Sie diese Steppdecke mit unserer <a href=\"\/en\/hersteller\/zpacks\/\" data-internallinksmanager029f6b8e52c=\"2\" title=\"Zpacks\">Zpacks<\/a> Daunenjacke und einer Fleece-M\u00fctze, um die W\u00e4rme bei Bedarf noch weiter zu erh\u00f6hen.<\/p>\n<p>Die Sommerdecke wird mit einem Druckknopf in der Mitte und am Hals geschlossen, damit sie in hei\u00dfen N\u00e4chten leicht bel\u00fcftet werden kann. Die Kordel kann im Nacken verknotet werden, um Zugluft abzudichten.<\/p>\n<p>Das Summer Quilt ist auch mit unserem Sleeping Pad Quilt Strap (separat erh\u00e4ltlich) kompatibel, mit dem Sie es an Ihrer Schlafunterlage befestigen k\u00f6nnen, damit es nicht verrutscht.<\/p>\n<p>Wenn die Temperaturen unter den Gefrierpunkt sinken, eignet sich die Sommerdecke als zus\u00e4tzliche Schicht, um die Grenzen Ihres Drei-Jahreszeiten-Schlafsacks in den k\u00e4lteren Jahreszeiten weiter auszuloten. Er passt in jeden unserer Schlafs\u00e4cke mit Boden- oder Seitenrei\u00dfverschluss, Steppdecken und Mumiens\u00e4cke.<\/p>\n<p>Kombinieren Sie einen der -7C (2.5\u201e Loft) Schlafs\u00e4cke und den 5C (1.25\u201c Loft) Summer Quilt \/ Winter Liner, damit Sie sich fast das ganze Jahr \u00fcber wohlf\u00fchlen, indem Sie je nach Bedarf Schichten bilden.<\/p>\n<ul>\n<li>Hergestellt aus vom Responsible Down Standard zertifizierten 900er F\u00fcllkraft Muscovy Duck Daunen.<br \/>\nG\u00e4nse- und Entendaunen sind von Natur aus wasserabweisend, aber wie jede Daune (ob behandelt oder nicht) wird sie nass, wenn sie l\u00e4nger als ein paar Minuten Feuchtigkeit ausgesetzt ist. Unsere Muscovy-Daunen sind ultraschallgewaschen. Sie sind geruchsneutral und enthalten keine zus\u00e4tzlichen Chemikalien oder Behandlungen.<\/li>\n<li>Jede Kammer ist mit 30 % mehr 900 Fill Power Premium-Daunen gef\u00fcllt, als f\u00fcr einen maximalen Loft erforderlich ist, um eine eventuelle Kompression der Daunen zu ber\u00fccksichtigen.<\/li>\n<li>Vertikale Leitbleche am Oberk\u00f6rper verhindern, dass die Daunen zu den Seiten <a href=\"https:\/\/litepack.ch\/en\/pilgerreisen\/\" data-internallinksmanager029f6b8e52c=\"6\" title=\"Pilgerreisen\">wandern<\/a>. Eng beieinander liegende F\u00e4cher sorgen f\u00fcr eine gleichm\u00e4\u00dfige Verteilung der Daunen, so dass es keine kalten Stellen gibt.<\/li>\n<li>Dieser Schlafsack verf\u00fcgt \u00fcber ein ger\u00e4umiges Fu\u00dfteil im Umschlagstil, das sich der Form Ihrer F\u00fc\u00dfe anpasst, wenn Sie auf der Seite, auf dem Bauch oder auf dem R\u00fccken liegen und die F\u00fc\u00dfe in einer entspannten Position angewinkelt haben. Durchgen\u00e4hte N\u00e4hte halten das Gewicht auf ein Minimum.<\/li>\n<li>Schwarzer Stoff auf der Innenseite f\u00fcr schnelles Trocknen.<\/li>\n<li>Sowohl das Innenfutter aus <a href=\"https:\/\/litepack.ch\/en\/material-zpacks\/\" data-internallinksmanager029f6b8e52c=\"1\" title=\"Material Zpacks\">Ventum<\/a> Ripstop-Nylon (0,51 oz\/qd) als auch die Au\u00dfenh\u00fclle sind mit einem <a href=\"https:\/\/litepack.ch\/en\/pfas-chemikalien\/\" data-internallinksmanager029f6b8e52c=\"4\" title=\"PFAS Free\">PFAS<\/a>-freien, dauerhaft wasserabweisenden C0-Material behandelt, das Regenspritzer und K\u00f6rperfeuchtigkeit abweist. Die Materialien enthalten keine sch\u00e4dlichen Chemikalien wie Flammschutzmittel.<br \/>\nDie Steppdecke hat einen Druckknopf in der Mitte, um die Seiten unter Ihnen zu sichern. Auf Wunsch kann ein<\/li>\n<li>Steppdeckengurt angebracht werden, um die Seiten an Ort und Stelle zu halten.<\/li>\n<li>Ein Druckknopf an der Oberseite h\u00e4lt die Tasche sicher am Hals geschlossen.<\/li>\n<li>Eine elastische Kordel kann um den Hals geschlungen werden, um Zugluft abzuhalten, oder man kann den Schlafsack um die Ohren ziehen. Die Tasche hat keine Kapuze &#8211; tragen Sie eine Fleece-M\u00fctze, eine <a href=\"\/en\/hersteller\/zpacks\/\" data-internallinksmanager029f6b8e52c=\"2\" title=\"Zpacks\">Zpacks<\/a> Daunenjacke mit Kapuze oder w\u00e4hlen Sie eine Nummer gr\u00f6\u00dfer, wenn Sie die Tasche um den Kopf ziehen m\u00f6chten.<\/li>\n<li>Ein Slim Dry Bag ist im Lieferumfang enthalten, und f\u00fcgt 17 Gramm, um das Gewicht aufgef\u00fchrt. Die Trockens\u00e4cke haben eine bequeme Passform und k\u00f6nnen kleiner komprimiert werden, indem man den Inhalt zusammendr\u00fcckt und das Oberteil weiter nach unten rollt.<\/li>\n<li>Hergestellt in den USA.<\/li>\n<\/ul>","protected":false},"excerpt":{"rendered":"<p>Der Summer Quilt bietet genau die richtige Menge an W\u00e4rme f\u00fcr Sommern\u00e4chte, wenn die Vorhersage \u00fcber dem Gefrierpunkt liegt. Diese<\/p>","protected":false},"featured_media":39292,"comment_status":"open","ping_status":"closed","template":"","meta":[],"product_brand":[220],"product_cat":[178],"product_tag":[],"class_list":{"0":"post-34198","1":"product","2":"type-product","3":"status-publish","4":"has-post-thumbnail","6":"product_brand-zpacks","7":"product_cat-schlafsaecke","8":"pa_hersteller-zpacks","10":"first","11":"instock","12":"taxable","13":"shipping-taxable","14":"purchasable","15":"product-type-variable","16":"has-default-attributes"},"_links":{"self":[{"href":"https:\/\/litepack.ch\/en\/wp-json\/wp\/v2\/product\/34198","targetHints":{"allow":["GET"]}}],"collection":[{"href":"https:\/\/litepack.ch\/en\/wp-json\/wp\/v2\/product"}],"about":[{"href":"https:\/\/litepack.ch\/en\/wp-json\/wp\/v2\/types\/product"}],"replies":[{"embeddable":true,"href":"https:\/\/litepack.ch\/en\/wp-json\/wp\/v2\/comments?post=34198"}],"wp:featuredmedia":[{"embeddable":true,"href":"https:\/\/litepack.ch\/en\/wp-json\/wp\/v2\/media\/39292"}],"wp:attachment":[{"href":"https:\/\/litepack.ch\/en\/wp-json\/wp\/v2\/media?parent=34198"}],"wp:term":[{"taxonomy":"product_brand","embeddable":true,"href":"https:\/\/litepack.ch\/en\/wp-json\/wp\/v2\/product_brand?post=34198"},{"taxonomy":"product_cat","embeddable":true,"href":"https:\/\/litepack.ch\/en\/wp-json\/wp\/v2\/product_cat?post=34198"},{"taxonomy":"product_tag","embeddable":true,"href":"https:\/\/litepack.ch\/en\/wp-json\/wp\/v2\/product_tag?post=34198"}],"curies":[{"name":"wp","href":"https:\/\/api.w.org\/{rel}","templated":true}]}}