{"id":1204,"date":"2025-01-30T16:14:31","date_gmt":"2025-01-30T15:14:31","guid":{"rendered":"http:\/\/dummy.xtemos.com\/woodmart2\/?post_type=product&#038;p=1204"},"modified":"2026-02-21T10:33:47","modified_gmt":"2026-02-21T09:33:47","slug":"zpacks-solo-quilt-schlafsack","status":"publish","type":"product","link":"https:\/\/litepack.ch\/en\/product\/zpacks-solo-quilt-schlafsack\/","title":{"rendered":"Zpacks Solo Quilt Schlafsack"},"content":{"rendered":"<figure class=\"wp-block-embed is-type-video is-provider-youtube wp-block-embed-youtube wp-embed-aspect-16-9 wp-has-aspect-ratio\">\r\n<div>\r\n\n<p><strong><a href=\"\/en\/hersteller\/zpacks\/\" data-internallinksmanager029f6b8e52c=\"2\" title=\"Zpacks\">Zpacks<\/a> Schlafs\u00e4cke sollen so individuell sein wie du. Darum gibt es die meisten Schlafs\u00e4cke in 7 verschiedenen Gr\u00f6ssen, damit sich jeder darin optimal wohl f\u00fchlt. Die Temperatur Varianten bieten zus\u00e4tzliche Flexibilit\u00e4t f\u00fcr jede Situation. Und das ganze bietet <a href=\"\/en\/hersteller\/zpacks\/\" data-internallinksmanager029f6b8e52c=\"2\" title=\"Zpacks\">Zpacks<\/a> dir in 4  Farben. Darum wird praktisch jeder <strong>Schlafsack<\/strong><\/strong> <strong>individuell auf deine auf Bestellung gefertigt.<\/strong><\/p>\n\n\n\n<p><\/p>\n\r\n<ul>\r\n<li>Gef\u00fcllt mit 900 cuin hochwertiger Daune von Moschusenten, zertifiziert nach dem Responsible Down Standard (RDS).<\/li>\r\n<li>Enten- und G\u00e4nsedaune ist von Natur aus wasserabweisend \u2013 aber wie jede Daune (behandelt oder unbehandelt) verliert sie ihre Bauschkraft, wenn sie l\u00e4nger Feuchtigkeit ausgesetzt ist. Unsere Moschusdaune wird ultraschallgereinigt, ist geruchsfrei und enth\u00e4lt keinerlei chemische Zus\u00e4tze oder Behandlungen.<\/li>\r\n<li>Jede Kammer ist mit 30\u202f% mehr 900 cuin Premium-Daune gef\u00fcllt als n\u00f6tig, um maximale Bauschkraft zu erreichen \u2013 so bleibt die W\u00e4rmeleistung auch nach l\u00e4ngerem Gebrauch erhalten.<\/li>\r\n<li>Vertikale Kammern im Oberk\u00f6rperbereich verhindern, dass die Daune zu den Seiten wandert. Eng gesetzte Kammern sorgen f\u00fcr gleichm\u00e4ssige Verteilung ohne K\u00e4ltebr\u00fccken. Es gibt keine durchgesteppten N\u00e4hte.<\/li>\r\n<li>Die rechteckige Fussbox ist grossz\u00fcgig geschnitten und passt sich deiner Fussposition an \u2013 egal ob du auf der Seite, dem Bauch oder dem R\u00fccken liegst, mit ausgestreckten oder angewinkelten F\u00fcssen.<\/li>\r\n<li>Das Innenfutter und die Aussenh\u00fclle bestehen aus schnelltrocknendem 17 g\/m\u00b2 <a href=\"https:\/\/litepack.ch\/en\/material-zpacks\/\" data-internallinksmanager029f6b8e52c=\"1\" title=\"Material Zpacks\">Ventum<\/a> Ripstop Nylon. Beide sind mit einer <a href=\"https:\/\/litepack.ch\/en\/pfas-chemikalien\/\" data-internallinksmanager029f6b8e52c=\"4\" title=\"PFAS Free\">PFAS<\/a>-freien C0-DWR behandelt, die Spritzwasser und K\u00f6rperfeuchtigkeit abweist. Die Materialien enthalten keine sch\u00e4dlichen Chemikalien wie Flammschutzmittel.<\/li>\r\n<li>Ein Druckknopf in der Mitte hilft, die Seiten unter dir zu fixieren. Zus\u00e4tzlich ist ein Gurt dabei, mit dem du den Quilt an deiner Isomatte befestigen kannst \u2013 so bleibst du nachts besser auf der Matte. Der Gurt wiegt 6\u202fg, falls du ihn verwendest.<\/li>\r\n<li>Ein weiterer Druckknopf am oberen Rand verschliesst den Quilt sicher.<\/li>\r\n<li>Ein elastischer Kordelzug am Hals l\u00e4sst sich eng anziehen, um Zugluft draussen zu halten \u2013 oder du ziehst den Quilt bis \u00fcber die Ohren. Der Quilt hat keine Kapuze \u2013 trage eine warme M\u00fctze, eine separate Daunenkapuze oder w\u00e4hle eine l\u00e4ngere Gr\u00f6sse, wenn du ihn bis \u00fcber den Kopf ziehen m\u00f6chtest.<\/li>\r\n<li>Ein Rolltop-Drybag ist im Lieferumfang enthalten und wiegt etwa 25,5\u202fg. Er l\u00e4sst sich durch Zusammendr\u00fccken und mehrfaches Einrollen kompakt komprimieren.<\/li>\r\n<li>Hergestellt in den USA.<\/li>\r\n<\/ul>\r\n<\/div>\r\n<div class=\"wp-block-embed__wrapper\">\r\n<p><iframe title=\"Zpacks Solo Quilt | Overview\" width=\"500\" height=\"281\" src=\"https:\/\/www.youtube.com\/embed\/_xkNRUumUAo?feature=oembed\" frameborder=\"0\" allow=\"accelerometer; autoplay; clipboard-write; encrypted-media; gyroscope; picture-in-picture; web-share\" referrerpolicy=\"strict-origin-when-cross-origin\" allowfullscreen><\/iframe><\/p>\r\n<\/div>\r\n<div>\u00a0<\/div>\r\n<\/figure>","protected":false},"excerpt":{"rendered":"<p><img decoding=\"async\" class=\"alignnone size-full wp-image-34979\" src=\"http:\/\/litepack.ch\/wp-content\/uploads\/2021\/07\/Size-Chart-10F-Solo-Quilt_7cc624a4-b949-4f1b-bfeb-f3a4156f974d.png\" alt=\"\" width=\"1080\" height=\"635\" srcset=\"https:\/\/litepack.ch\/wp-content\/uploads\/2021\/07\/Size-Chart-10F-Solo-Quilt_7cc624a4-b949-4f1b-bfeb-f3a4156f974d.png 1080w, https:\/\/litepack.ch\/wp-content\/uploads\/2021\/07\/Size-Chart-10F-Solo-Quilt_7cc624a4-b949-4f1b-bfeb-f3a4156f974d-430x253.png 430w, https:\/\/litepack.ch\/wp-content\/uploads\/2021\/07\/Size-Chart-10F-Solo-Quilt_7cc624a4-b949-4f1b-bfeb-f3a4156f974d-150x88.png 150w, https:\/\/litepack.ch\/wp-content\/uploads\/2021\/07\/Size-Chart-10F-Solo-Quilt_7cc624a4-b949-4f1b-bfeb-f3a4156f974d-700x412.png 700w, https:\/\/litepack.ch\/wp-content\/uploads\/2021\/07\/Size-Chart-10F-Solo-Quilt_7cc624a4-b949-4f1b-bfeb-f3a4156f974d-400x235.png 400w, https:\/\/litepack.ch\/wp-content\/uploads\/2021\/07\/Size-Chart-10F-Solo-Quilt_7cc624a4-b949-4f1b-bfeb-f3a4156f974d-768x452.png 768w\" sizes=\"(max-width: 1080px) 100vw, 1080px\" \/><\/p>","protected":false},"featured_media":34216,"comment_status":"open","ping_status":"closed","template":"","meta":[],"product_brand":[220],"product_cat":[178],"product_tag":[],"class_list":{"0":"post-1204","1":"product","2":"type-product","3":"status-publish","4":"has-post-thumbnail","6":"product_brand-zpacks","7":"product_cat-schlafsaecke","8":"pa_hersteller-zpacks","10":"first","11":"instock","12":"taxable","13":"shipping-taxable","14":"purchasable","15":"product-type-variable","16":"has-default-attributes"},"_links":{"self":[{"href":"https:\/\/litepack.ch\/en\/wp-json\/wp\/v2\/product\/1204","targetHints":{"allow":["GET"]}}],"collection":[{"href":"https:\/\/litepack.ch\/en\/wp-json\/wp\/v2\/product"}],"about":[{"href":"https:\/\/litepack.ch\/en\/wp-json\/wp\/v2\/types\/product"}],"replies":[{"embeddable":true,"href":"https:\/\/litepack.ch\/en\/wp-json\/wp\/v2\/comments?post=1204"}],"wp:featuredmedia":[{"embeddable":true,"href":"https:\/\/litepack.ch\/en\/wp-json\/wp\/v2\/media\/34216"}],"wp:attachment":[{"href":"https:\/\/litepack.ch\/en\/wp-json\/wp\/v2\/media?parent=1204"}],"wp:term":[{"taxonomy":"product_brand","embeddable":true,"href":"https:\/\/litepack.ch\/en\/wp-json\/wp\/v2\/product_brand?post=1204"},{"taxonomy":"product_cat","embeddable":true,"href":"https:\/\/litepack.ch\/en\/wp-json\/wp\/v2\/product_cat?post=1204"},{"taxonomy":"product_tag","embeddable":true,"href":"https:\/\/litepack.ch\/en\/wp-json\/wp\/v2\/product_tag?post=1204"}],"curies":[{"name":"wp","href":"https:\/\/api.w.org\/{rel}","templated":true}]}}