{"id":80,"date":"2025-12-27T12:14:22","date_gmt":"2025-12-27T11:14:22","guid":{"rendered":"https:\/\/zpacks.ch\/?page_id=80"},"modified":"2026-03-19T16:01:01","modified_gmt":"2026-03-19T15:01:01","slug":"impressum","status":"publish","type":"page","link":"https:\/\/litepack.ch\/en\/impressum\/","title":{"rendered":"Impressum"},"content":{"rendered":"<p><strong>Verantwortlich f\u00fcr den Inhalt<\/strong><\/p>\n\n\n\n<div class=\"wp-block-wd-image wd-block-image wd-0e80d914 wd-custom-width\"><img decoding=\"async\" width=\"390\" height=\"162\" class=\"wp-image-40782\" src=\"https:\/\/litepack.ch\/wp-content\/uploads\/2026\/01\/Bildschirmfoto-2026-01-15-um-18.25.48.png\" alt=\"\" srcset=\"https:\/\/litepack.ch\/wp-content\/uploads\/2026\/01\/Bildschirmfoto-2026-01-15-um-18.25.48.png 390w, https:\/\/litepack.ch\/wp-content\/uploads\/2026\/01\/Bildschirmfoto-2026-01-15-um-18.25.48-150x62.png 150w\" sizes=\"(max-width: 390px) 100vw, 390px\" \/><\/div>\n\n\n\n<p>support@litepack.ch<\/p>\n\n\n\n<p><strong>Vertretungsberechtigte Personen<\/strong><\/p>\n\n\n\n<figure class=\"wp-block-image size-full is-resized\"><img decoding=\"async\" width=\"320\" height=\"98\" src=\"https:\/\/litepack.ch\/wp-content\/uploads\/2025\/07\/Bildschirmfoto-2025-07-02-um-14.59.34.png\" alt=\"\" class=\"wp-image-38864\" style=\"width:160px\" srcset=\"https:\/\/litepack.ch\/wp-content\/uploads\/2025\/07\/Bildschirmfoto-2025-07-02-um-14.59.34.png 320w, https:\/\/litepack.ch\/wp-content\/uploads\/2025\/07\/Bildschirmfoto-2025-07-02-um-14.59.34-150x46.png 150w\" sizes=\"(max-width: 320px) 100vw, 320px\" \/><\/figure>\n\n\n\n<p><strong>Haftungsausschluss<\/strong><\/p>\n\n\n\n<p>Der Autor \u00fcbernimmt keinerlei Gew\u00e4hr hinsichtlich der &nbsp;inhaltlichen Richtigkeit, Genauigkeit, Aktualit\u00e4t, Zuverl\u00e4ssigkeit und Vollst\u00e4ndigkeit der Informationen.<\/p>\n\n\n\n<p>Haftungsanspr\u00fcche gegen den Autor wegen Sch\u00e4den materieller &nbsp;oder immaterieller Art, welche aus dem Zugriff oder der Nutzung bzw. &nbsp;Nichtnutzung der ver\u00f6ffentlichten Informationen, durch Missbrauch der &nbsp;Verbindung oder durch technische St\u00f6rungen entstanden sind, werden &nbsp;ausgeschlossen.<\/p>\n\n\n\n<p>Alle &nbsp;Angebote sind unverbindlich. Der Autor beh\u00e4lt es sich ausdr\u00fccklich vor, Teile &nbsp;der Seiten oder das gesamte Angebot ohne gesonderte Ank\u00fcndigung zu ver\u00e4ndern, &nbsp;zu erg\u00e4nzen, zu l\u00f6schen oder die Ver\u00f6ffentlichung zeitweise oder endg\u00fcltig &nbsp;einzustellen.<\/p>\n\n\n\n<p><strong>Haftung f\u00fcr Links<\/strong><\/p>\n\n\n\n<p>Verweise und Links auf Webseiten &nbsp;Dritter liegen ausserhalb unseres Verantwortungsbereichs Es wird jegliche Verantwortung f\u00fcr solche Webseiten &nbsp;abgelehnt. &nbsp;Der Zugriff und die Nutzung solcher Webseiten erfolgen &nbsp;auf eigene Gefahr des Nutzers oder der Nutzerin.<\/p>\n\n\n\n<p><strong>Urheberrechte<\/strong><\/p>\n\n\n\n<p>Die Urheber- und alle anderen Rechte an Inhalten, Bildern, Fotos oder anderen Dateien auf der Website geh\u00f6ren ausschliesslich dem Autor dieser Website oder den speziell genannten &nbsp;Rechtsinhabern. F\u00fcr die Reproduktion jeglicher Elemente ist die schriftliche Zustimmung der Urheberrechtstr\u00e4ger im Voraus einzuholen.<\/p>\n\n\n\n<p><strong>Privacy<\/strong><\/p>\n\n\n\n<p>Beim Zugriff auf unsere Webseiten werden folgende Daten in &nbsp;Logfiles gespeichert: IP-Adresse, Datum, Uhrzeit, Browser-Anfrage und allg. &nbsp;\u00fcbertragene Informationen zum Betriebssystem resp. Browser. Diese Nutzungsdaten &nbsp;bilden die Basis f\u00fcr statistische, anonyme Auswertungen, so dass Trends &nbsp;erkennbar sind, anhand derer wir unsere Angebote entsprechend verbessern &nbsp;k\u00f6nnen.<\/p>\n\n\n\n<p>Diese Website verwendet Cookies. Cookies sind kleine Textdateien, die beim Besuch dieser Website in Ihrem Computer dauerhaft oder tempor\u00e4r gespeichert werden. Zweck der Cookies ist insbesondere die Analyse der Nutzung dieser Website zur statistischen Auswertung sowie f\u00fcr kontinuierliche Verbesserungen.<\/p>\n\n\n\n<p>In Ihrem Browser k\u00f6nnen Sie Cookies in den Einstellungen jederzeit ganz oder teilweise deaktivieren. Bei deaktivierten Cookies stehen Ihnen allenfalls nicht mehr alle Funktionen dieser Website zur Verf\u00fcgung.<\/p>\n\n\n\n<p><strong>Datenschutzerkl\u00e4rung f\u00fcr die Nutzung von Facebook-Plugins (Like-Button)&nbsp;<\/strong><\/p>\n\n\n\n<p>Auf unseren Seiten sind Plugins des sozialen Netzwerks Facebook, 1601 &nbsp;South California Avenue, Palo Alto, CA 94304, USA integriert. Die &nbsp;Facebook-Plugins erkennen Sie an dem Facebook-Logo oder dem &nbsp;\u201eLike-Button\u201c (\u201eGef\u00e4llt mir\u201c) auf unserer Seite. Eine &nbsp;\u00dcbersicht \u00fcber die Facebook-Plugins finden Sie hier: &nbsp;http:\/\/developers.facebook.com\/docs\/plugins\/.<\/p>\n\n\n\n<p>Wenn Sie unsere Seiten besuchen, wird \u00fcber das Plugin eine direkte &nbsp;Verbindung zwischen Ihrem Browser und dem Facebook-Server hergestellt. Facebook &nbsp;erh\u00e4lt dadurch die Information, dass Sie mit Ihrer IP-Adresse unsere Seite &nbsp;besucht haben. Wenn Sie den Facebook \u201eLike-Button\u201c anklicken w\u00e4hrend &nbsp;Sie in Ihrem Facebook-Account eingeloggt sind, k\u00f6nnen Sie die Inhalte unserer &nbsp;Seiten auf Ihrem Facebook-Profil verlinken. Dadurch kann Facebook den Besuch &nbsp;unserer Seiten Ihrem Benutzerkonto zuordnen. Wir weisen darauf hin, dass wir &nbsp;als Anbieter der Seiten keine Kenntnis vom Inhalt der \u00fcbermittelten Daten sowie &nbsp;deren Nutzung durch Facebook erhalten. Weitere Informationen hierzu finden Sie &nbsp;in der Datenschutzerkl\u00e4rung von facebook unter &nbsp;https:\/\/www.facebook.com\/about\/privacy\/<\/p>\n\n\n\n<p>Wenn Sie nicht &nbsp;w\u00fcnschen, dass Facebook den Besuch unserer Seiten Ihrem Facebook-Nutzerkonto &nbsp;zuordnen kann, loggen Sie sich bitte aus Ihrem Facebook-Benutzerkonto aus.<\/p>\n\n\n\n<p><strong>Datenschutzerkl\u00e4rung f\u00fcr die Nutzung von Google Analytics<\/strong><\/p>\n\n\n\n<p>Diese Website benutzt Google Analytics, einen Webanalysedienst der &nbsp;Google Inc. (\u201eGoogle\u201c). Google Analytics verwendet sog. &nbsp;\u201eCookies\u201c, Textdateien, die auf Ihrem Computer gespeichert werden und &nbsp;die eine Analyse der Benutzung der Website durch Sie erm\u00f6glichen. Die durch den &nbsp;Cookie erzeugten Informationen \u00fcber Ihre Benutzung dieser Website werden in der &nbsp;Regel an einen Server von Google in den USA \u00fcbertragen und dort gespeichert. Im &nbsp;Falle der Aktivierung der IP-Anonymisierung auf dieser Webseite wird Ihre &nbsp;IP-Adresse von Google jedoch innerhalb von Mitgliedstaaten der Europ\u00e4ischen &nbsp;Union oder in anderen Vertragsstaaten des Abkommens \u00fcber den Europ\u00e4ischen Wirtschaftsraum &nbsp;zuvor gek\u00fcrzt.<\/p>\n\n\n\n<p>Nur in Ausnahmef\u00e4llen wird die volle IP-Adresse an einen Server von &nbsp;Google in den USA \u00fcbertragen und dort gek\u00fcrzt. Google wird diese &nbsp;Informationen benutzen, um Ihre Nutzung der Website auszuwerten, um Reports &nbsp;\u00fcber die Websiteaktivit\u00e4ten f\u00fcr die Websitebetreiber zusammenzustellen und um &nbsp;weitere mit der Websitenutzung und der Internetnutzung verbundene &nbsp;Dienstleistungen zu erbringen. Auch wird Google diese Informationen &nbsp;gegebenenfalls an Dritte \u00fcbertragen, sofern dies gesetzlich vorgeschrieben oder soweit Dritte diese Daten im Auftrag von Google verarbeiten. Die im &nbsp;Rahmen von Google Analytics von Ihrem Browser \u00fcbermittelte IP-Adresse wird &nbsp;nicht mit anderen Daten von Google zusammengef\u00fchrt.<\/p>\n\n\n\n<p>Sie k\u00f6nnen die Installation der Cookies durch eine &nbsp;entsprechende Einstellung Ihrer Browser Software verhindern; wir weisen Sie &nbsp;jedoch darauf hin, dass Sie in diesem Fall gegebenenfalls nicht s\u00e4mtliche &nbsp;Funktionen dieser Website voll umf\u00e4nglich nutzen k\u00f6nnen. Durch &nbsp;die Nutzung dieser Website erkl\u00e4ren Sie sich mit der Bearbeitung der \u00fcber Sie &nbsp;erhobenen Daten durch Google in der zuvor beschriebenen Art und Weise und zu &nbsp;dem zuvor benannten Zweck einverstanden.<\/p>\n\n\n\n<p><\/p>","protected":false},"excerpt":{"rendered":"<p>Verantwortlich f\u00fcr den Inhalt support@litepack.ch Vertretungsberechtigte Personen Haftungsausschluss Der Autor \u00fcbernimmt keinerlei Gew\u00e4hr hinsichtlich der &nbsp;inhaltlichen Richtigkeit, Genauigkeit, Aktualit\u00e4t, Zuverl\u00e4ssigkeit<\/p>","protected":false},"author":1,"featured_media":0,"parent":0,"menu_order":0,"comment_status":"closed","ping_status":"closed","template":"","meta":{"footnotes":""},"class_list":["post-80","page","type-page","status-publish","hentry"],"_links":{"self":[{"href":"https:\/\/litepack.ch\/en\/wp-json\/wp\/v2\/pages\/80","targetHints":{"allow":["GET"]}}],"collection":[{"href":"https:\/\/litepack.ch\/en\/wp-json\/wp\/v2\/pages"}],"about":[{"href":"https:\/\/litepack.ch\/en\/wp-json\/wp\/v2\/types\/page"}],"author":[{"embeddable":true,"href":"https:\/\/litepack.ch\/en\/wp-json\/wp\/v2\/users\/1"}],"replies":[{"embeddable":true,"href":"https:\/\/litepack.ch\/en\/wp-json\/wp\/v2\/comments?post=80"}],"version-history":[{"count":10,"href":"https:\/\/litepack.ch\/en\/wp-json\/wp\/v2\/pages\/80\/revisions"}],"predecessor-version":[{"id":41212,"href":"https:\/\/litepack.ch\/en\/wp-json\/wp\/v2\/pages\/80\/revisions\/41212"}],"wp:attachment":[{"href":"https:\/\/litepack.ch\/en\/wp-json\/wp\/v2\/media?parent=80"}],"curies":[{"name":"wp","href":"https:\/\/api.w.org\/{rel}","templated":true}]}}