{"id":5212,"date":"2025-12-25T07:26:28","date_gmt":"2025-12-25T06:26:28","guid":{"rendered":"http:\/\/dummy.xtemos.com\/woodmart2\/?page_id=5212"},"modified":"2026-01-13T08:14:13","modified_gmt":"2026-01-13T07:14:13","slug":"about-us","status":"publish","type":"page","link":"https:\/\/litepack.ch\/en\/about-us\/","title":{"rendered":"About us"},"content":{"rendered":"<p id=\"wd-49ca8ad7\" class=\"wp-block-wd-paragraph wd-align\">Ultralight Outdoor Gear<\/p>\n\n\n\n<h2 id=\"wd-679835ad\" class=\"wp-block-wd-title title wd-align\">LitePack Switzerland<\/h2>\n\n\n\n<p id=\"wd-81731b7c\" class=\"wp-block-wd-paragraph wd-align\">Eine Geschichte von Leichtigkeit.<\/p>\n\n\n\n<h2 class=\"wp-block-heading\">LitePack Switzerland<\/h2>\n\n\n\n<figure class=\"wp-block-image size-full is-resized\"><img decoding=\"async\" width=\"278\" height=\"52\" src=\"https:\/\/litepack.ch\/wp-content\/uploads\/2025\/07\/Bildschirmfoto-2025-07-02-um-15.01.35.png\" alt=\"\" class=\"wp-image-38867\" style=\"width:138px;height:auto\" srcset=\"https:\/\/litepack.ch\/wp-content\/uploads\/2025\/07\/Bildschirmfoto-2025-07-02-um-15.01.35.png 278w, https:\/\/litepack.ch\/wp-content\/uploads\/2025\/07\/Bildschirmfoto-2025-07-02-um-15.01.35-150x28.png 150w\" sizes=\"(max-width: 278px) 100vw, 278px\" \/><\/figure>\n\n\n\n<p>Ich bin viel unterwegs, oft mit dem Gleitschirm oder am Joggen und dabei ist Gewicht essentiell. Man f\u00e4ngt an Gramm zu z\u00e4hlen und sortiert aus. Leichte Produkte zu finden ist nicht nur einfach. Jedenfalls nicht solche, die auch belastbar sind. Denn Lightweight b\u00fcsst oftmals auch Lebensdauer ein. Diesen Kompromiss kennen wir Piloten auch bei Gleitschirmen. Mit <a href=\"https:\/\/litepack.ch\/en\/material-zpacks\/\" data-internallinksmanager029f6b8e52c=\"1\" title=\"Material Zpacks\">Dyneema<\/a>, Ultra und weiteren Materialien werden immer robustere L\u00f6sungen gefunden um diesen Nachteil zu eliminieren.<br>Als ich in mein erstes Ultraleicht-Zelt hineinkrabbelte wusste ich, dass ich es lieben werde. Und ich habe vom Portmonai bis zu Gamaschen noch viele weitere ultralight Produkte hinzugef\u00fcgt, welche ich seither nicht mehr hergeben w\u00fcrde.<br>Die Qualit\u00e4t und die Produktion ohne <a href=\"https:\/\/litepack.ch\/en\/pfas-chemikalien\/\" data-internallinksmanager029f6b8e52c=\"4\" title=\"PFAS Free\">PFAS<\/a> \u00fcberzeugen mich so sehr, dass ich irgendwann die Idee hatte die Produkte in der Schweiz anzubieten. Ein Land voller Wanderer, Bergsteigerinnen, Piloten und Outdoor Enthusiasten. Da passt LitePack einfach hinein.<\/p>\n\n\n\n<p>Das Thema <a href=\"https:\/\/litepack.ch\/en\/pfas-chemikalien\/\" data-internallinksmanager029f6b8e52c=\"4\" title=\"PFAS Free\">PFAS<\/a> ist durch aktuelle Studien sehr present. Gerade in Outdoor Equipment, Seilen, Jacken oder Schuhen, stecken eine Menge wasserabweisende Chemikalien. Mitunter solche, die unsere Gesundheit belasten. F\u00fcr <a href=\"https:\/\/litepack.ch\/en\/pfas-chemikalien\/\" data-internallinksmanager029f6b8e52c=\"4\" title=\"PFAS Free\">PFAS<\/a> existieren leider keine Grenzwerte in der Schweiz und auch erst wenige Studien zu den genauen Auswirkungen. <a href=\"https:\/\/litepack.ch\/en\/pfas-chemikalien\/\" data-internallinksmanager029f6b8e52c=\"4\" title=\"PFAS Free\">PFAS<\/a> sind mittlerweile zu einem wachsenden Problem in unserer Umwelt geworden und die Kosten f\u00fcr zuk\u00fcnftige Bereinigungen von B\u00e4den und Gew\u00e4ssern gehen in die Milliarden. Materialen wie <a href=\"https:\/\/litepack.ch\/en\/material-zpacks\/\" data-internallinksmanager029f6b8e52c=\"1\" title=\"Material Zpacks\">Dyneema<\/a> sind nicht mit <a href=\"https:\/\/litepack.ch\/en\/pfas-chemikalien\/\" data-internallinksmanager029f6b8e52c=\"4\" title=\"PFAS Free\">PFAS<\/a> behandelt und werden mit einer geringen CO2 Emission hergestellt: <a href=\"https:\/\/www.dyneema.com\/sustainability\/bio-based-dyneema-fiber\">https:\/\/www.dyneema.com\/sustainability\/bio-based-dyneema-fiber<\/a>.<\/p>\n\n\n\n<div style=\"height:24px\" aria-hidden=\"true\" class=\"wp-block-spacer\"><\/div>\n\n\n\n<h2 id=\"wd-7bfdb189\" class=\"wp-block-wd-title title wd-align\"><strong>Noch ein Hinweis in eigener Sache<\/strong><\/h2>\n\n\n\n<p id=\"wd-4577a904\" class=\"wp-block-wd-paragraph\">Die Produkte auf dieser Seite verkaufen wir als Fans fast ohne Marge und mit viel Eigenleistung. Die Begeisterung am <a href=\"https:\/\/litepack.ch\/en\/pilgerreisen\/\" data-internallinksmanager029f6b8e52c=\"6\" title=\"Pilgerreisen\">Wandern<\/a>, BikePacking, VolBiv oder Running haben mich motiviert einen Shop zu gr\u00fcnden &#8211; f\u00fcr Ultralight Produkte. Zum start haben wir <a href=\"\/en\/hersteller\/zpacks\/\" data-internallinksmanager029f6b8e52c=\"2\" title=\"Zpacks\">Zpacks<\/a> an Bord \u2764\ufe0f und sind super happy diese Brand anzubieten &#8211; es folgen weitere!<\/p>\n\n\n\n<p id=\"wd-64935b26\" class=\"wp-block-wd-paragraph wd-align\"><strong>Lieferzeiten&#8230; <\/strong><\/p>\n\n\n\n<p id=\"wd-28e695de\" class=\"wp-block-wd-paragraph wd-align\">\ud83d\udce6 Bei einem Rucksack in 3 Farben, 3 Gr\u00f6ssen und 4 G\u00fcrtell\u00e4ngen ergibt das ein Total von 36 Varianten &#8211; pro Artikel. Daher ist es f\u00fcr uns unm\u00f6glich alle Produkte und Varianten an Lager zu nehmen. Aktuell haben wir \u00fcber tausend Artikel-Varianten im Sortiment und legen kontinuierlich zu. Ausserdem m\u00f6chten wir dass du deine ideale Variante ausw\u00e4hlen kannst. Einige Produkte werden wir wohlm\u00f6glich an Lager haben, den rest bestellen wir f\u00fcr dich! Das kann auch mal 2-3 Wochen dauern.<\/p>\n\n\n\n<p id=\"wd-103f5c04\" class=\"wp-block-wd-paragraph wd-align\">\ud83d\udcb0 Eine kleine Bitte zur Zahlung. Wenn es f\u00fcr dich M\u00f6glich ist, sind wir sehr froh wenn du mit Bank\u00fcberweisung bezahlst. Wenn du uns unterst\u00fctzen willst, dann ist das der beste Weg!<\/p>\n\n\n\n<p id=\"wd-c23bd63a\" class=\"wp-block-wd-paragraph wd-align\">\ud83d\udce7 Wenn du Fragen zu den Produkten hast, oder zum Ablauf der Bestellung, melde dich gerne bei uns. Wir rufen dich auch zur\u00fcck und tauschen uns immer gerne mit Outdoor- und Lightweight Enthusiasten aus \u263a\ufe0f<\/p>\n\n\n\n<p id=\"wd-50ec9674\" class=\"wp-block-wd-paragraph\"><\/p>\n\n\n\n<p id=\"wd-8d892703\" class=\"wp-block-wd-paragraph wd-align\">Wir freuen uns auf dein Feedback oder von dir zu h\u00f6ren!<\/p>\n\n\n\n<div class=\"wp-block-buttons is-content-justification-center is-layout-flex wp-container-core-buttons-is-layout-16018d1d wp-block-buttons-is-layout-flex\">\n<div class=\"wp-block-button\"><a class=\"wp-block-button__link wp-element-button\" href=\"mailto:support@litepack.ch\" target=\"_blank\" rel=\"noreferrer noopener\">Kontakt aufnehmen<\/a><\/div>\n<\/div>\n\n\n\n<div style=\"height:100px\" aria-hidden=\"true\" class=\"wp-block-spacer\"><\/div>","protected":false},"excerpt":{"rendered":"<p>LitePack Switzerland Ich bin viel unterwegs, oft mit dem Gleitschirm oder am Joggen und dabei ist Gewicht essentiell. Man f\u00e4ngt<\/p>","protected":false},"author":1,"featured_media":0,"parent":0,"menu_order":0,"comment_status":"closed","ping_status":"closed","template":"","meta":{"footnotes":""},"class_list":["post-5212","page","type-page","status-publish","hentry"],"_links":{"self":[{"href":"https:\/\/litepack.ch\/en\/wp-json\/wp\/v2\/pages\/5212","targetHints":{"allow":["GET"]}}],"collection":[{"href":"https:\/\/litepack.ch\/en\/wp-json\/wp\/v2\/pages"}],"about":[{"href":"https:\/\/litepack.ch\/en\/wp-json\/wp\/v2\/types\/page"}],"author":[{"embeddable":true,"href":"https:\/\/litepack.ch\/en\/wp-json\/wp\/v2\/users\/1"}],"replies":[{"embeddable":true,"href":"https:\/\/litepack.ch\/en\/wp-json\/wp\/v2\/comments?post=5212"}],"version-history":[{"count":14,"href":"https:\/\/litepack.ch\/en\/wp-json\/wp\/v2\/pages\/5212\/revisions"}],"predecessor-version":[{"id":39579,"href":"https:\/\/litepack.ch\/en\/wp-json\/wp\/v2\/pages\/5212\/revisions\/39579"}],"wp:attachment":[{"href":"https:\/\/litepack.ch\/en\/wp-json\/wp\/v2\/media?parent=5212"}],"curies":[{"name":"wp","href":"https:\/\/api.w.org\/{rel}","templated":true}]}}