{"id":38843,"date":"2025-12-26T14:16:34","date_gmt":"2025-12-26T13:16:34","guid":{"rendered":"https:\/\/litepack.ch\/?page_id=38843"},"modified":"2026-01-13T08:14:29","modified_gmt":"2026-01-13T07:14:29","slug":"3f-ul-zelt-sealing","status":"publish","type":"page","link":"https:\/\/litepack.ch\/en\/3f-ul-zelt-sealing\/","title":{"rendered":"3F UL Zelt sealing"},"content":{"rendered":"<h3 id=\"wd-482b2e20\" class=\"wp-block-wd-title title\"><strong>Warum silikonbeschichtete Zelte versiegelt werden m\u00fcssen<\/strong><\/h3>\n\n\n\n<p id=\"wd-16b067f5\" class=\"wp-block-wd-paragraph\">Zelte aus silikonbeschichtetem Nylon (z.\u202fB. Lanshan Pro) sind besonders leicht, rei\u00dffest und wasserabweisend. Allerdings k\u00f6nnen beim N\u00e4hen feine L\u00f6cher entstehen, durch die Wasser eindringt.<\/p>\n\n\n\n<p id=\"wd-a20150f6\" class=\"wp-block-wd-paragraph\">Da Silikonbeschichtungen keine Klebstoffe oder Nahtb\u00e4nder (Tapes) haften lassen, ist eine werkseitige Nahtabdichtung nicht m\u00f6glich. Deshalb m\u00fcssen die N\u00e4hte von Hand mit einem geeigneten silikonbasierten Dichtmittel (z.\u202fB. GearAid SeamGrip SIL) versiegelt werden.<\/p>\n\n\n\n<p id=\"wd-3da0db0b\" class=\"wp-block-wd-paragraph\">In der Praxis reicht es oft aus, nur die stark beanspruchten oder besonders regenanf\u00e4lligen N\u00e4hte zu behandeln:<\/p>\n\n\n\n<ul class=\"wp-block-list\">\n<li>die <strong>tragenden\/zugbelasteten Hauptn\u00e4hte<\/strong> (z.\u202fB. am First)<\/li>\n\n\n\n<li>oder die besonders <strong>wasserbelasteten Bereiche<\/strong> (z.\u202fB. um den Boden, an Abspannpunkten)<\/li>\n<\/ul>\n\n\n\n<p>Durch das manuelle Versiegeln bleibt das Zelt besonders leicht und zuverl\u00e4ssig dicht \u2013 ein bew\u00e4hrter Standard bei ultraleichten Zelten.<br><br>Beim den Lanshan Pro Zelten kommt silikonbeschichtetes Material zum Einsatz, sogenanntes <strong>20\u202fDenier Silnylon<\/strong>. Darum m\u00fcssen N\u00e4hte nach-versiegelt werden. Dieser Ansatz funktioniert auch bei <strong>allen anderen silikonbeschichteten Zelten<\/strong>, nicht nur bei Lanshan.<\/p>\n\n\n\n<h2 class=\"wp-block-heading\">Welcher Kleber<\/h2>\n\n\n\n<p>Ein empohlenes Produkt ist:<br><a href=\"https:\/\/www.berg-freunde.ch\/gearaid-silnet-nahtdichter-28-ml\/\" target=\"_blank\" rel=\"noreferrer noopener\">https:\/\/www.berg-freunde.ch\/gearaid-silnet-nahtdichter-28-ml\/<br><\/a><a href=\"https:\/\/www.amazon.com\/Gear-Aid-Silicone-Sealant-Silnylon\/dp\/B0009RP8HO?th=1\" target=\"_blank\" rel=\"noreferrer noopener\">https:\/\/www.amazon.com\/Gear-Aid-Silicone-Sealant-Silnylon\/dp\/B0009RP8HO?th=1<br><\/a>Dieser Kleber ist genau f\u00fcr den Vorgang geeignet. Es gibt auch auch andere Marken mit vergleichbarem Kleber.<\/p>\n\n\n\n<p>In der offiziellen Anleitung zum Kleben wird empfohlen, den Kleber mit einem kleinen Pinsel auf die Naht aufzutragen, was auch von den meisten Menschen so gemacht wird. Wir raten jedoch von dieser Methode ab, da sie sehr schwierig anzuwenden ist und dein Zelt am Ende so aussehen k\u00f6nnte:<\/p>\n\n\n\n<figure class=\"wp-block-image size-full\"><img decoding=\"async\" width=\"237\" height=\"300\" src=\"https:\/\/litepack.ch\/wp-content\/uploads\/2025\/07\/WX20211013-221931@2x-237x300-1.png\" alt=\"\" class=\"wp-image-38854\" srcset=\"https:\/\/litepack.ch\/wp-content\/uploads\/2025\/07\/WX20211013-221931@2x-237x300-1.png 237w, https:\/\/litepack.ch\/wp-content\/uploads\/2025\/07\/WX20211013-221931@2x-237x300-1-150x190.png 150w\" sizes=\"(max-width: 237px) 100vw, 237px\" \/><\/figure>\n\n\n\n<p id=\"wd-0e500c48\" class=\"wp-block-wd-paragraph\">Wir empfehlen eine Spritze zu verwenden, die genaue Vorgehensweise wird im folgenden Video gezeigt:<\/p>\n\n\n\n<figure class=\"wp-block-embed is-type-video is-provider-youtube wp-block-embed-youtube wp-embed-aspect-16-9 wp-has-aspect-ratio\"><div class=\"wp-block-embed__wrapper\">\n<iframe title=\"How to Seam Seal a Tent with a Syringe Lanshan 1 2 Pro Vango Nemo Nortent MSR Gear Aid Luxe Six Moon\" width=\"500\" height=\"281\" src=\"https:\/\/www.youtube.com\/embed\/VkqHUlIg_VY?start=2&#038;feature=oembed\" frameborder=\"0\" allow=\"accelerometer; autoplay; clipboard-write; encrypted-media; gyroscope; picture-in-picture; web-share\" referrerpolicy=\"strict-origin-when-cross-origin\" allowfullscreen><\/iframe>\n<\/div><\/figure>\n\n\n\n<h2 class=\"wp-block-heading\">Wo muss ich sealen?<\/h2>\n\n\n\n<p>Vor dem Versiegeln muss zun\u00e4chst festgestellt werden, wo eine Versiegelung erforderlich ist. Die Stellen, die versiegelt werden m\u00fcssen, sind blau &amp; rot markiert, die optional zu versiegelnden Bereiche gelb und die Bereiche, die nicht versiegelt werden m\u00fcssen, schwarz. Wir empfehlen, nicht alle N\u00e4hte zu versiegeln, da dies das Gewicht erh\u00f6ht.<\/p>\n\n\n\n<figure class=\"wp-block-image size-full\"><img decoding=\"async\" width=\"1024\" height=\"724\" src=\"https:\/\/litepack.ch\/wp-content\/uploads\/2025\/07\/seam-sealing-instruction-1600px-1024x724-1.jpg\" alt=\"\" class=\"wp-image-38844\" srcset=\"https:\/\/litepack.ch\/wp-content\/uploads\/2025\/07\/seam-sealing-instruction-1600px-1024x724-1.jpg 1024w, https:\/\/litepack.ch\/wp-content\/uploads\/2025\/07\/seam-sealing-instruction-1600px-1024x724-1-400x283.jpg 400w, https:\/\/litepack.ch\/wp-content\/uploads\/2025\/07\/seam-sealing-instruction-1600px-1024x724-1-768x543.jpg 768w, https:\/\/litepack.ch\/wp-content\/uploads\/2025\/07\/seam-sealing-instruction-1600px-1024x724-1-430x304.jpg 430w, https:\/\/litepack.ch\/wp-content\/uploads\/2025\/07\/seam-sealing-instruction-1600px-1024x724-1-700x495.jpg 700w, https:\/\/litepack.ch\/wp-content\/uploads\/2025\/07\/seam-sealing-instruction-1600px-1024x724-1-150x106.jpg 150w\" sizes=\"(max-width: 1024px) 100vw, 1024px\" \/><\/figure>\n\n\n\n<p>Der Vorgang kann von oben nach unten durchgef\u00fchrt werden. Halten Sie die Spritze in einer Hand, die andere Hand h\u00e4lt zur Stabilisierung die Taille. Tragen Sie den Klebstoff gleichm\u00e4\u00dfig entlang der Naht auf. Tragen Sie ihn im Bereich des schwarzen UHMWPE-Flickens nach dem Auftragen mit den Fingern auf, um eine d\u00fcnne Klebstoffschicht zu bilden. Denken Sie daran, Ihre Finger danach mit Papier abzuwischen.<\/p>\n\n\n\n<p>Nachdem alle N\u00e4hte versiegelt sind, sollten Sie das Zelt nicht sofort verpacken. Je nach Leistungsf\u00e4higkeit des jeweiligen Klebstoffs m\u00fcssen Sie ihn 1 bis 12 Stunden trocknen lassen.<\/p>\n\n\n\n<p>Beispiele der zu behandelnden Stellen:<\/p>\n\n\n\n<figure class=\"wp-block-image aligncenter size-large\"><img decoding=\"async\" width=\"735\" height=\"800\" src=\"https:\/\/litepack.ch\/wp-content\/uploads\/2025\/08\/seam-sealing-standard-941x1024-1-735x800.jpg\" alt=\"\" class=\"wp-image-39569\" srcset=\"https:\/\/litepack.ch\/wp-content\/uploads\/2025\/08\/seam-sealing-standard-941x1024-1-735x800.jpg 735w, https:\/\/litepack.ch\/wp-content\/uploads\/2025\/08\/seam-sealing-standard-941x1024-1-276x300.jpg 276w, https:\/\/litepack.ch\/wp-content\/uploads\/2025\/08\/seam-sealing-standard-941x1024-1-768x836.jpg 768w, https:\/\/litepack.ch\/wp-content\/uploads\/2025\/08\/seam-sealing-standard-941x1024-1-430x468.jpg 430w, https:\/\/litepack.ch\/wp-content\/uploads\/2025\/08\/seam-sealing-standard-941x1024-1-700x762.jpg 700w, https:\/\/litepack.ch\/wp-content\/uploads\/2025\/08\/seam-sealing-standard-941x1024-1-150x163.jpg 150w, https:\/\/litepack.ch\/wp-content\/uploads\/2025\/08\/seam-sealing-standard-941x1024-1.jpg 941w\" sizes=\"(max-width: 735px) 100vw, 735px\" \/><\/figure>\n\n\n\n<h2 class=\"wp-block-heading\">H\u00e4ufige Fragen (aus den Kommentaren)<\/h2>\n\n\n\n<p id=\"wd-51c11e9a\" class=\"wp-block-wd-paragraph\"><br><strong>Muss ich auch innen versiegeln?<\/strong><\/p>\n\n\n\n<p id=\"wd-8d5945db\" class=\"wp-block-wd-paragraph\">\u201eJa, wir empfehlen, die Blauen runden Patches sowohl von innen als auch von au\u00dfen zu versiegeln.\u201c<\/p>\n\n\n\n<p id=\"wd-b961ccc4\" class=\"wp-block-wd-paragraph\"><strong>UHMWPE-Patch finger vs. spritze?<\/strong><\/p>\n\n\n\n<p id=\"wd-64a24cbf\" class=\"wp-block-wd-paragraph\">\u201eWir empfehlen, das Produkt nicht mit den Fingern auf die Au\u00dfenseite aufzutragen aus optischen Gr\u00fcnden \u2026 aber wenn Sie die Innenseite versiegeln, k\u00f6nnen Sie es mit den Fingern oder einem Pinsel auftragen.\u201c<\/p>\n\n\n\n<p id=\"wd-12e12164\" class=\"wp-block-wd-paragraph\"><strong>Muss man  das seling wiederholen?<\/strong><\/p>\n\n\n\n<p id=\"wd-86be9973\" class=\"wp-block-wd-paragraph\">\u201eNormalerweise ist es nicht notwendig, erneut zu versiegeln, es sei denn, Sie finden eine undichte Stelle.\u201c<\/p>\n\n\n\n<p id=\"wd-450f467f\" class=\"wp-block-wd-paragraph\"><strong>Alten Sealer entfernen?<\/strong><\/p>\n\n\n\n<p id=\"wd-8c0f8f23\" class=\"wp-block-wd-paragraph\">\u201eEr kann nur von Hand, also physisch entfernt werden und dann mit neuem Kleber versiegelt werden.\u201c<\/p>\n\n\n\n<p><\/p>","protected":false},"excerpt":{"rendered":"<p>Durch das manuelle Versiegeln bleibt das Zelt besonders leicht und zuverl\u00e4ssig dicht \u2013 ein bew\u00e4hrter Standard bei ultraleichten Zelten. Beim<\/p>","protected":false},"author":1,"featured_media":0,"parent":0,"menu_order":0,"comment_status":"closed","ping_status":"closed","template":"","meta":{"footnotes":""},"class_list":["post-38843","page","type-page","status-publish","hentry"],"_links":{"self":[{"href":"https:\/\/litepack.ch\/en\/wp-json\/wp\/v2\/pages\/38843","targetHints":{"allow":["GET"]}}],"collection":[{"href":"https:\/\/litepack.ch\/en\/wp-json\/wp\/v2\/pages"}],"about":[{"href":"https:\/\/litepack.ch\/en\/wp-json\/wp\/v2\/types\/page"}],"author":[{"embeddable":true,"href":"https:\/\/litepack.ch\/en\/wp-json\/wp\/v2\/users\/1"}],"replies":[{"embeddable":true,"href":"https:\/\/litepack.ch\/en\/wp-json\/wp\/v2\/comments?post=38843"}],"version-history":[{"count":11,"href":"https:\/\/litepack.ch\/en\/wp-json\/wp\/v2\/pages\/38843\/revisions"}],"predecessor-version":[{"id":39572,"href":"https:\/\/litepack.ch\/en\/wp-json\/wp\/v2\/pages\/38843\/revisions\/39572"}],"wp:attachment":[{"href":"https:\/\/litepack.ch\/en\/wp-json\/wp\/v2\/media?parent=38843"}],"curies":[{"name":"wp","href":"https:\/\/api.w.org\/{rel}","templated":true}]}}