{"id":35672,"date":"2025-12-28T00:19:33","date_gmt":"2025-12-27T23:19:33","guid":{"rendered":"http:\/\/litepack.ch\/?page_id=35672"},"modified":"2026-01-13T08:12:36","modified_gmt":"2026-01-13T07:12:36","slug":"kondensation","status":"publish","type":"page","link":"https:\/\/litepack.ch\/en\/kondensation\/","title":{"rendered":"Kondensation in Zelten"},"content":{"rendered":"<h2 class=\"wp-block-heading\">Tipps zum Umgang mit Kondenswasser in Zelten<\/h2>\n\n\n\n<p id=\"wd-986087f8\" class=\"wp-block-wd-paragraph\">Kondenswasser in einwandigen Zelten ist ein h\u00e4ufiges Ph\u00e4nomen, das durch die Kombination von Atemfeuchtigkeit, K\u00f6rperw\u00e4rme und Temperaturunterschieden zwischen Innen- und Au\u00dfenbereich entsteht. Hier sind einige Tipps, um die Bildung von Kondenswasser zu minimieren und damit umzugehen:<\/p>\n\n\n\n<p id=\"wd-9cbf1c00\" class=\"wp-block-wd-paragraph\">1. <strong>Optimale Bel\u00fcftung sicherstellen<\/strong>: Eine gute Luftzirkulation ist entscheidend. \u00d6ffne, sofern es die Wetterbedingungen zulassen, alle verf\u00fcgbaren L\u00fcftungs\u00f6ffnungen deines Zeltes. Platziere das Zelt mit den L\u00fcftern in Windrichtung, um den Luftaustausch zu f\u00f6rdern.\u00a0<\/p>\n\n\n\n<p id=\"wd-ba5e3cce\" class=\"wp-block-wd-paragraph\">2. <strong>Passenden Stellplatz w\u00e4hlen<\/strong>: Vermeide das Aufstellen des Zeltes in der N\u00e4he von Gew\u00e4ssern, auf feuchten Wiesen oder in Senken, da dort die Luftfeuchtigkeit h\u00f6her ist. Ein trockener, leicht erh\u00f6hter Standort reduziert die Kondenswasserbildung.\u00a0<\/p>\n\n\n\n<p id=\"wd-3b36039f\" class=\"wp-block-wd-paragraph\">3. <strong>Nasse Ausr\u00fcstung drau\u00dfen lagern<\/strong>: Feuchte oder nasse Kleidung und Ausr\u00fcstung sollten au\u00dferhalb des Zeltes aufbewahrt werden, um zus\u00e4tzliche Feuchtigkeitsquellen im Innenraum zu vermeiden.\u00a0<\/p>\n\n\n\n<p id=\"wd-836d99b8\" class=\"wp-block-wd-paragraph\">4. <strong>Kontakt mit der Zeltwand vermeiden<\/strong>: Achte darauf, dass Schlafsack und andere Ausr\u00fcstungsgegenst\u00e4nde nicht die Innenw\u00e4nde des Zeltes ber\u00fchren, da sich dort Kondenswasser sammeln kann.\u00a0<\/p>\n\n\n\n<p id=\"wd-cf7b794f\" class=\"wp-block-wd-paragraph\">5. <strong>Zeltunterlage verwenden<\/strong>: Eine Zeltunterlage oder Bodenplane kann als Barriere zwischen Zeltboden und feuchtem Untergrund dienen und so das Eindringen von Bodenfeuchtigkeit reduzieren.\u00a0<\/p>\n\n\n\n<p id=\"wd-bb2fa5ef\" class=\"wp-block-wd-paragraph\">6. <strong>Zelt regelm\u00e4\u00dfig l\u00fcften<\/strong>: L\u00fcfte das Zelt vor dem Schlafengehen gr\u00fcndlich, um die angesammelte Feuchtigkeit aus dem Innenraum zu entfernen.\u00a0<\/p>\n\n\n\n<p id=\"wd-4c0ecce1\" class=\"wp-block-wd-paragraph\">7. <strong>Mikrofasertuch mitnehmen<\/strong>: Ein kleines Mikrofasertuch ist hilfreich, um morgens eventuell entstandenes Kondenswasser von den Zeltw\u00e4nden abzuwischen.\u00a0<\/p>\n\n\n\n<p id=\"wd-23280092\" class=\"wp-block-wd-paragraph\">Es ist wichtig zu beachten, dass sich Kondenswasser in einwandigen Zelten nie vollst\u00e4ndig vermeiden l\u00e4sst. Durch die genannten Massnahmen kann die Feuchtigkeitsbildung jedoch deutlich reduziert werden, was den Komfort beim Campen erh\u00f6ht.<\/p>","protected":false},"excerpt":{"rendered":"<p>Tipps zum Umgang mit Kondenswasser in Zelten<\/p>","protected":false},"author":1,"featured_media":0,"parent":0,"menu_order":0,"comment_status":"closed","ping_status":"closed","template":"","meta":{"footnotes":""},"class_list":["post-35672","page","type-page","status-publish","hentry"],"_links":{"self":[{"href":"https:\/\/litepack.ch\/en\/wp-json\/wp\/v2\/pages\/35672","targetHints":{"allow":["GET"]}}],"collection":[{"href":"https:\/\/litepack.ch\/en\/wp-json\/wp\/v2\/pages"}],"about":[{"href":"https:\/\/litepack.ch\/en\/wp-json\/wp\/v2\/types\/page"}],"author":[{"embeddable":true,"href":"https:\/\/litepack.ch\/en\/wp-json\/wp\/v2\/users\/1"}],"replies":[{"embeddable":true,"href":"https:\/\/litepack.ch\/en\/wp-json\/wp\/v2\/comments?post=35672"}],"version-history":[{"count":2,"href":"https:\/\/litepack.ch\/en\/wp-json\/wp\/v2\/pages\/35672\/revisions"}],"predecessor-version":[{"id":39946,"href":"https:\/\/litepack.ch\/en\/wp-json\/wp\/v2\/pages\/35672\/revisions\/39946"}],"wp:attachment":[{"href":"https:\/\/litepack.ch\/en\/wp-json\/wp\/v2\/media?parent=35672"}],"curies":[{"name":"wp","href":"https:\/\/api.w.org\/{rel}","templated":true}]}}