{"id":34786,"date":"2025-12-05T20:26:17","date_gmt":"2025-12-05T19:26:17","guid":{"rendered":"https:\/\/zpacks.ch\/?page_id=34786"},"modified":"2026-03-30T08:20:42","modified_gmt":"2026-03-30T07:20:42","slug":"versand","status":"publish","type":"page","link":"https:\/\/litepack.ch\/en\/versand\/","title":{"rendered":"Shipping"},"content":{"rendered":"<p>\u267b\ufe0f Note: Our packaging is always upcycled. We collect the boxes from various collection points and give them another life in the recycling cycle. Please don\u2019t be surprised if your package has a different brand\u2019s label on it.<\/p>\n\n\n\n<h3 class=\"wp-block-wd-title title wd-9762659c\">\ud83c\udde8\ud83c\udded&nbsp;<strong>Switzerland<\/strong><\/h3>\n\n\n\n<p>Shipping to&nbsp;<strong>Switzerland and Liechtenstein<\/strong>&nbsp;are handled by Swiss Post.<\/p>\n\n\n\n<p class=\"wp-block-wd-paragraph wd-ceddec5b\"><strong>Prices<\/strong><br>Shipping costs are a flat rate of CHF 8.50.<br>Free shipping is available on orders of CHF 500 or more.<\/p>\n\n\n\n<p class=\"wp-block-wd-paragraph wd-ad5d288e\"><strong>Delivery time<\/strong><br>Delivery typically takes 2\u20134 business days within Switzerland for items that are in stock.<br>For items that are out of stock, the estimated delivery time is 2\u20133 weeks. If you have any questions about specific delivery times, please feel free to contact us by email.<\/p>\n\n\n\n\n\n<div class=\"wp-block-wd-accordion wd-accordion wd-style-default wd-titles-start wd-opener-style-arrow wd-opener-pos-end wd-fe008563\" data-state=\"first\">\n<div class=\"wp-block-wd-accordion-pane wd-accordion-item wd-966e5d81\"><div class=\"wd-accordion-title wd-role-btn wd-active\" tabindex=\"0\"><div class=\"wd-accordion-title-text\"><span><strong>Wichtige Info: \u2b07\ufe0f<\/strong><\/span><\/div><span class=\"wd-accordion-opener\"><\/span><\/div><div class=\"wd-accordion-content wd-active\"><div class=\"wd-accordion-content-inner\">\n<p>Bei einem Rucksack in 3 Farben, 3 Gr\u00f6ssen und 4 G\u00fcrtell\u00e4ngen ergibt das ein Total von 36 Varianten \u2013 pro Artikel. Daher ist es f\u00fcr uns unm\u00f6glich alle Produkte und Varianten an Lager zu nehmen. Aktuell haben wir \u00fcber tausend Artikel-Varianten im Sortiment und legen kontinuierlich zu. Ausserdem m\u00f6chten wir dass du deine ideale Variante ausw\u00e4hlen kannst. Einige Produkte werden wir wohlm\u00f6glich an Lager haben, den Rest bestellen wir f\u00fcr dich! Das kann auch mal 2-3 Wochen dauern. Wir haben viele Artikel an Lager aber nicht alle.<br>Der Import der Waren aus den USA l\u00e4uft \u00fcber UPS. Dieser Service ist leider oft unzuverl\u00e4ssig und kann im Moment leider nicht ge\u00e4ndert werden. Da UPS teilweise unbegr\u00fcndet Lieferdaten verschiebt oder P\u00e4ckchen verliert, hat das grosse Auswirkungen auf die Versandzeiten! Wir sind dem ausgeliefert und k\u00f6nnen den Import nicht beeinflussen. Daher bitten wir um Verst\u00e4ndnis wenn zu Lieferverz\u00f6gerungen kommen sollte.<\/p>\n<\/div><\/div><\/div>\n<\/div>\n\n\n\n<h3 class=\"wp-block-heading\">Lieferzeiten-Hinweis<\/h3>\n\n\n\n<p>Aktuell ist es schwierig den Import aus den USA zeitlich abzusch\u00e4tzen. Das betrifft alle Artikel die aktuell nicht an Lager sind. Es scheint dass die aktuelle Handels- und Zollpolitik alle Prozesse verlangsamt. Die Ware kommt auf jeden Fall bei dir an, aber kann sich verz\u00f6gern.<\/p>\n\n\n\n<p><\/p>","protected":false},"excerpt":{"rendered":"<p>\u267b\ufe0f Hinweis: Unsere Verpackungen sind immer upcycling. Wir holen die Kartons aus verschiedenen Depots und schenken ihnen noch eine weitere<\/p>","protected":false},"author":1,"featured_media":0,"parent":0,"menu_order":0,"comment_status":"closed","ping_status":"closed","template":"","meta":{"footnotes":""},"class_list":["post-34786","page","type-page","status-publish","hentry"],"_links":{"self":[{"href":"https:\/\/litepack.ch\/en\/wp-json\/wp\/v2\/pages\/34786","targetHints":{"allow":["GET"]}}],"collection":[{"href":"https:\/\/litepack.ch\/en\/wp-json\/wp\/v2\/pages"}],"about":[{"href":"https:\/\/litepack.ch\/en\/wp-json\/wp\/v2\/types\/page"}],"author":[{"embeddable":true,"href":"https:\/\/litepack.ch\/en\/wp-json\/wp\/v2\/users\/1"}],"replies":[{"embeddable":true,"href":"https:\/\/litepack.ch\/en\/wp-json\/wp\/v2\/comments?post=34786"}],"version-history":[{"count":24,"href":"https:\/\/litepack.ch\/en\/wp-json\/wp\/v2\/pages\/34786\/revisions"}],"predecessor-version":[{"id":41326,"href":"https:\/\/litepack.ch\/en\/wp-json\/wp\/v2\/pages\/34786\/revisions\/41326"}],"wp:attachment":[{"href":"https:\/\/litepack.ch\/en\/wp-json\/wp\/v2\/media?parent=34786"}],"curies":[{"name":"wp","href":"https:\/\/api.w.org\/{rel}","templated":true}]}}